{"id":1051,"date":"2016-11-15T13:39:41","date_gmt":"2016-11-15T18:39:41","guid":{"rendered":"http:\/\/www.delasalle.qc.ca\/?page_id=1051"},"modified":"2018-06-10T07:58:56","modified_gmt":"2018-06-10T11:58:56","slug":"histoire","status":"publish","type":"page","link":"https:\/\/www.delasalle.qc.ca\/?page_id=1051","title":{"rendered":"Histoire"},"content":{"rendered":"<p>Veuillez noter que ce site est actuellement en construction pour comprendre les \u00e9l\u00e9ments suivants:<\/p>\n<p><a href=\"https:\/\/www.delasalle.qc.ca\/?page_id=3355\"><span style=\"color: #0000ff;\"><strong>R\u00e9flexions sur la pratique p\u00e9dagogique<\/strong><\/span><\/a><\/p>\n<p><strong>Revues publi\u00e9es par les fr\u00e8res au Qu\u00e9bec<\/strong><\/p>\n<p><strong>Peintures des fr\u00e8res du Qu\u00e9bec<\/strong><\/p>\n<p><strong>Sculptures<\/strong><\/p>\n<p><strong>Cartographie des \u00e9coles des fr\u00e8res au Qu\u00e9bec<\/strong><\/p>\n<p><a href=\"https:\/\/www.delasalle.qc.ca\/?page_id=3518&amp;preview=true\"><strong>Toutes les oeuvres des Fr\u00e8res depuis 1837<\/strong><\/a><\/p>\n","protected":false},"excerpt":{"rendered":"<p>Veuillez noter que ce site est actuellement en construction pour comprendre les \u00e9l\u00e9ments suivants: R\u00e9flexions sur la pratique p\u00e9dagogique Revues publi\u00e9es par les fr\u00e8res au Qu\u00e9bec Peintures des fr\u00e8res du Qu\u00e9bec Sculptures Cartographie des \u00e9coles des fr\u00e8res au Qu\u00e9bec Toutes les oeuvres des Fr\u00e8res depuis 1837<\/p>\n","protected":false},"author":1,"featured_media":0,"parent":0,"menu_order":0,"comment_status":"closed","ping_status":"closed","template":"","meta":{"_bbp_topic_count":0,"_bbp_reply_count":0,"_bbp_total_topic_count":0,"_bbp_total_reply_count":0,"_bbp_voice_count":0,"_bbp_anonymous_reply_count":0,"_bbp_topic_count_hidden":0,"_bbp_reply_count_hidden":0,"_bbp_forum_subforum_count":0,"footnotes":""},"class_list":["post-1051","page","type-page","status-publish","hentry"],"_links":{"self":[{"href":"https:\/\/www.delasalle.qc.ca\/index.php?rest_route=\/wp\/v2\/pages\/1051","targetHints":{"allow":["GET"]}}],"collection":[{"href":"https:\/\/www.delasalle.qc.ca\/index.php?rest_route=\/wp\/v2\/pages"}],"about":[{"href":"https:\/\/www.delasalle.qc.ca\/index.php?rest_route=\/wp\/v2\/types\/page"}],"author":[{"embeddable":true,"href":"https:\/\/www.delasalle.qc.ca\/index.php?rest_route=\/wp\/v2\/users\/1"}],"replies":[{"embeddable":true,"href":"https:\/\/www.delasalle.qc.ca\/index.php?rest_route=%2Fwp%2Fv2%2Fcomments&post=1051"}],"version-history":[{"count":8,"href":"https:\/\/www.delasalle.qc.ca\/index.php?rest_route=\/wp\/v2\/pages\/1051\/revisions"}],"predecessor-version":[{"id":3787,"href":"https:\/\/www.delasalle.qc.ca\/index.php?rest_route=\/wp\/v2\/pages\/1051\/revisions\/3787"}],"wp:attachment":[{"href":"https:\/\/www.delasalle.qc.ca\/index.php?rest_route=%2Fwp%2Fv2%2Fmedia&parent=1051"}],"curies":[{"name":"wp","href":"https:\/\/api.w.org\/{rel}","templated":true}]}}