{"id":1159,"date":"2017-01-05T13:34:38","date_gmt":"2017-01-05T18:34:38","guid":{"rendered":"http:\/\/www.delasalle.qc.ca\/?page_id=1159"},"modified":"2018-05-09T13:05:00","modified_gmt":"2018-05-09T17:05:00","slug":"revue-de-la-relan-de-la-salle-today","status":"publish","type":"page","link":"https:\/\/www.delasalle.qc.ca\/?page_id=1159","title":{"rendered":"Revue de la RELAN: De La Salle Today"},"content":{"rendered":"<p>La revue De La Salle Today est un incontournable pour saisir la vie de la mission lasallienne au sein de la r\u00e9gion de l&rsquo;Am\u00e9rique du Nord. Essentiellement r\u00e9dig\u00e9e en anglais, cette revue comprend n\u00e9anmoins des articles traduits en fran\u00e7ais. Des num\u00e9ros portants sur des th\u00e8mes d\u2019actualit\u00e9 sont publi\u00e9s enti\u00e8rement\u00a0en fran\u00e7ais.<\/p>\n<p>Bonne lecture!<\/p>\n<p><a href=\"https:\/\/www.delasalle.qc.ca\/wp-content\/uploads\/2017\/05\/DLST-Spring-2017-French.pdf\">DeLaSalle Today Fran\u00e7ais, printemps 2017<\/a><\/p>\n<p><a href=\"https:\/\/www.delasalle.qc.ca\/wp-content\/uploads\/2017\/05\/De-La-Salle-Magazine-Spring-2017-FINAL.pdf\">DeLaSalle Today &#8211; Spring 2017<\/a><\/p>\n<p><a href=\"https:\/\/www.delasalle.qc.ca\/wp-content\/uploads\/2017\/01\/De-La-Salle-Today-Autumn-2016-FRENCH.pdf\">De La Salle Today, le leadership lasallien, automne 2016<\/a><\/p>\n<p><a href=\"https:\/\/www.delasalle.qc.ca\/wp-content\/uploads\/2017\/01\/DeLaSalle-Today-Automn-2016.pdf\">De La Salle Today &#8211; Automn 2016<\/a><\/p>\n<p><a href=\"https:\/\/www.delasalle.qc.ca\/wp-content\/uploads\/2018\/04\/De-La-Salle-Today-Spring-2018-FINAL-ISSUU.pdf\">De La Salle Today &#8211; Spring 2018<\/a><\/p>\n","protected":false},"excerpt":{"rendered":"<p>La revue De La Salle Today est un incontournable pour saisir la vie de la mission lasallienne au sein de la r\u00e9gion de l&rsquo;Am\u00e9rique du Nord. Essentiellement r\u00e9dig\u00e9e en anglais, cette revue comprend n\u00e9anmoins des articles traduits en fran\u00e7ais. Des num\u00e9ros portants sur des th\u00e8mes d\u2019actualit\u00e9 sont publi\u00e9s enti\u00e8rement\u00a0en fran\u00e7ais. Bonne lecture! DeLaSalle Today Fran\u00e7ais,&hellip;<\/p>\n","protected":false},"author":1,"featured_media":0,"parent":202,"menu_order":1,"comment_status":"closed","ping_status":"closed","template":"","meta":{"_bbp_topic_count":0,"_bbp_reply_count":0,"_bbp_total_topic_count":0,"_bbp_total_reply_count":0,"_bbp_voice_count":0,"_bbp_anonymous_reply_count":0,"_bbp_topic_count_hidden":0,"_bbp_reply_count_hidden":0,"_bbp_forum_subforum_count":0,"footnotes":""},"class_list":["post-1159","page","type-page","status-publish","hentry"],"_links":{"self":[{"href":"https:\/\/www.delasalle.qc.ca\/index.php?rest_route=\/wp\/v2\/pages\/1159","targetHints":{"allow":["GET"]}}],"collection":[{"href":"https:\/\/www.delasalle.qc.ca\/index.php?rest_route=\/wp\/v2\/pages"}],"about":[{"href":"https:\/\/www.delasalle.qc.ca\/index.php?rest_route=\/wp\/v2\/types\/page"}],"author":[{"embeddable":true,"href":"https:\/\/www.delasalle.qc.ca\/index.php?rest_route=\/wp\/v2\/users\/1"}],"replies":[{"embeddable":true,"href":"https:\/\/www.delasalle.qc.ca\/index.php?rest_route=%2Fwp%2Fv2%2Fcomments&post=1159"}],"version-history":[{"count":7,"href":"https:\/\/www.delasalle.qc.ca\/index.php?rest_route=\/wp\/v2\/pages\/1159\/revisions"}],"predecessor-version":[{"id":3592,"href":"https:\/\/www.delasalle.qc.ca\/index.php?rest_route=\/wp\/v2\/pages\/1159\/revisions\/3592"}],"up":[{"embeddable":true,"href":"https:\/\/www.delasalle.qc.ca\/index.php?rest_route=\/wp\/v2\/pages\/202"}],"wp:attachment":[{"href":"https:\/\/www.delasalle.qc.ca\/index.php?rest_route=%2Fwp%2Fv2%2Fmedia&parent=1159"}],"curies":[{"name":"wp","href":"https:\/\/api.w.org\/{rel}","templated":true}]}}