{"id":122,"date":"2016-04-27T19:10:56","date_gmt":"2016-04-27T18:10:56","guid":{"rendered":"http:\/\/www.mediahostsolutions.net\/lasalle\/?page_id=122"},"modified":"2017-11-22T14:43:50","modified_gmt":"2017-11-22T19:43:50","slug":"centre-notre-dame-de-la-rouge","status":"publish","type":"page","link":"https:\/\/www.delasalle.qc.ca\/?page_id=122","title":{"rendered":"Centre Notre-Dame-de-la-Rouge"},"content":{"rendered":"<p><img loading=\"lazy\" decoding=\"async\" class=\"alignnone size-full wp-image-2243\" src=\"https:\/\/www.delasalle.qc.ca\/wp-content\/uploads\/2017\/11\/CNDR-logo2016-Final-fondblanc-petit-e1509705557948.jpg\" alt=\"\" width=\"600\" height=\"269\" \/><\/p>\n<p>Situ\u00e9 au confluent de la Rouge et de la rivi\u00e8re des Outaouais, le<strong> Centre Notre-Dame-de-la-Rouge<\/strong> est un lieu propice au recueillement, \u00e0 la d\u00e9tente, \u00e0 la croissance humaine et chr\u00e9tienne. De septembre \u00e0 juin, des animateurs exp\u00e9riment\u00e9s et comp\u00e9tents accueillent des groupes de jeunes qui d\u00e9sirent vivre une exp\u00e9rience valorisante.<\/p>\n<p>L&rsquo;\u00e9t\u00e9, le\u00a0camp pastoral pour les jeunes de 17 ans, leur permet de vivre dans un cadre champ\u00eatre des amiti\u00e9s intenses et une spiritualit\u00e9 centr\u00e9e sur J\u00e9sus Christ. \u00a0Les plus jeunes, de 8 \u00e0 11 ans, sous la responsabilit\u00e9 d&rsquo;un moniteur et d&rsquo;une monitrice dynamiques et attentionn\u00e9s seront entra\u00een\u00e9s dans un monde empreint d&rsquo;imaginaire et de cr\u00e9ativit\u00e9&#8230;Tout est en place pour la grande aventure du merveilleux!<\/p>\n<p><strong>Centre Notre-Dame-de-la-Rouge<br \/>\n<\/strong>2311, route 148<br \/>\nGrenville-sur-la-Rouge, QC<br \/>\nJ0V 1B0<br \/>\n819-242-7846<\/p>\n<p><a href=\"mailto:info@camplarougte.qc.ca\"><strong>info@camplarougte.qc.ca<\/strong><\/a><\/p>\n<p><strong>Visitez le site :\u00a0<\/strong><a href=\"http:\/\/www.camplarouge.qc.ca\/\"><strong>www.camplarouge.qc.ca<\/strong><\/a><\/p>\n<p><a href=\"https:\/\/www.delasalle.qc.ca\/wp-content\/uploads\/2017\/11\/Pr\u00e9sentation-en-diap-du-Centre-Notre-Dame-de-la-Rouge-aux-organismes-ext\u00e9rieurs-2016.pdf\">Pr\u00e9sentation des activit\u00e9s du Centre Notre Dame de la Rouge<\/a><\/p>\n<p><a href=\"https:\/\/www.youtube.com\/watch?v=Vf-ZG49ORqo\">Vid\u00e9o corporative du Centre Notre-Dame de La Rouge<\/a><\/p>\n\n<div class=\"youtube-embed\" itemprop=\"video\" itemscope itemtype=\"https:\/\/schema.org\/VideoObject\">\n\t<meta itemprop=\"url\" content=\"https:\/\/www.youtube.com\/v\/Vf-ZG49ORqo\" \/>\n\t<meta itemprop=\"name\" content=\"Centre Notre-Dame-de-la-Rouge\" \/>\n\t<meta itemprop=\"description\" content=\"Centre Notre-Dame-de-la-Rouge\" \/>\n\t<meta itemprop=\"uploadDate\" content=\"2016-04-27T19:10:56-04:00\" \/>\n\t<meta itemprop=\"thumbnailUrl\" content=\"https:\/\/i.ytimg.com\/vi\/Vf-ZG49ORqo\/default.jpg\" \/>\n\t<meta itemprop=\"embedUrl\" content=\"https:\/\/www.youtube.com\/embed\/Vf-ZG49ORqo\" \/>\n\t<meta itemprop=\"height\" content=\"340\" \/>\n\t<meta itemprop=\"width\" content=\"560\" \/>\n\t<iframe loading=\"lazy\" style=\"border: 0;\" class=\"youtube-player\" width=\"560\" height=\"340\" src=\"https:\/\/www.youtube.com\/embed\/Vf-ZG49ORqo\" allowfullscreen><\/iframe>\n<\/div>\n\n","protected":false},"excerpt":{"rendered":"<p>Situ\u00e9 au confluent de la Rouge et de la rivi\u00e8re des Outaouais, le Centre Notre-Dame-de-la-Rouge est un lieu propice au recueillement, \u00e0 la d\u00e9tente, \u00e0 la croissance humaine et chr\u00e9tienne. De septembre \u00e0 juin, des animateurs exp\u00e9riment\u00e9s et comp\u00e9tents accueillent des groupes de jeunes qui d\u00e9sirent vivre une exp\u00e9rience valorisante. L&rsquo;\u00e9t\u00e9, le\u00a0camp pastoral pour les&hellip;<\/p>\n","protected":false},"author":1,"featured_media":0,"parent":0,"menu_order":0,"comment_status":"closed","ping_status":"closed","template":"","meta":{"_bbp_topic_count":0,"_bbp_reply_count":0,"_bbp_total_topic_count":0,"_bbp_total_reply_count":0,"_bbp_voice_count":0,"_bbp_anonymous_reply_count":0,"_bbp_topic_count_hidden":0,"_bbp_reply_count_hidden":0,"_bbp_forum_subforum_count":0,"footnotes":""},"class_list":["post-122","page","type-page","status-publish","hentry"],"_links":{"self":[{"href":"https:\/\/www.delasalle.qc.ca\/index.php?rest_route=\/wp\/v2\/pages\/122","targetHints":{"allow":["GET"]}}],"collection":[{"href":"https:\/\/www.delasalle.qc.ca\/index.php?rest_route=\/wp\/v2\/pages"}],"about":[{"href":"https:\/\/www.delasalle.qc.ca\/index.php?rest_route=\/wp\/v2\/types\/page"}],"author":[{"embeddable":true,"href":"https:\/\/www.delasalle.qc.ca\/index.php?rest_route=\/wp\/v2\/users\/1"}],"replies":[{"embeddable":true,"href":"https:\/\/www.delasalle.qc.ca\/index.php?rest_route=%2Fwp%2Fv2%2Fcomments&post=122"}],"version-history":[{"count":12,"href":"https:\/\/www.delasalle.qc.ca\/index.php?rest_route=\/wp\/v2\/pages\/122\/revisions"}],"predecessor-version":[{"id":2282,"href":"https:\/\/www.delasalle.qc.ca\/index.php?rest_route=\/wp\/v2\/pages\/122\/revisions\/2282"}],"wp:attachment":[{"href":"https:\/\/www.delasalle.qc.ca\/index.php?rest_route=%2Fwp%2Fv2%2Fmedia&parent=122"}],"curies":[{"name":"wp","href":"https:\/\/api.w.org\/{rel}","templated":true}]}}