{"id":126,"date":"2016-04-27T19:40:29","date_gmt":"2016-04-27T18:40:29","guid":{"rendered":"http:\/\/www.mediahostsolutions.net\/lasalle\/?page_id=126"},"modified":"2017-11-03T06:52:32","modified_gmt":"2017-11-03T10:52:32","slug":"villa-des-jeunes","status":"publish","type":"page","link":"https:\/\/www.delasalle.qc.ca\/?page_id=126","title":{"rendered":"Villa des Jeunes"},"content":{"rendered":"<p><img loading=\"lazy\" decoding=\"async\" class=\"alignnone size-full wp-image-2248\" src=\"https:\/\/www.delasalle.qc.ca\/wp-content\/uploads\/2016\/04\/logo-villa-des-jeunes-copie.jpg\" alt=\"\" width=\"440\" height=\"176\" srcset=\"https:\/\/www.delasalle.qc.ca\/wp-content\/uploads\/2016\/04\/logo-villa-des-jeunes-copie.jpg 440w, https:\/\/www.delasalle.qc.ca\/wp-content\/uploads\/2016\/04\/logo-villa-des-jeunes-copie-300x120.jpg 300w\" sizes=\"auto, (max-width: 440px) 100vw, 440px\" \/><\/p>\n<p>La Villa des Jeunes est un centre d\u2019animation pastorale o\u00f9 des jeunes viennent pour approfondir des valeurs humaines et chr\u00e9tiennes.\u00a0 Le lieu et les activit\u00e9s propos\u00e9es\u00a0 favorisent le d\u00e9veloppement de la personnalit\u00e9 et le cheminement personnel dans la rencontre avec soi-m\u00eame.<\/p>\n<p><strong>Villa des Jeunes<\/strong><br \/>\n4860, rue Saint-F\u00e9lix<br \/>\nSaint-Augustin-de-Desmaures, QC<br \/>\nG3A 0L5<br \/>\n418-872-5831<\/p>\n<p><strong>Visitez le site :<\/strong><\/p>\n<p><a href=\"http:\/\/www.villadesjeunes.com\/\"><strong>www.villadesjeunes.com<\/strong><\/a><\/p>\n","protected":false},"excerpt":{"rendered":"<p>La Villa des Jeunes est un centre d\u2019animation pastorale o\u00f9 des jeunes viennent pour approfondir des valeurs humaines et chr\u00e9tiennes.\u00a0 Le lieu et les activit\u00e9s propos\u00e9es\u00a0 favorisent le d\u00e9veloppement de la personnalit\u00e9 et le cheminement personnel dans la rencontre avec soi-m\u00eame. Villa des Jeunes 4860, rue Saint-F\u00e9lix Saint-Augustin-de-Desmaures, QC G3A 0L5 418-872-5831 Visitez le site&hellip;<\/p>\n","protected":false},"author":1,"featured_media":0,"parent":0,"menu_order":0,"comment_status":"closed","ping_status":"closed","template":"","meta":{"_bbp_topic_count":0,"_bbp_reply_count":0,"_bbp_total_topic_count":0,"_bbp_total_reply_count":0,"_bbp_voice_count":0,"_bbp_anonymous_reply_count":0,"_bbp_topic_count_hidden":0,"_bbp_reply_count_hidden":0,"_bbp_forum_subforum_count":0,"footnotes":""},"class_list":["post-126","page","type-page","status-publish","hentry"],"_links":{"self":[{"href":"https:\/\/www.delasalle.qc.ca\/index.php?rest_route=\/wp\/v2\/pages\/126","targetHints":{"allow":["GET"]}}],"collection":[{"href":"https:\/\/www.delasalle.qc.ca\/index.php?rest_route=\/wp\/v2\/pages"}],"about":[{"href":"https:\/\/www.delasalle.qc.ca\/index.php?rest_route=\/wp\/v2\/types\/page"}],"author":[{"embeddable":true,"href":"https:\/\/www.delasalle.qc.ca\/index.php?rest_route=\/wp\/v2\/users\/1"}],"replies":[{"embeddable":true,"href":"https:\/\/www.delasalle.qc.ca\/index.php?rest_route=%2Fwp%2Fv2%2Fcomments&post=126"}],"version-history":[{"count":4,"href":"https:\/\/www.delasalle.qc.ca\/index.php?rest_route=\/wp\/v2\/pages\/126\/revisions"}],"predecessor-version":[{"id":2250,"href":"https:\/\/www.delasalle.qc.ca\/index.php?rest_route=\/wp\/v2\/pages\/126\/revisions\/2250"}],"wp:attachment":[{"href":"https:\/\/www.delasalle.qc.ca\/index.php?rest_route=%2Fwp%2Fv2%2Fmedia&parent=126"}],"curies":[{"name":"wp","href":"https:\/\/api.w.org\/{rel}","templated":true}]}}