{"id":1360,"date":"2017-04-18T10:27:11","date_gmt":"2017-04-18T14:27:11","guid":{"rendered":"http:\/\/www.delasalle.qc.ca\/?page_id=1360"},"modified":"2017-04-22T13:56:05","modified_gmt":"2017-04-22T17:56:05","slug":"rayonnement-de-joie","status":"publish","type":"page","link":"https:\/\/www.delasalle.qc.ca\/?page_id=1360","title":{"rendered":"Rayonnement de sa joie"},"content":{"rendered":"<h3>Adolphe Chatillon a v\u00e9cu dans une ambiance musicale et donc de joie dans une famille d\u2019artistes.<\/h3>\n<h3><strong>Le chant<\/strong><\/h3>\n<blockquote><p><img loading=\"lazy\" decoding=\"async\" class=\"size-full wp-image-1362 alignleft\" src=\"https:\/\/www.delasalle.qc.ca\/wp-content\/uploads\/2017\/04\/joie-1.png\" alt=\"\" width=\"262\" height=\"337\" srcset=\"https:\/\/www.delasalle.qc.ca\/wp-content\/uploads\/2017\/04\/joie-1.png 262w, https:\/\/www.delasalle.qc.ca\/wp-content\/uploads\/2017\/04\/joie-1-233x300.png 233w\" sizes=\"auto, (max-width: 262px) 100vw, 262px\" \/>\u00abJe suis encore, et toujours je serai le petit <em>six-pence<\/em> bien na\u00eff qu\u2019on envoyait chanter \u00ab\u00a0roule ta bosse\u2026\u00a0\u00bb \u00e0 la porte du couvent ou au presbyt\u00e8re.\u00bb \u00a0\u00a0\u00a0 (Lettre \u00e0 son fr\u00e8re Robert, o.m.i.- 27-12-1920, pi\u00e8ce 60)<\/p>\n<p><em>\u00ab<\/em><em>Mais je m\u2019ennuie de ne plus tant chanter. Il me semble que pour nous les Chatillon, il y aura toujours des fibres qui vibrent\u00a0: \u00c9douard chantera tant, qu\u2019il en mourra, Edmond toujours un air \u00e0 fredonner et, comme toi, il a le sublime honneur de chanter au saint autel, et toi, mon cher Robert, ton piano ni ton violon n\u2019ont eu autant de r\u00e9sonance que ton \u00e2me toujours chantante. <\/em><\/p>\n<p><em>[\u2026] et notre ch\u00e8re Octavie! elle a d\u00fb mettre une sourdine \u00e0 ses go\u00fbts; les soucis d\u2019une famille, le train du m\u00e9nage ont un peu \u00e9teint le feu sacr\u00e9, mais elle s\u2019est mise \u00e0 roucouler. Pour moi, j\u2019ai toujours chant\u00e9 et quand j\u2019ai senti parfois un nuage \u00e9pais s\u2019appesantir sur moi, c\u2019est que j\u2019avais oubli\u00e9 ma chanson. Je n\u2019ai pas chant\u00e9 \u00e0 mon aise, il me semble que quelque chose manque \u00e0 ma voix, \u00e0 mes poumons; j\u2019ai h\u00e2te au ciel pour pousser quelques gammes sonores pour chanter Marie, pour chanter J\u00e9sus, pour chanter le Dieu trois fois saint ! Oh, qu\u2019il fera bon s\u2019y retrouver, toute cette famille de Chatillon et d\u2019Alexandre.\u00bb (Lettre au m\u00eame, 25-12-1923 p. 79)<\/em><\/p><\/blockquote>\n<p><em>\u00a0<\/em><\/p>\n<h3><strong>L\u2019enthousiasme<\/strong><\/h3>\n<blockquote><p>\u00abAvec toi j\u2019ai fredonn\u00e9\u00a0: <em>Ave Maria,<\/em> car voici \u00ab\u00a0 la r\u00e9-sainte\u00a0\u00bb<a href=\"#_ftn1\" name=\"_ftnref1\">[1]<\/a>. J\u2019aurais voulu crier \u00e0 tue-t\u00eate, comme dans la petite cour de la grande maison blanche ! \u00a0[au temps de notre enfance heureuse ]<\/p><\/blockquote>\n<h3>(Lettre au m\u00eame 30-04-1926 p. 99)<\/h3>\n<p>&nbsp;<\/p>\n<h3><strong>L\u2019accueil et le sourire\u00a0\u00a0 tout au long de sa vie<\/strong><\/h3>\n<h3><img loading=\"lazy\" decoding=\"async\" class=\"size-full wp-image-1363 alignleft\" src=\"https:\/\/www.delasalle.qc.ca\/wp-content\/uploads\/2017\/04\/joie-2.png\" alt=\"\" width=\"453\" height=\"316\" srcset=\"https:\/\/www.delasalle.qc.ca\/wp-content\/uploads\/2017\/04\/joie-2.png 453w, https:\/\/www.delasalle.qc.ca\/wp-content\/uploads\/2017\/04\/joie-2-300x209.png 300w\" sizes=\"auto, (max-width: 453px) 100vw, 453px\" \/>D\u00e8s 1902, au stage du second-noviciat\u00a0 il exprime son d\u00e9sir: \u00abDemander la joie.\u00bb<strong> \u00ab<\/strong>\u00catre bon avec les novices. \u00catre joyeux. La joie! la joie! (1919) &#8212; Excuser \u2013 \u00eatre affable- Joie. \u00a0(1920) &#8211; Rien ne dure de ce qui se fait sans la joie. (1922)<\/h3>\n<p><a href=\"#_ftnref1\" name=\"_ftn1\">[1]<\/a> D\u00e9formation de \u00ab\u00a0l\u2019heure sainte\u00a0\u00bb, comme chantaient les enfants \u00ab\u00a0dans la petite cour\u00a0\u00bb.<\/p>\n<p>&nbsp;<\/p>\n<p>&nbsp;<\/p>\n<p>&nbsp;<\/p>\n<p>&nbsp;<\/p>\n<p>&nbsp;<\/p>\n<p style=\"text-align: right;\"><strong><u><a href=\"https:\/\/www.delasalle.qc.ca\/?page_id=1369%20Modifier%20les%20permaliens\">Rayonnement comme \u00e9ducateur<\/a><\/u><\/strong><strong>\u00a0<\/strong><\/p>\n<p style=\"text-align: right;\"><strong><u><a href=\"https:\/\/www.delasalle.qc.ca\/?page_id=1380\">Rayonnement comme guide et formateur<\/a><\/u><\/strong><\/p>\n<p style=\"text-align: right;\"><strong><u><a href=\"https:\/\/www.delasalle.qc.ca\/?page_id=1414\">Rayonnement de priant<\/a><\/u><\/strong><strong>\u00a0<\/strong><\/p>\n<p style=\"text-align: right;\"><strong><u><a href=\"https:\/\/www.delasalle.qc.ca\/?page_id=1391\">Rayonnement comme gu\u00e9risseur<\/a><\/u><\/strong><strong>\u00a0<\/strong><\/p>\n<p style=\"text-align: right;\"><strong><u><a href=\"https:\/\/www.delasalle.qc.ca\/?page_id=1407\">Rayonnement de ses \u00e9crits<\/a><\/u><\/strong><\/p>\n<p style=\"text-align: right;\">\u00a0<strong><a href=\"https:\/\/www.delasalle.qc.ca\/?page_id=1414\">Rayonnement de priant<\/a><\/strong><\/p>\n<p style=\"text-align: right;\"><a href=\"https:\/\/www.delasalle.qc.ca\/?page_id=149\">Retour \u00e0 la page du V\u00e9n\u00e9rable Chatillon<\/a><\/p>\n","protected":false},"excerpt":{"rendered":"<p>Adolphe Chatillon a v\u00e9cu dans une ambiance musicale et donc de joie dans une famille d\u2019artistes. Le chant \u00abJe suis encore, et toujours je serai le petit six-pence bien na\u00eff qu\u2019on envoyait chanter \u00ab\u00a0roule ta bosse\u2026\u00a0\u00bb \u00e0 la porte du couvent ou au presbyt\u00e8re.\u00bb \u00a0\u00a0\u00a0 (Lettre \u00e0 son fr\u00e8re Robert, o.m.i.- 27-12-1920, pi\u00e8ce 60) \u00abMais&hellip;<\/p>\n","protected":false},"author":1,"featured_media":0,"parent":0,"menu_order":0,"comment_status":"closed","ping_status":"closed","template":"","meta":{"_bbp_topic_count":0,"_bbp_reply_count":0,"_bbp_total_topic_count":0,"_bbp_total_reply_count":0,"_bbp_voice_count":0,"_bbp_anonymous_reply_count":0,"_bbp_topic_count_hidden":0,"_bbp_reply_count_hidden":0,"_bbp_forum_subforum_count":0,"footnotes":""},"class_list":["post-1360","page","type-page","status-publish","hentry"],"_links":{"self":[{"href":"https:\/\/www.delasalle.qc.ca\/index.php?rest_route=\/wp\/v2\/pages\/1360","targetHints":{"allow":["GET"]}}],"collection":[{"href":"https:\/\/www.delasalle.qc.ca\/index.php?rest_route=\/wp\/v2\/pages"}],"about":[{"href":"https:\/\/www.delasalle.qc.ca\/index.php?rest_route=\/wp\/v2\/types\/page"}],"author":[{"embeddable":true,"href":"https:\/\/www.delasalle.qc.ca\/index.php?rest_route=\/wp\/v2\/users\/1"}],"replies":[{"embeddable":true,"href":"https:\/\/www.delasalle.qc.ca\/index.php?rest_route=%2Fwp%2Fv2%2Fcomments&post=1360"}],"version-history":[{"count":11,"href":"https:\/\/www.delasalle.qc.ca\/index.php?rest_route=\/wp\/v2\/pages\/1360\/revisions"}],"predecessor-version":[{"id":1516,"href":"https:\/\/www.delasalle.qc.ca\/index.php?rest_route=\/wp\/v2\/pages\/1360\/revisions\/1516"}],"wp:attachment":[{"href":"https:\/\/www.delasalle.qc.ca\/index.php?rest_route=%2Fwp%2Fv2%2Fmedia&parent=1360"}],"curies":[{"name":"wp","href":"https:\/\/api.w.org\/{rel}","templated":true}]}}