{"id":1380,"date":"2017-04-18T11:02:26","date_gmt":"2017-04-18T15:02:26","guid":{"rendered":"http:\/\/www.delasalle.qc.ca\/?page_id=1380"},"modified":"2017-04-22T13:58:25","modified_gmt":"2017-04-22T17:58:25","slug":"rayonnement-de-guide-spirituel-et-de-formateur","status":"publish","type":"page","link":"https:\/\/www.delasalle.qc.ca\/?page_id=1380","title":{"rendered":"Rayonnement de guide spirituel et de formateur"},"content":{"rendered":"<p style=\"text-align: right;\"><a href=\"https:\/\/www.delasalle.qc.ca\/?page_id=149\">Retour \u00e0 la page du V\u00e9n\u00e9rable Chatillon<\/a><\/p>\n<p>Fr\u00e8re Adolphe comprend rapidement le poids de sa future responsabilit\u00e9. Sa d\u00e9finition de t\u00e2che, il la trouve dans la R\u00e8gle du Sous-Directeur de Noviciat qui vient d\u2019\u00eatre d\u00e9finie \u00e0 l\u2019assembl\u00e9e g\u00e9n\u00e9rale de 1901, dans le chapitre XXXII. Son exp\u00e9rience ant\u00e9rieure de professeur au Petit-Noviciat lui sera un apport pertinent pour s\u2019adapter \u00e0 la nouvelle situation.<\/p>\n<p>Apr\u00e8s quatre ans de service comme sous-directeur, fr\u00e8re Adolphe Chatillon est port\u00e9 \u00e0 la direction du Noviciat avec la pleine confiance de ses sup\u00e9rieurs. Il est \u00e0 propos ici d\u2019entendre l\u2019appr\u00e9ciation formul\u00e9e par des fr\u00e8res qu\u2019il a instruits \u00e0 la vie religieuse au cours de ses onze ann\u00e9es comme formateur.<\/p>\n<ul>\n<li>\u00abC\u2019\u00e9tait un vrai gentilhomme! il nous pr\u00eachait par sa tenue, son langage, sa bonhommie toute de simplicit\u00e9. Il aimait \u00e0 rire, jusqu\u2019aux larmes parfois, quand il se m\u00ealait \u00e0 nos groupes de r\u00e9cr\u00e9ation. Il r\u00e9pandait une atmosph\u00e8re de douce qui\u00e9tude autour de lui\u00bb. ( F. Dominique Beaudoin.)<\/li>\n<\/ul>\n<p>&nbsp;<\/p>\n<ul>\n<li>Je garde toujours du F. Adolphe (dit Th\u00e9ophanius-L\u00e9o) un souvenir r\u00e9confortant et, si j\u2019ai rencontr\u00e9 depuis cette lointaine \u00e9poque du Noviciat plusieurs religieux \u00e9difiants, aucun ne m\u2019a autant marqu\u00e9 du rayonnement qui \u00e9mane in\u00e9vitablement des grands serviteurs de Dieu.\u00bb (Fr. Georges Milot)<\/li>\n<\/ul>\n<p>&nbsp;<\/p>\n<ul>\n<li>Pendant mon Noviciat j\u2019ai eu une tr\u00e8s bonne impression de lui. Je voyais en lui, la bont\u00e9, la douceur, la d\u00e9licatesse pour tous ses novices.\u00bb (Fr. \u00c9mile Grenier )<\/li>\n<\/ul>\n<p>&nbsp;<\/p>\n<ul>\n<li>Il faisait le bien sans bruit, sans chercher approbation ou compliments. Pour moi, il y a un saint authentique en lui. 63 ans apr\u00e8s &#8211; en cette ann\u00e9e 1967- j\u2019\u00e9prouve \u00e0 son \u00e9gard les m\u00eames sentiments.\u00bb<\/li>\n<\/ul>\n<p>&nbsp;<\/p>\n<ul>\n<li>Fr\u00e8re Adolphe se chargeait de nous enseigner \u00e0 faire oraison. Que dire de ses actes d\u2019amour de Dieu, de foi et de g\u00e9n\u00e9rosit\u00e9. Nous \u00e9tions autour de lui et nous buvions ses paroles enflamm\u00e9es qui, nous le savions, venaient de son c\u0153ur. Je vous assure que c\u2019\u00e9tait un repas spirituel chaque matin. (F.. Hermas Constantin)<\/li>\n<\/ul>\n<p>&nbsp;<\/p>\n<ul>\n<li>\u00abDans les contacts avec lui, on sentait un homme profond\u00e9ment int\u00e9rieur,\u00bb\u00a0\u00a0 (F. Marcel H\u00e9on)<\/li>\n<li>\u00abSes conf\u00e9rences \u00e9taient m\u00e9dit\u00e9es avant d\u2019\u00eatre donn\u00e9es.. On le savait tr\u00e8s uni \u00e0 Dieu. Certaines de ses remarques communes ne venaient que d\u2019un fin psychologue et \u00e0 nous, jeunes, semblaient venir d\u2019une inspiration,. tant elles frappaient juste.\u00bb (Fr. Fran\u00e7ois Picard)<\/li>\n<\/ul>\n<p>&nbsp;<\/p>\n<p><strong>Pas une sin\u00e9cure<\/strong>.<\/p>\n<p>Assumer la charge de former les novices ce n\u2019\u00e9tait pas une sin\u00e9cure. \u00c0 son \u00e9poque, le lever se faisait \u00e0 4 heures et demie, d\u00e8s 5h. on \u00e9tait en pri\u00e8re \u00e0 la chapelle pour une heure. On encha\u00eenait avec la Messe \u00e0 6h.<\/p>\n<p>&nbsp;<\/p>\n<p><img loading=\"lazy\" decoding=\"async\" class=\"size-full wp-image-1382 alignleft\" src=\"https:\/\/www.delasalle.qc.ca\/wp-content\/uploads\/2017\/04\/form1.png\" alt=\"\" width=\"902\" height=\"582\" srcset=\"https:\/\/www.delasalle.qc.ca\/wp-content\/uploads\/2017\/04\/form1.png 902w, https:\/\/www.delasalle.qc.ca\/wp-content\/uploads\/2017\/04\/form1-300x194.png 300w, https:\/\/www.delasalle.qc.ca\/wp-content\/uploads\/2017\/04\/form1-768x496.png 768w\" sizes=\"auto, (max-width: 902px) 100vw, 902px\" \/>Pour le novice il n\u2019y avait pas de temps mort. Les exercices se succ\u00e9daient de demi-heure en demi-heure, tous orient\u00e9s vers l\u2019\u00e9tude, la pri\u00e8re, la lecture. La prise de notes, la m\u00e9ditation. On arrivera au moment clou de la matin\u00e9e, celui de la conf\u00e9rence quotidienne \u00e0 10h \u00bd.<\/p>\n<p>Le directeur avait \u00e0 pr\u00e9parer soigneusement cette conf\u00e9rence pour chaque jour. Il devait aussi durant la semaine pr\u00e9voir un entretien individuel avec chaque novice. De plus, il \u00e9tait pr\u00e9sent sans faute \u00e0 tous les exercices spirituels de la journ\u00e9e.<\/p>\n<p>Il s\u2019agit de d\u00e9velopper chez la personne le besoin et la soif de Dieu. Le fr\u00e8re Adolphe s\u2019est donn\u00e9 quelques principes directeur dans la formation des jeunes; en voici quelques-uns\u00a0:<\/p>\n<ul>\n<li>\u00abIl faut vivre le plus possible avec ceux que l&rsquo;on veut atteindre;<\/li>\n<li>L&rsquo;homme accepte difficilement une v\u00e9rit\u00e9 qui lui vient accompagn\u00e9e d&rsquo;une humiliation.<\/li>\n<li>Rien ne dure de ce qui se fait sans la joie.<\/li>\n<li>Les hommes tiennent peu d&rsquo;ordinaire \u00e0 ce qu&rsquo;ils affirment dans les conversations; un mot peut les faire changer pourvu qu&rsquo;il soit dit avec calme.<\/li>\n<li>Le christianisme complet, c&rsquo;est une union personnelle avec J\u00e9sus-Christ Notre Seigneur;<\/li>\n<li>On n&rsquo;y arrivera pas sans une d\u00e9votion sans limite pour la Tr\u00e8s sainte Vierge.<\/li>\n<li>L&rsquo;entretien de la ferveur c&rsquo;est ce travail constant semblable \u00e0 celui de ces chauffeurs de grands usines S&rsquo;arr\u00eater de chauffer = perte mon\u00e9taire [consid\u00e9rable].<\/li>\n<li>Aviver la foi, former \u00e0 la pi\u00e9t\u00e9 vraie; \u00e9clairer, rendre d\u00e9licate, sensible, la conscience, programme complet de la formation du jeune chr\u00e9tien, du jeune religieux.<\/li>\n<li>Toute la perfection de la vie chr\u00e9tienne est renferm\u00e9e dans ces paroles: 1o- Si quelqu&rsquo;un veut venir apr\u00e8s moi= volont\u00e9 de devenir un saint; 2o- qu&rsquo;il renonce \u00e0 soi-m\u00eame= s&rsquo;abstenir; 3o- qu&rsquo;il porte sa croix= souffrir; 4<sup>e<\/sup> qu&rsquo;il me suive= agir \u00bb (Bx Grignon de Montfort)<\/li>\n<li>Ne recherche en ton esprit qu&rsquo;une chose; Dieu et sa gloire. N&rsquo;aie en ton c\u0153ur qu&rsquo;un amour: Dieu et sa volont\u00e9 sainte !<\/li>\n<\/ul>\n<p>&nbsp;<\/p>\n<p>&nbsp;<\/p>\n<p>&nbsp;<\/p>\n<p><strong>Mon ouvrage est d&rsquo;aider cet enfant, ce novice \u00e0 se former lui-m\u00eame. Je suis ici pour lui montrer d&rsquo;abord comment le faire, et mon art est de l&rsquo;amener \u00e0 le faire de lui-m\u00eame sans mon aide, aussit\u00f4t que possible. L&rsquo;art d&rsquo;un formateur est de se rendre inutile<\/strong>.\u00bb<strong>\u00a0<img loading=\"lazy\" decoding=\"async\" class=\"size-full wp-image-1383 aligncenter\" src=\"https:\/\/www.delasalle.qc.ca\/wp-content\/uploads\/2017\/04\/form2.png\" alt=\"\" width=\"722\" height=\"497\" srcset=\"https:\/\/www.delasalle.qc.ca\/wp-content\/uploads\/2017\/04\/form2.png 722w, https:\/\/www.delasalle.qc.ca\/wp-content\/uploads\/2017\/04\/form2-300x207.png 300w\" sizes=\"auto, (max-width: 722px) 100vw, 722px\" \/><\/strong><\/p>\n<p style=\"text-align: center;\"><strong>* * *<\/strong><\/p>\n<p>Il confie \u00e0 son fr\u00e8re Robert, en 1915, la perception qu\u2019il a de son travail de formateur\u00a0: \u00abSais-tu ce que c\u2019est que d\u2019essayer \u00e0 donner la trempe \u00e0 quarante ou cinquante jeunes gens ? Quelle responsabilit\u00e9 ! Il faudrait \u00eatre saint \u00e0 canoniser pour remplir dignement cette fonction. H\u00e9las, mille obstacles impr\u00e9vus se l\u00e8vent devant nous. Tout conspire \u00e0 nous g\u00e2cher la main. Il en est d\u2019un individu en formation \u00e0 peu pr\u00e8s comme cette machine qu\u2019inventa derni\u00e8rement un de nos fr\u00e8res. Il fabriqua toutes les pi\u00e8ces lui-m\u00eame, les ajusta; les parties marchaient bien s\u00e9par\u00e9ment; il les accouple deux \u00e0 deux, \u00e7a marche encore, y ajoute la troisi\u00e8me, \u00e7a n\u2019allait plus. Il y avait quelque chose d\u2019oubli\u00e9. Ainsi de nos novices, chacun est une invention complexe, il n\u2019y faut rien oublier. \u00c7a marche tout de m\u00eame un peu, partie par partie; si on s\u2019amuse \u00e0 ce jeu le tout sera peut-\u00eatre manqu\u00e9. Mais je parle comme si j\u2019\u00e9tais seul \u00e0 la besogne. <img loading=\"lazy\" decoding=\"async\" class=\"size-full wp-image-1384 alignleft\" src=\"https:\/\/www.delasalle.qc.ca\/wp-content\/uploads\/2017\/04\/form3.png\" alt=\"\" width=\"176\" height=\"273\" \/>Le cher fr\u00e8re Visiteur me le rappelait derni\u00e8rement\u00a0: \u00ab\u00a0Consid\u00e9rez-vous comme un instrument inutile dans la main de Dieu\u00a0\u00bb. Et voil\u00e0, pas plus que cela. Si encore je le croyais. \u00bb (Lettre de 1915)<\/p>\n<p>En ao\u00fbt 1917, la besogne s\u2019est d\u00e9doubl\u00e9e\u00a0: \u00ab\u2026 du matin au soir \u00e0 peine, de ce temps surtout o\u00f9 l\u2019on a 73 novices et postulants, il faut \u00eatre \u00e0 la merci de tout ce monde-l\u00e0. Il le faut, au risque de compromettre l\u2019\u0153uvre tout enti\u00e8re et cela aux d\u00e9pends de notre sant\u00e9, de notre temps, de nos aises, de notre humeur, de nos \u00e9tudes. Heureux si en ces temps d\u2019intenses efforts l\u2019esprit reste uni \u00e0 Dieu et puise dans ce commerce intime de quoi r\u00e9cup\u00e9rer ses forces et de pr\u00e9venir une fatale s\u00e9cheresse.<\/p>\n<p>Voil\u00e0 la retraite pour nous du 1<sup>er<\/sup> ao\u00fbt au 7. Je te la recommande sp\u00e9cialement. Je la suis aussi bien que je le puis, j\u2019en aurai une deuxi\u00e8me pour moi en septembre. Quel besoin j\u2019en ai\u00a0!\u00bb<\/p>\n<p>&nbsp;<\/p>\n<p>(Le 25 avril 1920) <strong>La t\u00e2che garde toutes ses exigences<\/strong>\u00a0: \u00abJe crois qu\u2019il faudrait, comme les Macchab\u00e9es, jeter par-dessus bord toutes les demi-volont\u00e9s, les demi-consciences, et former de ces noyaux d\u2019hommes forts, de religieux d\u00e9termin\u00e9s; aimant r\u00e9ellement le bon Dieu et pr\u00eats pour son amour \u00e0 souffrir jusqu\u2019\u00e0 la mort. C\u2019est cette perspective de la pers\u00e9v\u00e9rance longue et ennuyeuse qui d\u00e9courage nos jeunes. Demande pour moi, cher Robert, au jour de ta f\u00eate et pendant le mois de Marie, les lumi\u00e8res dont j\u2019ai un grand besoin. Les Sup\u00e9rieurs me laissent encore ici, j\u2019en tremble parfois. Demande aussi que je n\u2019y sois pas un jour de plus que la sainte Volont\u00e9 de Dieu le veut. \u00bb<\/p>\n<p style=\"text-align: center;\"><strong>* * *<\/strong><\/p>\n<p>Le ton de la lettre suivante, donne une bonne id\u00e9e des directives qu\u2019il pouvait transmettre \u00e0 ses disciples\u00a0: \u00abJe relis votre lettre du 29 d\u00e9cembre avec la m\u00eame joie que la premi\u00e8re fois. Que je serais heureux si tous mes anciens novices m\u2019assuraient comme vous le faites que leur vie int\u00e9rieure est en marche ! Qu\u2019il leur pla\u00eet d\u2019\u00eatre plus \u00e0 m\u00eame de se garder pour J\u00e9sus dans un lieu de retraite et de pri\u00e8re ! Continuez, bien cher Fr\u00e8re, \u00e0 fr\u00e9quenter votre c\u00e9leste Ami. Peut-\u00eatre exp\u00e9rimenterez-vous qu\u2019il faut quand m\u00eame souffrir et \u00eatre m\u00e9pris\u00e9, mais Il vous enseignera le pourquoi de ces rigueurs. La croix sera toujours le cachet des \u0153uvres divines, l\u2019\u00c9vangile ne cesse de le dire. Mais \u00e0 le comprendre, notre vie enti\u00e8re ne suffit pas. Il faut donc que Dieu ajoute sa lumi\u00e8re et sa force. C\u2019est ce que je vous souhaite de tout mon c\u0153ur et ce que je prie la Tr\u00e8s Sainte Vierge et saint Joseph de vous accorder.\u00bb (Lettre de janvier 1921)<\/p>\n<p><strong>Nouvelle \u00e9tape &#8211;<\/strong><\/p>\n<p>Et voici qu\u2019en d\u00e9cembre 1923, le directeur du Noviciat verra sa vie changer\u00a0:<\/p>\n<p><img loading=\"lazy\" decoding=\"async\" class=\"size-full wp-image-1385 alignright\" src=\"https:\/\/www.delasalle.qc.ca\/wp-content\/uploads\/2017\/04\/form4.png\" alt=\"\" width=\"278\" height=\"435\" srcset=\"https:\/\/www.delasalle.qc.ca\/wp-content\/uploads\/2017\/04\/form4.png 278w, https:\/\/www.delasalle.qc.ca\/wp-content\/uploads\/2017\/04\/form4-192x300.png 192w\" sizes=\"auto, (max-width: 278px) 100vw, 278px\" \/>\u00abMaintenant venons-en aux choses s\u00e9rieuses. Depuis le 16 novembre je ne suis plus ma\u00eetre des novices, j\u2019ai laiss\u00e9 ce nid chaud, cette oasis si pleine de douceurs, ce champ aussi cependant, qui m\u2019a demand\u00e9 bien des travaux. Au moment o\u00f9 je m\u2019y attendais le moins, j\u2019ai <u>re\u00e7u une ob\u00e9dience me nommant visiteur g\u00e9n\u00e9ral<\/u> de nos maisons de formation de l\u2019Am\u00e9rique du Nord. Et moi comme un enfant innocent j\u2019ai accept\u00e9 joyeusement, j\u2019ai chant\u00e9 encore au travers mes larmes; je n\u2019en ai pas vers\u00e9 beaucoup. Toujours un peu na\u00eff, j\u2019ai dit\u00a0: \u00ab\u00a0C\u2019est bon !\u00a0\u2013 <em>All right<\/em>\u00a0\u00bb et voil\u00e0 que je dois partir, s\u2019il pla\u00eet \u00e0 Dieu, le 15 janvier pour Toronto, New York, Ammendale, Glencoe (Missouri), Las Vegas (Nouveau Mexico), Martinez (Californie). [\u2026] Mais tu t\u2019imagines, cher Robert, quel acte d\u2019abandon il me faut faire pour me lancer dans ces espaces inconnus et \u00e9trangers pour moi. Tu me connais, ma timidit\u00e9, mon insuffisance, mon peu d\u2019ascendant, etc., etc. de sorte que tu es peut-\u00eatre aussi surpris que moi qu\u2019on m\u2019ait pouss\u00e9 sur ces chemins. Eh bien, tant mieux ! De tout cela, le bon Dieu aura plus \u00e0 faire et il faudra bien qu\u2019il le fasse. Recommande-moi \u00e0 ta ch\u00e8re Notre-Dame de la Guadeloupe et \u00e0 Saint Joseph.\u00bb (Lettre \u00e0 Robert Chatillon, d\u00e9cembre 1923)<\/p>\n<p>&nbsp;<\/p>\n<p>On comprend quel r\u00f4le d\u00e9terminant le Fr\u00e8re Adolphe a rempli dans sa fonction de Visiteur-g\u00e9n\u00e9ral de l\u2019Am\u00e9rique du Nord. Les tourn\u00e9es annuelles constituent un itin\u00e9raire<\/p>\n<p>qui commence \u00e0 Qu\u00e9bec (Limoilou) et encha\u00eene un chapelet de villes du Canada et des \u00c9tats-Unis. Comptant uniquement sur les d\u00e9placements par voie ferr\u00e9e. Imaginez le confort d\u2019un wagon des ann\u00e9es 1920 ! Le s\u00e9jour dans la maison visit\u00e9e n\u2019est g\u00e9n\u00e9ralement pas inf\u00e9rieur \u00e0 une quinzaine de jours. Une tourn\u00e9e commenc\u00e9e en d\u00e9cembre se terminera la plupart du temps en juin. Sans compter que les visites en sol am\u00e9ricain exigent la connaissance de la langue anglaise qui n\u2019est pas sa langue maternelle. A cela s\u2019ajoute la t\u00e2che d\u2019\u00e9valuer aussi judicieusement que possible la qualit\u00e9 de la vie communautaire et r\u00e9guli\u00e8re, et de proposer les moyens d\u2019am\u00e9liorer les situations en souffrance.<\/p>\n<p>Heureusement le Fr\u00e8re Adolphe Chatillon cr\u00e9e spontan\u00e9ment un climat de confiance aupr\u00e8s des groupes qu\u2019il contacte. Ainsi le Fr\u00e8re <strong>Abban-Philip<\/strong>, \u00e0 la t\u00eate du District de New-York, communique sa satisfaction de la fa\u00e7on dont le Visiteur g\u00e9n\u00e9ral s\u2019acquitte de sa responsabilit\u00e9\u00a0: \u00ab Je suis heureux de vous dire que dans toutes mes relations avec le bon fr\u00e8re Adolphe Chatillon (dit Th\u00e9ophanius-L\u00e9o), je l\u2019ai toujours trouv\u00e9 \u00e0 la hauteur de sa t\u00e2che de Visiteur g\u00e9n\u00e9ral. Homme de Dieu toujours et partout, et bon conseiller en mati\u00e8re de formation de nos jeunes sujets \u00e0 la vie religieuse.\u00bb<\/p>\n<p><img loading=\"lazy\" decoding=\"async\" class=\"alignnone size-full wp-image-1386 aligncenter\" src=\"https:\/\/www.delasalle.qc.ca\/wp-content\/uploads\/2017\/04\/form5.png\" alt=\"\" width=\"825\" height=\"569\" srcset=\"https:\/\/www.delasalle.qc.ca\/wp-content\/uploads\/2017\/04\/form5.png 825w, https:\/\/www.delasalle.qc.ca\/wp-content\/uploads\/2017\/04\/form5-300x207.png 300w, https:\/\/www.delasalle.qc.ca\/wp-content\/uploads\/2017\/04\/form5-768x530.png 768w\" sizes=\"auto, (max-width: 825px) 100vw, 825px\" \/>Justement en raison de son exp\u00e9rience de conseiller spirituel, le v\u00e9n\u00e9rable Adolphe \u00e9tait appel\u00e9 \u00e0 ajouter apr\u00e8s sa tourn\u00e9e annuelle \u00e0 assurer la pr\u00e9sidence des retraites de 20 ou de 30 jour. Il s\u2019en acquitta admirablement au cours des \u00e9t\u00e9s de 1924 \u00e0 1927.<\/p>\n<p>Retraitants de 20 jours en 1925\u00a0:au centre, P\u00e8re Bisson, j\u00e9suite. \u00c0 sa droite, Fr\u00e8re Adolphe<\/p>\n<p style=\"text-align: right;\"><strong><a href=\"https:\/\/www.delasalle.qc.ca\/?page_id=1360\">Rayonnement de sa joie<\/a><\/strong><\/p>\n<p style=\"text-align: right;\"><strong><u><a href=\"https:\/\/www.delasalle.qc.ca\/?page_id=1369%20Modifier%20les%20permaliens\">Rayonnement comme \u00e9ducateur<\/a><\/u><\/strong><strong>\u00a0<\/strong><\/p>\n<p style=\"text-align: right;\"><strong><u><a href=\"https:\/\/www.delasalle.qc.ca\/?page_id=1414\">Rayonnement de priant<\/a><\/u><\/strong><strong>\u00a0<\/strong><\/p>\n<p style=\"text-align: right;\"><strong><u><a href=\"https:\/\/www.delasalle.qc.ca\/?page_id=1391\">Rayonnement comme gu\u00e9risseur<\/a><\/u><\/strong><strong>\u00a0<\/strong><\/p>\n<p style=\"text-align: right;\"><strong><u><a href=\"https:\/\/www.delasalle.qc.ca\/?page_id=1407\">Rayonnement de ses \u00e9crits<\/a><\/u><\/strong><\/p>\n<p style=\"text-align: right;\"><strong><a href=\"https:\/\/www.delasalle.qc.ca\/?page_id=1414\">Rayonnement de priant<\/a><\/strong><\/p>\n<p style=\"text-align: right;\"><a href=\"https:\/\/www.delasalle.qc.ca\/?page_id=149\">Retour \u00e0 la page du V\u00e9n\u00e9rable Chatillon<\/a><\/p>\n","protected":false},"excerpt":{"rendered":"<p>Retour \u00e0 la page du V\u00e9n\u00e9rable Chatillon Fr\u00e8re Adolphe comprend rapidement le poids de sa future responsabilit\u00e9. Sa d\u00e9finition de t\u00e2che, il la trouve dans la R\u00e8gle du Sous-Directeur de Noviciat qui vient d\u2019\u00eatre d\u00e9finie \u00e0 l\u2019assembl\u00e9e g\u00e9n\u00e9rale de 1901, dans le chapitre XXXII. Son exp\u00e9rience ant\u00e9rieure de professeur au Petit-Noviciat lui sera un apport&hellip;<\/p>\n","protected":false},"author":1,"featured_media":0,"parent":0,"menu_order":0,"comment_status":"closed","ping_status":"closed","template":"","meta":{"_bbp_topic_count":0,"_bbp_reply_count":0,"_bbp_total_topic_count":0,"_bbp_total_reply_count":0,"_bbp_voice_count":0,"_bbp_anonymous_reply_count":0,"_bbp_topic_count_hidden":0,"_bbp_reply_count_hidden":0,"_bbp_forum_subforum_count":0,"footnotes":""},"class_list":["post-1380","page","type-page","status-publish","hentry"],"_links":{"self":[{"href":"https:\/\/www.delasalle.qc.ca\/index.php?rest_route=\/wp\/v2\/pages\/1380","targetHints":{"allow":["GET"]}}],"collection":[{"href":"https:\/\/www.delasalle.qc.ca\/index.php?rest_route=\/wp\/v2\/pages"}],"about":[{"href":"https:\/\/www.delasalle.qc.ca\/index.php?rest_route=\/wp\/v2\/types\/page"}],"author":[{"embeddable":true,"href":"https:\/\/www.delasalle.qc.ca\/index.php?rest_route=\/wp\/v2\/users\/1"}],"replies":[{"embeddable":true,"href":"https:\/\/www.delasalle.qc.ca\/index.php?rest_route=%2Fwp%2Fv2%2Fcomments&post=1380"}],"version-history":[{"count":10,"href":"https:\/\/www.delasalle.qc.ca\/index.php?rest_route=\/wp\/v2\/pages\/1380\/revisions"}],"predecessor-version":[{"id":1518,"href":"https:\/\/www.delasalle.qc.ca\/index.php?rest_route=\/wp\/v2\/pages\/1380\/revisions\/1518"}],"wp:attachment":[{"href":"https:\/\/www.delasalle.qc.ca\/index.php?rest_route=%2Fwp%2Fv2%2Fmedia&parent=1380"}],"curies":[{"name":"wp","href":"https:\/\/api.w.org\/{rel}","templated":true}]}}