{"id":1407,"date":"2017-04-18T11:49:20","date_gmt":"2017-04-18T15:49:20","guid":{"rendered":"http:\/\/www.delasalle.qc.ca\/?page_id=1407"},"modified":"2017-04-22T14:28:50","modified_gmt":"2017-04-22T18:28:50","slug":"rayonnement-de-ses-ecrits","status":"publish","type":"page","link":"https:\/\/www.delasalle.qc.ca\/?page_id=1407","title":{"rendered":"Rayonnement des \u00e9crits"},"content":{"rendered":"<p style=\"text-align: right;\"><a href=\"https:\/\/www.delasalle.qc.ca\/?page_id=149\">Retour \u00e0 la page du V\u00e9n\u00e9rable Chatillon<\/a><\/p>\n<p style=\"text-align: left;\">Vous aurez acc\u00e8s au document en cliquant sur son titre.<\/p>\n<p><a href=\"https:\/\/www.delasalle.qc.ca\/wp-content\/uploads\/2017\/04\/15_-cahier-%C2%ABI%C2%BB-1902.docx\">Calepin \u00ab\u00a0l\u00a0\u00bb\u00a0de 1902<\/a><\/p>\n<p><a href=\"https:\/\/www.delasalle.qc.ca\/wp-content\/uploads\/2017\/04\/1_-The\u0301ophanius-Le\u0301o-6.doc\">Recueil de lettres de Th\u00e9ophanius-L\u00e9o<\/a><\/p>\n<p><a href=\"https:\/\/www.delasalle.qc.ca\/wp-content\/uploads\/2017\/04\/13_-Cahier-G-BB4hautbis.docx\">Reflets d&rsquo;une exp\u00e9rience de Dieu<\/a><\/p>\n<p><a href=\"https:\/\/www.delasalle.qc.ca\/wp-content\/uploads\/2017\/04\/22_-TL-document-513266-boite-51010-1923-.doc\">Document 513266, bo\u00eete 51010 Archives FECM <\/a><\/p>\n<p><a href=\"https:\/\/www.delasalle.qc.ca\/wp-content\/uploads\/2017\/04\/5_-Notes-19o8-1910.doc\">Notes de lecture 1908-1910<\/a><\/p>\n<p><a href=\"https:\/\/www.delasalle.qc.ca\/wp-content\/uploads\/2017\/04\/19_-me-rapprocher-\u00abL\u00bb.doc\">Me rapprocher de Dieu<\/a><\/p>\n<p><a href=\"https:\/\/www.delasalle.qc.ca\/wp-content\/uploads\/2017\/04\/23_-TLD-pense\u0301es-DOUBLE.doc\">Pens\u00e9es de 1910<\/a><\/p>\n<p><a href=\"https:\/\/www.delasalle.qc.ca\/wp-content\/uploads\/2017\/04\/25b_-1905-socie\u0301te\u0301-sacre\u0301coeur.doc\">LACHINE- Soci\u00e9t\u00e9 du Sacr\u00e9 C\u0153ur- fonds \u00e9cole Pich\u00e9 <\/a><\/p>\n<p><a href=\"https:\/\/www.delasalle.qc.ca\/wp-content\/uploads\/2017\/04\/21_-TL-Cahier-A-Notes-intimes-1896.docx\">Cahier A- Notes intimes 1896<\/a><\/p>\n<p><a href=\"https:\/\/www.delasalle.qc.ca\/wp-content\/uploads\/2017\/04\/2_-TLDRobert510636revu2017_1.doc\">Correspondance avec Robert (fr\u00e8re de Th\u00e9ophanius-L\u00e9o)<\/a><\/p>\n<p><a href=\"https:\/\/www.delasalle.qc.ca\/wp-content\/uploads\/2017\/04\/18_-Pages-du-cahier-K-513202.doc\">Cahier K 1905-1907<\/a><\/p>\n<p><a href=\"https:\/\/www.delasalle.qc.ca\/wp-content\/uploads\/2017\/04\/6_-TL-Cahier-Bbon.doc\">Suivre le Christ<\/a><\/p>\n<p><a href=\"https:\/\/www.delasalle.qc.ca\/wp-content\/uploads\/2017\/04\/7_-1905-cahier-C.doc\">Retraite de 1905<\/a><\/p>\n<p><a href=\"https:\/\/www.delasalle.qc.ca\/wp-content\/uploads\/2017\/04\/26_-1910-1912-\u00abs\u00bb-ch-513254.doc\">Cahier \u00abs\u00bb 1909 &#8211; 1912<\/a><\/p>\n<p><a href=\"https:\/\/www.delasalle.qc.ca\/wp-content\/uploads\/2017\/04\/25_-Le-Sacre\u0301-Coeurgb2.doc\">LACHINE- Soci\u00e9t\u00e9 du Sacr\u00e9 C\u0153ur- fonds \u00e9cole Pich\u00e9 (2)<\/a><\/p>\n<p><a href=\"https:\/\/www.delasalle.qc.ca\/wp-content\/uploads\/2017\/04\/4_-TL-Cahier-A-Chercher-Dieu-1.doc\">Cahier A &#8211; Chercher Dieu<\/a><\/p>\n<p>&nbsp;<\/p>\n<p>Note au lecteur: ces documents sont gracieusement mis \u00e0 votre disposition pour votre information\u00a0personnelle. Tous les droits d&rsquo;auteurs s&rsquo;appliquent \u00e0 ces textes pour les partager, les modifier\u00a0ou les publier en tout ou en partie.<\/p>\n<p style=\"text-align: right;\"><strong><a href=\"https:\/\/www.delasalle.qc.ca\/?page_id=1360\">Rayonnement de sa joie<\/a><\/strong><\/p>\n<p style=\"text-align: right;\"><strong><u><a href=\"https:\/\/www.delasalle.qc.ca\/?page_id=1369%20Modifier%20les%20permaliens\">Rayonnement comme \u00e9ducateur<\/a><\/u><\/strong><strong>\u00a0<\/strong><\/p>\n<p style=\"text-align: right;\"><strong><u><a href=\"https:\/\/www.delasalle.qc.ca\/?page_id=1380\">Rayonnement comme guide et formateur<\/a><\/u><\/strong><\/p>\n<p style=\"text-align: right;\"><strong><u><a href=\"https:\/\/www.delasalle.qc.ca\/?page_id=1391\">Rayonnement comme gu\u00e9risseur<\/a><\/u><\/strong><strong>\u00a0<\/strong><\/p>\n<p style=\"text-align: right;\"><strong><a href=\"https:\/\/www.delasalle.qc.ca\/?page_id=1414\">Rayonnement de priant<\/a><\/strong><\/p>\n<p style=\"text-align: right;\"><a href=\"https:\/\/www.delasalle.qc.ca\/?page_id=149\">Retour \u00e0 la page du V\u00e9n\u00e9rable Chatillon<\/a><\/p>\n<p>&nbsp;<\/p>\n","protected":false},"excerpt":{"rendered":"<p>Retour \u00e0 la page du V\u00e9n\u00e9rable Chatillon Vous aurez acc\u00e8s au document en cliquant sur son titre. Calepin \u00ab\u00a0l\u00a0\u00bb\u00a0de 1902 Recueil de lettres de Th\u00e9ophanius-L\u00e9o Reflets d&rsquo;une exp\u00e9rience de Dieu Document 513266, bo\u00eete 51010 Archives FECM Notes de lecture 1908-1910 Me rapprocher de Dieu Pens\u00e9es de 1910 LACHINE- Soci\u00e9t\u00e9 du Sacr\u00e9 C\u0153ur- fonds \u00e9cole Pich\u00e9&hellip;<\/p>\n","protected":false},"author":1,"featured_media":0,"parent":0,"menu_order":0,"comment_status":"closed","ping_status":"closed","template":"","meta":{"_bbp_topic_count":0,"_bbp_reply_count":0,"_bbp_total_topic_count":0,"_bbp_total_reply_count":0,"_bbp_voice_count":0,"_bbp_anonymous_reply_count":0,"_bbp_topic_count_hidden":0,"_bbp_reply_count_hidden":0,"_bbp_forum_subforum_count":0,"footnotes":""},"class_list":["post-1407","page","type-page","status-publish","hentry"],"_links":{"self":[{"href":"https:\/\/www.delasalle.qc.ca\/index.php?rest_route=\/wp\/v2\/pages\/1407","targetHints":{"allow":["GET"]}}],"collection":[{"href":"https:\/\/www.delasalle.qc.ca\/index.php?rest_route=\/wp\/v2\/pages"}],"about":[{"href":"https:\/\/www.delasalle.qc.ca\/index.php?rest_route=\/wp\/v2\/types\/page"}],"author":[{"embeddable":true,"href":"https:\/\/www.delasalle.qc.ca\/index.php?rest_route=\/wp\/v2\/users\/1"}],"replies":[{"embeddable":true,"href":"https:\/\/www.delasalle.qc.ca\/index.php?rest_route=%2Fwp%2Fv2%2Fcomments&post=1407"}],"version-history":[{"count":16,"href":"https:\/\/www.delasalle.qc.ca\/index.php?rest_route=\/wp\/v2\/pages\/1407\/revisions"}],"predecessor-version":[{"id":1530,"href":"https:\/\/www.delasalle.qc.ca\/index.php?rest_route=\/wp\/v2\/pages\/1407\/revisions\/1530"}],"wp:attachment":[{"href":"https:\/\/www.delasalle.qc.ca\/index.php?rest_route=%2Fwp%2Fv2%2Fmedia&parent=1407"}],"curies":[{"name":"wp","href":"https:\/\/api.w.org\/{rel}","templated":true}]}}