{"id":1414,"date":"2017-04-18T13:54:34","date_gmt":"2017-04-18T17:54:34","guid":{"rendered":"http:\/\/www.delasalle.qc.ca\/?page_id=1414"},"modified":"2017-04-22T14:04:45","modified_gmt":"2017-04-22T18:04:45","slug":"rayonnement-de-priant","status":"publish","type":"page","link":"https:\/\/www.delasalle.qc.ca\/?page_id=1414","title":{"rendered":"Rayonnement de priant"},"content":{"rendered":"<p style=\"text-align: right;\"><a href=\"https:\/\/www.delasalle.qc.ca\/?page_id=149\">Retour \u00e0 la page du V\u00e9n\u00e9rable Chatillon<\/a><\/p>\n<p>En cliquant sur l&rsquo;hyperlien, vous pourrez visionner ces vid\u00e9os qui d\u00e9crivent la vie du v\u00e9n\u00e9rable Adolphe Chatillon.<\/p>\n<p>Le lecteur est\u00a0M.\u00a0Raymond Beaugrand-Champagne, qui est aussi l&rsquo;auteur du texte.<\/p>\n<p>Noter que Th\u00e9ophanius-L\u00e9o a \u00e9t\u00e9 le nom de religieux du v\u00e9n\u00e9rable Adolphe Chatillon qui est d\u00e9sign\u00e9 comme tel depuis l&rsquo;ann\u00e9e 2011.<\/p>\n<p><a href=\"https:\/\/youtu.be\/t1Y9IgjqlMY\">Biographie de Th\u00e9ophanius-L\u00e9o &#8211; premi\u00e8re partie<\/a><\/p>\n<p><a href=\"https:\/\/youtu.be\/aKO0BB26EQM\">Biographie de Th\u00e9phanius-L\u00e9o &#8211; deuxi\u00e8me partie<\/a><\/p>\n<p>&nbsp;<\/p>\n<p style=\"text-align: right;\"><strong><a href=\"https:\/\/www.delasalle.qc.ca\/?page_id=1360\">Rayonnement de sa joie<\/a><\/strong><\/p>\n<p style=\"text-align: right;\"><strong><u><a href=\"https:\/\/www.delasalle.qc.ca\/?page_id=1369%20Modifier%20les%20permaliens\">Rayonnement comme \u00e9ducateur<\/a><\/u><\/strong><strong>\u00a0<\/strong><\/p>\n<p style=\"text-align: right;\"><strong><u><a href=\"https:\/\/www.delasalle.qc.ca\/?page_id=1380\">Rayonnement comme guide et formateur<\/a><\/u><\/strong><\/p>\n<p style=\"text-align: right;\"><strong><u><a href=\"https:\/\/www.delasalle.qc.ca\/?page_id=1414\">Rayonnement de priant<\/a><\/u><\/strong><strong>\u00a0<\/strong><\/p>\n<p style=\"text-align: right;\"><strong><u><a href=\"https:\/\/www.delasalle.qc.ca\/?page_id=1391\">Rayonnement comme gu\u00e9risseur<\/a><\/u><\/strong><strong>\u00a0<\/strong><\/p>\n<p style=\"text-align: right;\"><strong><u><a href=\"https:\/\/www.delasalle.qc.ca\/?page_id=1407\">Rayonnement de ses \u00e9crits<\/a><\/u><\/strong><\/p>\n","protected":false},"excerpt":{"rendered":"<p>Retour \u00e0 la page du V\u00e9n\u00e9rable Chatillon En cliquant sur l&rsquo;hyperlien, vous pourrez visionner ces vid\u00e9os qui d\u00e9crivent la vie du v\u00e9n\u00e9rable Adolphe Chatillon. Le lecteur est\u00a0M.\u00a0Raymond Beaugrand-Champagne, qui est aussi l&rsquo;auteur du texte. Noter que Th\u00e9ophanius-L\u00e9o a \u00e9t\u00e9 le nom de religieux du v\u00e9n\u00e9rable Adolphe Chatillon qui est d\u00e9sign\u00e9 comme tel depuis l&rsquo;ann\u00e9e 2011.&hellip;<\/p>\n","protected":false},"author":1,"featured_media":0,"parent":0,"menu_order":0,"comment_status":"closed","ping_status":"closed","template":"","meta":{"_bbp_topic_count":0,"_bbp_reply_count":0,"_bbp_total_topic_count":0,"_bbp_total_reply_count":0,"_bbp_voice_count":0,"_bbp_anonymous_reply_count":0,"_bbp_topic_count_hidden":0,"_bbp_reply_count_hidden":0,"_bbp_forum_subforum_count":0,"footnotes":""},"class_list":["post-1414","page","type-page","status-publish","hentry"],"_links":{"self":[{"href":"https:\/\/www.delasalle.qc.ca\/index.php?rest_route=\/wp\/v2\/pages\/1414","targetHints":{"allow":["GET"]}}],"collection":[{"href":"https:\/\/www.delasalle.qc.ca\/index.php?rest_route=\/wp\/v2\/pages"}],"about":[{"href":"https:\/\/www.delasalle.qc.ca\/index.php?rest_route=\/wp\/v2\/types\/page"}],"author":[{"embeddable":true,"href":"https:\/\/www.delasalle.qc.ca\/index.php?rest_route=\/wp\/v2\/users\/1"}],"replies":[{"embeddable":true,"href":"https:\/\/www.delasalle.qc.ca\/index.php?rest_route=%2Fwp%2Fv2%2Fcomments&post=1414"}],"version-history":[{"count":11,"href":"https:\/\/www.delasalle.qc.ca\/index.php?rest_route=\/wp\/v2\/pages\/1414\/revisions"}],"predecessor-version":[{"id":1519,"href":"https:\/\/www.delasalle.qc.ca\/index.php?rest_route=\/wp\/v2\/pages\/1414\/revisions\/1519"}],"wp:attachment":[{"href":"https:\/\/www.delasalle.qc.ca\/index.php?rest_route=%2Fwp%2Fv2%2Fmedia&parent=1414"}],"curies":[{"name":"wp","href":"https:\/\/api.w.org\/{rel}","templated":true}]}}