{"id":147,"date":"2016-04-28T19:50:13","date_gmt":"2016-04-28T18:50:13","guid":{"rendered":"http:\/\/www.mediahostsolutions.net\/lasalle\/?page_id=147"},"modified":"2016-04-28T19:50:13","modified_gmt":"2016-04-28T18:50:13","slug":"fondation-de-la-salle","status":"publish","type":"page","link":"https:\/\/www.delasalle.qc.ca\/?page_id=147","title":{"rendered":"Fondation De La Salle"},"content":{"rendered":"<p>La Fondation De La Salle est un organisme fond\u00e9 et administr\u00e9 par les Fr\u00e8res des \u00c9coles chr\u00e9tiennes. Cet organisme ramasse des fonds pour la formation humaine et chr\u00e9tienne des jeunes en Ha\u00efti et au Cameroun. Les dons re\u00e7us sont achemin\u00e9s directement aux missionnaires qui travaillent en ces pays.<\/p>\n<p>Merci \u00e0 tous les donateurs et donatrices !<\/p>\n<p>Fondation De La Salle<br \/>\n270, rue de Normandie<br \/>\nLongueuil (Qu\u00e9bec)\u00a0 J4H 3P2<\/p>\n<p><a href=\"mailto:fondationdls@delasalle.qc.ca\"><strong>fondationdls@delasalle.qc.ca<\/strong><\/a><\/p>\n","protected":false},"excerpt":{"rendered":"<p>La Fondation De La Salle est un organisme fond\u00e9 et administr\u00e9 par les Fr\u00e8res des \u00c9coles chr\u00e9tiennes. Cet organisme ramasse des fonds pour la formation humaine et chr\u00e9tienne des jeunes en Ha\u00efti et au Cameroun. Les dons re\u00e7us sont achemin\u00e9s directement aux missionnaires qui travaillent en ces pays. Merci \u00e0 tous les donateurs et donatrices&hellip;<\/p>\n","protected":false},"author":1,"featured_media":0,"parent":0,"menu_order":0,"comment_status":"closed","ping_status":"closed","template":"page-full.php","meta":{"_bbp_topic_count":0,"_bbp_reply_count":0,"_bbp_total_topic_count":0,"_bbp_total_reply_count":0,"_bbp_voice_count":0,"_bbp_anonymous_reply_count":0,"_bbp_topic_count_hidden":0,"_bbp_reply_count_hidden":0,"_bbp_forum_subforum_count":0,"footnotes":""},"class_list":["post-147","page","type-page","status-publish","hentry"],"_links":{"self":[{"href":"https:\/\/www.delasalle.qc.ca\/index.php?rest_route=\/wp\/v2\/pages\/147","targetHints":{"allow":["GET"]}}],"collection":[{"href":"https:\/\/www.delasalle.qc.ca\/index.php?rest_route=\/wp\/v2\/pages"}],"about":[{"href":"https:\/\/www.delasalle.qc.ca\/index.php?rest_route=\/wp\/v2\/types\/page"}],"author":[{"embeddable":true,"href":"https:\/\/www.delasalle.qc.ca\/index.php?rest_route=\/wp\/v2\/users\/1"}],"replies":[{"embeddable":true,"href":"https:\/\/www.delasalle.qc.ca\/index.php?rest_route=%2Fwp%2Fv2%2Fcomments&post=147"}],"version-history":[{"count":0,"href":"https:\/\/www.delasalle.qc.ca\/index.php?rest_route=\/wp\/v2\/pages\/147\/revisions"}],"wp:attachment":[{"href":"https:\/\/www.delasalle.qc.ca\/index.php?rest_route=%2Fwp%2Fv2%2Fmedia&parent=147"}],"curies":[{"name":"wp","href":"https:\/\/api.w.org\/{rel}","templated":true}]}}