{"id":16,"date":"2016-02-03T03:43:59","date_gmt":"2016-02-03T02:43:59","guid":{"rendered":"http:\/\/www.mediahostsolutions.net\/lasalle\/?page_id=16"},"modified":"2024-03-20T10:12:00","modified_gmt":"2024-03-20T14:12:00","slug":"nous-joindre","status":"publish","type":"page","link":"https:\/\/www.delasalle.qc.ca\/?page_id=16","title":{"rendered":"Nous joindre"},"content":{"rendered":"<p><strong>Fr\u00e8res des \u00c9coles Chr\u00e9tiennes<\/strong><br \/>\n270, rue de Normandie<br \/>\nLongueuil (Qu\u00e9bec)<br \/>\nJ4H 3P2<br \/>\nCanada<\/p>\n<p>Courriel:<br \/>\n<a href=\"ddevillers@delasalle.qc.ca\">ddevillers@delasalle.qc.ca<\/a><\/p>\n<p>T\u00e9l\u00e9phone:<br \/>\n(450) 670-4110<\/p>\n","protected":false},"excerpt":{"rendered":"<p>Fr\u00e8res des \u00c9coles Chr\u00e9tiennes 270, rue de Normandie Longueuil (Qu\u00e9bec) J4H 3P2 Canada Courriel: ddevillers@delasalle.qc.ca T\u00e9l\u00e9phone: (450) 670-4110<\/p>\n","protected":false},"author":1,"featured_media":0,"parent":0,"menu_order":0,"comment_status":"closed","ping_status":"closed","template":"","meta":{"_bbp_topic_count":0,"_bbp_reply_count":0,"_bbp_total_topic_count":0,"_bbp_total_reply_count":0,"_bbp_voice_count":0,"_bbp_anonymous_reply_count":0,"_bbp_topic_count_hidden":0,"_bbp_reply_count_hidden":0,"_bbp_forum_subforum_count":0,"footnotes":""},"class_list":["post-16","page","type-page","status-publish","hentry"],"_links":{"self":[{"href":"https:\/\/www.delasalle.qc.ca\/index.php?rest_route=\/wp\/v2\/pages\/16","targetHints":{"allow":["GET"]}}],"collection":[{"href":"https:\/\/www.delasalle.qc.ca\/index.php?rest_route=\/wp\/v2\/pages"}],"about":[{"href":"https:\/\/www.delasalle.qc.ca\/index.php?rest_route=\/wp\/v2\/types\/page"}],"author":[{"embeddable":true,"href":"https:\/\/www.delasalle.qc.ca\/index.php?rest_route=\/wp\/v2\/users\/1"}],"replies":[{"embeddable":true,"href":"https:\/\/www.delasalle.qc.ca\/index.php?rest_route=%2Fwp%2Fv2%2Fcomments&post=16"}],"version-history":[{"count":6,"href":"https:\/\/www.delasalle.qc.ca\/index.php?rest_route=\/wp\/v2\/pages\/16\/revisions"}],"predecessor-version":[{"id":6923,"href":"https:\/\/www.delasalle.qc.ca\/index.php?rest_route=\/wp\/v2\/pages\/16\/revisions\/6923"}],"wp:attachment":[{"href":"https:\/\/www.delasalle.qc.ca\/index.php?rest_route=%2Fwp%2Fv2%2Fmedia&parent=16"}],"curies":[{"name":"wp","href":"https:\/\/api.w.org\/{rel}","templated":true}]}}