{"id":181,"date":"2016-04-29T18:07:50","date_gmt":"2016-04-29T17:07:50","guid":{"rendered":"http:\/\/www.mediahostsolutions.net\/lasalle\/?page_id=181"},"modified":"2016-08-25T08:07:14","modified_gmt":"2016-08-25T12:07:14","slug":"ecrits-du-fondateur","status":"publish","type":"page","link":"https:\/\/www.delasalle.qc.ca\/?page_id=181","title":{"rendered":"\u00c9crits du fondateur"},"content":{"rendered":"<p>Le service des\u00a0<span class=\"rougegras\">\u00ab\u00a0\u00c9tudes Lasalliennes\u00a0\u00bb au Centre de l&rsquo;Institut \u00e0 Rome\u00a0a<\/span>\u00a0publi\u00e9 les <strong><em>\u0152uvres Compl\u00e8tes de saint Jean-Baptiste de La Salle<\/em><\/strong>, sur papier, en 1993. Le fr\u00e8re qu\u00e9b\u00e9cois Jean Bernier \u00a0s&rsquo;est impos\u00e9 au d\u00e9but de ce si\u00e8cle d&rsquo;en faire la saisie \u00e9lectronique. Ce texte a \u00e9t\u00e9 v\u00e9rifi\u00e9, enrichi de notes et de r\u00e9f\u00e9rences diverses. L\u2019ensemble du texte et chacun des ouvrages comportent une pr\u00e9sentation, r\u00e9dig\u00e9e par le Fr\u00e8re Alain Houry, alors\u00a0Directeur des \u00c9tudes lasalliennes (1993-2004). Ces documents tirent leur origine des Archives lasalliennes de France.<\/p>\n<table>\n<tbody>\n<tr>\n<td colspan=\"3\"><strong>\u00a0 \u00a0 \u00a0 \u00a0 \u00a0 \u00a0 \u00a0 \u00a0 \u00a0 \u00a0 \u00a0 \u00a0 \u00a0 \u00a0 \u00a0 \u00a0 \u00a0 \u00a0 \u00a0 \u00a0 \u00a0 \u00a0 \u00a0\u00a0<\/strong><em><a href=\"https:\/\/www.delasalle.qc.ca\/wp-content\/uploads\/2016\/04\/Introduction-g\u00e9n\u00e9rale-aux-\u00e9crits-de-saint-Jean-Baptiste-de-La-Salle.pdf\">Introduction g\u00e9n\u00e9rale aux \u00e9crits de saint Jean-Baptiste de La Salle<\/a><\/em><\/td>\n<td><strong>\u00a0<\/strong><\/td>\n<\/tr>\n<tr>\n<td><strong>Sigle<\/strong><\/td>\n<td><strong>Titre de l&rsquo;ouvrage<\/strong><\/td>\n<td><strong>Texte de r\u00e9f\u00e9rence<\/strong><\/td>\n<td><strong>Source<\/strong><\/td>\n<\/tr>\n<tr>\n<td><\/td>\n<td><em><a href=\"https:\/\/www.delasalle.qc.ca\/wp-content\/uploads\/2016\/04\/Pr\u00e9sentation-des-r\u00e8gles-communes-et-de-la-r\u00e8gle-du-Fr\u00e8re-Directeur.pdf\">Pr\u00e9sentation des r\u00e8gles communes et de la r\u00e8gle du Fr\u00e8re Directeur<\/a><\/em><\/td>\n<td><\/td>\n<td><\/td>\n<\/tr>\n<tr>\n<td>RC<\/td>\n<td>\u00a0 \u00a0 \u00a0 \u00a0 \u00a0\u00a0<strong><a href=\"https:\/\/www.delasalle.qc.ca\/wp-content\/uploads\/2016\/04\/R\u00e8gles-Communes-des-Fr\u00e8res-des-\u00c9coles-chr\u00e9tiennes-RC.pdf\">R\u00e8gles Communes des Fr\u00e8res \u00a0(RC)<\/a><\/strong><\/td>\n<td>Fiches F. Maurice (CL 25: RC)<\/td>\n<td>manuscrit 1718<\/td>\n<\/tr>\n<tr>\n<td>FD<\/td>\n<td>\u00a0 \u00a0 \u00a0 \u00a0 \u00a0\u00a0<strong><a href=\"https:\/\/www.delasalle.qc.ca\/wp-content\/uploads\/2016\/04\/R\u00e8gle-du-Fr\u00e8re-Directeur-FD.pdf\">R\u00e8gle du Fr\u00e8re Directeur (FD)<\/a><\/strong><\/td>\n<td>Fiches F. Maurice (CL 25)<\/td>\n<td>manuscrit 1718<\/td>\n<\/tr>\n<tr>\n<td><\/td>\n<td><em><a href=\"https:\/\/www.delasalle.qc.ca\/wp-content\/uploads\/2016\/04\/Pr\u00e9sentation-du-M\u00e9moire-sur-lhabit.pdf\">Pr\u00e9sentation du M\u00e9moire sur l&rsquo;habit<\/a><\/em><\/td>\n<td><\/td>\n<td><\/td>\n<\/tr>\n<tr>\n<td>MH<\/td>\n<td>\u00a0 \u00a0 \u00a0 \u00a0 \u00a0\u00a0<strong><a href=\"https:\/\/www.delasalle.qc.ca\/wp-content\/uploads\/2016\/04\/M\u00e9moire-sur-lHabit-MH.pdf\">M\u00e9moire sur l&rsquo;Habit (MH)<\/a><\/strong><\/td>\n<td>CL 11 (cf. CL 5)<\/td>\n<td>autographe [1690)<\/td>\n<\/tr>\n<tr>\n<td><\/td>\n<td><em><a href=\"https:\/\/www.delasalle.qc.ca\/wp-content\/uploads\/2016\/04\/Pr\u00e9sentation-des-\u00c9crits-Personnels.pdf\">Pr\u00e9sentation des \u00c9crits Personnels<\/a><\/em><\/td>\n<td><\/td>\n<td><\/td>\n<\/tr>\n<tr>\n<td>EP<\/td>\n<td>\u00a0 \u00a0 \u00a0 \u00a0 \u00a0\u00a0<strong><a href=\"https:\/\/www.delasalle.qc.ca\/wp-content\/uploads\/2016\/04\/\u00c9crits-Personnels-EP.pdf\">\u00c9crits Personnels (EP)<\/a><\/strong><\/td>\n<td>CL 10 et 2<\/td>\n<td><\/td>\n<\/tr>\n<tr>\n<td><\/td>\n<td><em><a href=\"https:\/\/www.delasalle.qc.ca\/wp-content\/uploads\/2016\/04\/Pr\u00e9sentation-du-recueil-de-diff\u00e9rents-petits-trait\u00e9s.pdf\">Pr\u00e9sentation du recueil de diff\u00e9rents petits trait\u00e9s<\/a><\/em><\/td>\n<td><\/td>\n<td><\/td>\n<\/tr>\n<tr>\n<td>R<\/td>\n<td>\u00a0 \u00a0 \u00a0 \u00a0 \u00a0\u00a0<strong><a href=\"https:\/\/www.delasalle.qc.ca\/wp-content\/uploads\/2016\/04\/Recueil-de-diff\u00e9rents-petits-trait\u00e9s-R.pdf\">Recueil de diff\u00e9rents petits trait\u00e9s (R)<\/a><\/strong><\/td>\n<td>CL 15<\/td>\n<td>\u00e9dition dat\u00e9e 1711<\/td>\n<\/tr>\n<tr>\n<td><\/td>\n<td><em><a href=\"https:\/\/www.delasalle.qc.ca\/wp-content\/uploads\/2016\/04\/Pr\u00e9sentation-des-Directoires.pdf\">Pr\u00e9sentation des Directoires<\/a><\/em><\/td>\n<td><\/td>\n<td><\/td>\n<\/tr>\n<tr>\n<td>RD<\/td>\n<td>\u00a0 \u00a0 \u00a0 \u00a0 \u00a0\u00a0<strong><a href=\"https:\/\/www.delasalle.qc.ca\/wp-content\/uploads\/2016\/04\/Directoires-RD.pdf\">Directoires (RD)<\/a><\/strong><\/td>\n<td>CL 15<\/td>\n<td>\u00e9dition dat\u00e9e 1711<\/td>\n<\/tr>\n<tr>\n<td><\/td>\n<td><em><a href=\"https:\/\/www.delasalle.qc.ca\/wp-content\/uploads\/2016\/04\/Pr\u00e9sentation-de-lExplication-de-la-M\u00e9thode-dOraison.pdf\">Pr\u00e9sentation de l&rsquo;Explication de la M\u00e9thode d&rsquo;Oraison<\/a><\/em><\/td>\n<td><\/td>\n<td><\/td>\n<\/tr>\n<tr>\n<td>EM<\/td>\n<td>\u00a0 \u00a0 \u00a0 \u00a0 \u00a0\u00a0<strong><a href=\"https:\/\/www.delasalle.qc.ca\/wp-content\/uploads\/2016\/04\/Explication-de-la-M\u00e9thode-dOraison-EM.pdf\">Explication de la M\u00e9thode d&rsquo;Oraison (EM)<\/a><\/strong><\/td>\n<td>CL 50 (CL 14)<\/td>\n<td>\u00e9dition 1739<\/td>\n<\/tr>\n<tr>\n<td><\/td>\n<td><em><a href=\"https:\/\/www.delasalle.qc.ca\/wp-content\/uploads\/2016\/04\/Pr\u00e9sentation-de-lExplication-de-la-M\u00e9thode-dOraison-1.pdf\">Pr\u00e9sentation de l&rsquo;Explication de la M\u00e9thode d&rsquo;Oraison<\/a><\/em><\/td>\n<td><\/td>\n<td><\/td>\n<\/tr>\n<tr>\n<td>MD<\/td>\n<td>\u00a0 \u00a0 \u00a0 \u00a0 \u00a0\u00a0<strong><a href=\"https:\/\/www.delasalle.qc.ca\/wp-content\/uploads\/2016\/04\/M\u00e9ditations-pour-les-Dimanches-MD.pdf\">M\u00e9ditations pour les Dimanches (MD)<\/a><\/strong><\/td>\n<td>\u00e9dition 1982 (CL 12)<\/td>\n<td>\u00e9dition [1731)<\/td>\n<\/tr>\n<tr>\n<td>MF<\/td>\n<td>\u00a0 \u00a0 \u00a0 \u00a0 \u00a0\u00a0<strong><a href=\"https:\/\/www.delasalle.qc.ca\/wp-content\/uploads\/2016\/04\/M\u00e9ditations-pour-les-F\u00eates-MF.pdf\">M\u00e9ditations pour les F\u00eates (MF)<\/a><\/strong><\/td>\n<td>\u00e9dition 1982 (CL 12)<\/td>\n<td>\u00e9dition [1731]<\/td>\n<\/tr>\n<tr>\n<td><\/td>\n<td><em><a href=\"https:\/\/www.delasalle.qc.ca\/wp-content\/uploads\/2016\/04\/Pr\u00e9sentation-des-M\u00e9ditations-pour-le-Temps-de-la-Retraite.pdf\">Pr\u00e9sentation des M\u00e9ditations pour le Temps de la Retraite<\/a><\/em><\/td>\n<td><\/td>\n<td><\/td>\n<\/tr>\n<tr>\n<td>MR<\/td>\n<td>\u00a0 \u00a0 \u00a0 \u00a0 \u00a0\u00a0<strong><a href=\"https:\/\/www.delasalle.qc.ca\/wp-content\/uploads\/2016\/04\/M\u00e9ditations-pour-le-Temps-de-la-Retraite.pdf\">M\u00e9ditations pour le Temps de la Retraite<\/a><\/strong><\/td>\n<td>\u00e9dition 1982 (CL 13)<\/td>\n<td>\u00e9dition [1730]<\/td>\n<\/tr>\n<tr>\n<td>MA<\/td>\n<td>\u00a0 \u00a0 \u00a0 \u00a0 \u00a0\u00a0<strong><a href=\"https:\/\/www.delasalle.qc.ca\/wp-content\/uploads\/2016\/04\/M\u00e9ditations-Additionnelles.pdf\">M\u00e9ditations Additionnelles<\/a><\/strong><\/td>\n<td>\u00e9dition 1982 (CL 12)<\/td>\n<td>\u00e9dition [1731]<\/td>\n<\/tr>\n<tr>\n<td><\/td>\n<td><em><a href=\"https:\/\/www.delasalle.qc.ca\/wp-content\/uploads\/2016\/04\/Pr\u00e9sentation-des-Lettres.pdf\">Pr\u00e9sentation des Lettres<\/a><\/em><\/td>\n<td><\/td>\n<td><\/td>\n<\/tr>\n<tr>\n<td>LA<\/td>\n<td>\u00a0 \u00a0 \u00a0 \u00a0 \u00a0\u00a0<strong><a href=\"https:\/\/www.delasalle.qc.ca\/wp-content\/uploads\/2016\/04\/Lettres-autographes-LA.pdf\">Lettres autographes (LA)<\/a><\/strong><\/td>\n<td>Fiches F. Maurice<\/td>\n<td><\/td>\n<\/tr>\n<tr>\n<td>LC<\/td>\n<td>\u00a0 \u00a0 \u00a0 \u00a0 \u00a0\u00a0<strong><a href=\"https:\/\/www.delasalle.qc.ca\/wp-content\/uploads\/2016\/04\/Lettres-copi\u00e9es-LC.pdf\">Lettres copi\u00e9es (LC)<\/a><\/strong><\/td>\n<td>\u00e9dition 1954<\/td>\n<td><\/td>\n<\/tr>\n<tr>\n<td>LI<\/td>\n<td>\u00a0 \u00a0 \u00a0 \u00a0 \u00a0\u00a0<strong><a href=\"https:\/\/www.delasalle.qc.ca\/wp-content\/uploads\/2016\/04\/Lettres-Imprim\u00e9es-LI.pdf\">Lettres Imprim\u00e9es (LI)<\/a><\/strong><\/td>\n<td>\u00e9dition 1954<\/td>\n<td>Blain II, 1733; LI 39: 1774<\/td>\n<\/tr>\n<tr>\n<td><\/td>\n<td><em><a href=\"https:\/\/www.delasalle.qc.ca\/wp-content\/uploads\/2016\/04\/Pr\u00e9sentation-de-la-Conduite-des-\u00c9coles.pdf\">Pr\u00e9sentation de la Conduite des \u00c9coles<\/a><\/em><\/td>\n<td><\/td>\n<td><\/td>\n<\/tr>\n<tr>\n<td>CE<\/td>\n<td>\u00a0 \u00a0 \u00a0 \u00a0 \u00a0\u00a0<strong><a href=\"https:\/\/www.delasalle.qc.ca\/wp-content\/uploads\/2016\/04\/Conduite-des-\u00c9coles-CE.pdf\">Conduite des \u00c9coles (CE)<\/a><\/strong><\/td>\n<td>CL 24<\/td>\n<td>manuscrit [1706]; CE 15,0: 1720<\/td>\n<\/tr>\n<tr>\n<td><\/td>\n<td><em><a href=\"https:\/\/www.delasalle.qc.ca\/wp-content\/uploads\/2016\/04\/Pr\u00e9sentation-des-R\u00e8gles-de-la-Biens\u00e9ance.pdf\">Pr\u00e9sentation des R\u00e8gles de la Biens\u00e9ance<\/a><\/em><\/td>\n<td><\/td>\n<td><\/td>\n<\/tr>\n<tr>\n<td>RB<\/td>\n<td>\u00a0 \u00a0 \u00a0 \u00a0 \u00a0<strong><a href=\"https:\/\/www.delasalle.qc.ca\/wp-content\/uploads\/2016\/04\/R\u00e8gles-de-la-Biens\u00e9ance-et-de-la-Civilit\u00e9-chr\u00e9tiennes-RB.pdf\">R\u00e8gles de la Biens\u00e9ance et de la Civilit\u00e9 chr\u00e9tiennes (RB)<\/a><\/strong><\/td>\n<td>CL 19<\/td>\n<td>\u00e9dition 1703<\/td>\n<\/tr>\n<tr>\n<td><\/td>\n<td>\u00a0<em><a href=\"https:\/\/www.delasalle.qc.ca\/wp-content\/uploads\/2016\/04\/Pr\u00e9sentation-des-Devoirs-dun-Chr\u00e9tien-A.pdf\">Pr\u00e9sentation des Devoirs d&rsquo;un Chr\u00e9tien A<\/a><\/em><\/td>\n<td><\/td>\n<td><\/td>\n<\/tr>\n<tr>\n<td>DA<\/td>\n<td>\u00a0 \u00a0 \u00a0 \u00a0 \u00a0\u00a0<strong><a href=\"https:\/\/www.delasalle.qc.ca\/wp-content\/uploads\/2016\/04\/Devoirs-dun-Chr\u00e9tien-A-DA.pdf\">Devoirs d&rsquo;un Chr\u00e9tien A (DA)<\/a><\/strong><\/td>\n<td>CL 20<\/td>\n<td>\u00e9dition 1703<\/td>\n<\/tr>\n<tr>\n<td><\/td>\n<td>\u00a0<em><a href=\"https:\/\/www.delasalle.qc.ca\/wp-content\/uploads\/2016\/04\/Pr\u00e9sentation-des-Devoirs-dun-Chr\u00e9tien-B-du-Grand-et-du-Petit-Abr\u00e9g\u00e9.pdf\">Pr\u00e9sentation des Devoirs d&rsquo;un Chr\u00e9tien B, du Grand et du Petit Abr\u00e9g\u00e9<\/a><\/em><\/td>\n<td><\/td>\n<td><\/td>\n<\/tr>\n<tr>\n<td>DB<\/td>\n<td>\u00a0 \u00a0 \u00a0 \u00a0 \u00a0\u00a0<strong><a href=\"https:\/\/www.delasalle.qc.ca\/wp-content\/uploads\/2016\/04\/Devoirs-dun-Chr\u00e9tien-B-DB.pdf\">Devoirs d&rsquo;un Chr\u00e9tien B (DB)<\/a><\/strong><\/td>\n<td>CL 21<\/td>\n<td>\u00e9dition 1703<\/td>\n<\/tr>\n<tr>\n<td><\/td>\n<td><em><a href=\"https:\/\/www.delasalle.qc.ca\/wp-content\/uploads\/2016\/04\/Pr\u00e9sentation-des-Devoirs-dun-Chr\u00e9tien-C.pdf\">Pr\u00e9sentation des Devoirs d&rsquo;un Chr\u00e9tien C<\/a><\/em><\/td>\n<td><\/td>\n<td><\/td>\n<\/tr>\n<tr>\n<td>DC<\/td>\n<td>\u00a0 \u00a0 \u00a0 \u00a0 \u00a0\u00a0<strong><a href=\"https:\/\/www.delasalle.qc.ca\/wp-content\/uploads\/2016\/04\/Devoirs-dun-Chr\u00e9tien-C-DC.pdf\">Devoirs d&rsquo;un Chr\u00e9tien C (DC)<\/a><\/strong><\/td>\n<td>CL 22<\/td>\n<td>\u00e9dition 1703<\/td>\n<\/tr>\n<tr>\n<td>GA<\/td>\n<td>\u00a0 \u00a0 \u00a0 \u00a0 \u00a0\u00a0<strong><a href=\"https:\/\/www.delasalle.qc.ca\/wp-content\/uploads\/2016\/04\/Grand-Abr\u00e9g\u00e9-des-Devoirs-GA.pdf\">Grand Abr\u00e9g\u00e9 des Devoirs (GA)<\/a><\/strong><\/td>\n<td>CL 23<\/td>\n<td>\u00e9dition 1727 (1703)<\/td>\n<\/tr>\n<tr>\n<td>PA<\/td>\n<td>\u00a0 \u00a0 \u00a0 \u00a0 \u00a0\u00a0<strong><a href=\"https:\/\/www.delasalle.qc.ca\/wp-content\/uploads\/2016\/04\/Petit-Abr\u00e9g\u00e9-des-Devoirs-PA.pdf\">Petit Abr\u00e9g\u00e9 des Devoirs (PA)<\/a><\/strong><\/td>\n<td>CL 23<\/td>\n<td>\u00e9dition 1727 (1703)<\/td>\n<\/tr>\n<tr>\n<td><\/td>\n<td>\u00a0<em><a href=\"https:\/\/www.delasalle.qc.ca\/wp-content\/uploads\/2016\/04\/Pr\u00e9sentation-dInstructions-et-Pri\u00e8res.pdf\">Pr\u00e9sentation d&rsquo;Instructions et Pri\u00e8res<\/a><\/em><\/td>\n<td><\/td>\n<td><\/td>\n<\/tr>\n<tr>\n<td>IP<\/td>\n<td>\u00a0 \u00a0 \u00a0 \u00a0 \u00a0\u00a0<strong><a href=\"https:\/\/www.delasalle.qc.ca\/wp-content\/uploads\/2016\/04\/Instructions-et-Pri\u00e8res-I.pdf\">Instructions et Pri\u00e8res (I)<\/a><\/strong><\/td>\n<td>CL 17<\/td>\n<td>\u00e9dition 1734 (1703)<\/td>\n<\/tr>\n<tr>\n<td><\/td>\n<td>\u00a0<em><a href=\"https:\/\/www.delasalle.qc.ca\/wp-content\/uploads\/2016\/04\/Pr\u00e9sentations-des-Exercices-de-Pi\u00e9t\u00e9.pdf\">Pr\u00e9sentations des Exercices <strong>de Pi\u00e9t\u00e9<\/strong><\/a><\/em><\/td>\n<td><strong>\u00a0<\/strong><\/td>\n<td><strong>\u00a0<\/strong><\/td>\n<\/tr>\n<tr>\n<td><strong>E<\/strong><\/td>\n<td><strong>\u00a0 \u00a0 \u00a0 \u00a0 \u00a0\u00a0<\/strong><a href=\"https:\/\/www.delasalle.qc.ca\/wp-content\/uploads\/2016\/04\/Exercices-de-Pi\u00e9t\u00e9-E.pdf\">Exercices de Pi\u00e9t\u00e9 (E)<\/a><\/td>\n<td>CL 18<\/td>\n<td>\u00e9dition 1760 (1697)<\/td>\n<\/tr>\n<tr>\n<td><\/td>\n<td>\u00a0<em><a href=\"https:\/\/www.delasalle.qc.ca\/wp-content\/uploads\/2016\/04\/Pr\u00e9sentation-des-Cantiques-Spirituels-A.pdf\">Pr\u00e9sentation des Cantiques Spirituels A<\/a><\/em><\/td>\n<td><\/td>\n<td><\/td>\n<\/tr>\n<tr>\n<td>CA<\/td>\n<td>\u00a0 \u00a0 \u00a0 \u00a0 \u00a0\u00a0<strong><a href=\"https:\/\/www.delasalle.qc.ca\/wp-content\/uploads\/2016\/04\/Cantiques-Spirituels-A-CA.pdf\">Cantiques Spirituels A (CA)<\/a><\/strong><\/td>\n<td>CL 22<\/td>\n<td>\u00e9dition 1705<\/td>\n<\/tr>\n<tr>\n<td><\/td>\n<td><\/td>\n<td><\/td>\n<td><\/td>\n<\/tr>\n<\/tbody>\n<\/table>\n<p>Pour faire une recherche dans l&rsquo;ensemble des \u00e9crits du fondateur ou en extraire un texte, on peut t\u00e9l\u00e9charger l&rsquo;ensemble en cliquant ci-bas:<br \/>\n<a href=\"https:\/\/www.delasalle.qc.ca\/wp-content\/uploads\/2016\/04\/Oeuvres-compl\u00e8tes-de-JBDLS-sans-commentaires.pdf\">Oeuvres compl\u00e8tes de JBDLS sans commentaires<\/a><\/p>\n","protected":false},"excerpt":{"rendered":"<p>Le service des\u00a0\u00ab\u00a0\u00c9tudes Lasalliennes\u00a0\u00bb au Centre de l&rsquo;Institut \u00e0 Rome\u00a0a\u00a0publi\u00e9 les \u0152uvres Compl\u00e8tes de saint Jean-Baptiste de La Salle, sur papier, en 1993. Le fr\u00e8re qu\u00e9b\u00e9cois Jean Bernier \u00a0s&rsquo;est impos\u00e9 au d\u00e9but de ce si\u00e8cle d&rsquo;en faire la saisie \u00e9lectronique. Ce texte a \u00e9t\u00e9 v\u00e9rifi\u00e9, enrichi de notes et de r\u00e9f\u00e9rences diverses. L\u2019ensemble du texte&hellip;<\/p>\n","protected":false},"author":1,"featured_media":0,"parent":0,"menu_order":0,"comment_status":"closed","ping_status":"closed","template":"","meta":{"_bbp_topic_count":0,"_bbp_reply_count":0,"_bbp_total_topic_count":0,"_bbp_total_reply_count":0,"_bbp_voice_count":0,"_bbp_anonymous_reply_count":0,"_bbp_topic_count_hidden":0,"_bbp_reply_count_hidden":0,"_bbp_forum_subforum_count":0,"footnotes":""},"class_list":["post-181","page","type-page","status-publish","hentry"],"_links":{"self":[{"href":"https:\/\/www.delasalle.qc.ca\/index.php?rest_route=\/wp\/v2\/pages\/181","targetHints":{"allow":["GET"]}}],"collection":[{"href":"https:\/\/www.delasalle.qc.ca\/index.php?rest_route=\/wp\/v2\/pages"}],"about":[{"href":"https:\/\/www.delasalle.qc.ca\/index.php?rest_route=\/wp\/v2\/types\/page"}],"author":[{"embeddable":true,"href":"https:\/\/www.delasalle.qc.ca\/index.php?rest_route=\/wp\/v2\/users\/1"}],"replies":[{"embeddable":true,"href":"https:\/\/www.delasalle.qc.ca\/index.php?rest_route=%2Fwp%2Fv2%2Fcomments&post=181"}],"version-history":[{"count":35,"href":"https:\/\/www.delasalle.qc.ca\/index.php?rest_route=\/wp\/v2\/pages\/181\/revisions"}],"predecessor-version":[{"id":643,"href":"https:\/\/www.delasalle.qc.ca\/index.php?rest_route=\/wp\/v2\/pages\/181\/revisions\/643"}],"wp:attachment":[{"href":"https:\/\/www.delasalle.qc.ca\/index.php?rest_route=%2Fwp%2Fv2%2Fmedia&parent=181"}],"curies":[{"name":"wp","href":"https:\/\/api.w.org\/{rel}","templated":true}]}}