{"id":204,"date":"2016-05-02T04:41:23","date_gmt":"2016-05-02T03:41:23","guid":{"rendered":"http:\/\/www.mediahostsolutions.net\/lasalle\/?page_id=193"},"modified":"2017-03-24T06:29:30","modified_gmt":"2017-03-24T10:29:30","slug":"bible","status":"publish","type":"page","link":"https:\/\/www.delasalle.qc.ca\/?page_id=204","title":{"rendered":"Bible"},"content":{"rendered":"<p><strong>Interbible<\/strong><br \/>\n<a href=\"http:\/\/www.interbible.org\/\">Site sur la Bible et sur les \u00e9vangiles des dimanches.<\/a><\/p>\n<p><strong>Bible en fran\u00e7ais courant. <\/strong><br \/>\nPr\u00e9sence d\u2019un <a href=\"http:\/\/www.interbible.org\/interBible\/ecritures\/bfc\/index.htm\">moteur de recherche<\/a> permettant une consultation facile. On peut \u00e9galement consulter les introductions \u00e0 chacun des livres bibliques.<br \/>\n<a href=\"http:\/\/www.interbible.org\/interBible\/ecritures\/bfc\/index.htm\">Site de la Bible en fran\u00e7ais courant<\/a><\/p>\n","protected":false},"excerpt":{"rendered":"<p>Interbible Site sur la Bible et sur les \u00e9vangiles des dimanches. Bible en fran\u00e7ais courant. Pr\u00e9sence d\u2019un moteur de recherche permettant une consultation facile. On peut \u00e9galement consulter les introductions \u00e0 chacun des livres bibliques. Site de la Bible en fran\u00e7ais courant<\/p>\n","protected":false},"author":1,"featured_media":0,"parent":0,"menu_order":0,"comment_status":"closed","ping_status":"closed","template":"","meta":{"_bbp_topic_count":0,"_bbp_reply_count":0,"_bbp_total_topic_count":0,"_bbp_total_reply_count":0,"_bbp_voice_count":0,"_bbp_anonymous_reply_count":0,"_bbp_topic_count_hidden":0,"_bbp_reply_count_hidden":0,"_bbp_forum_subforum_count":0,"footnotes":""},"class_list":["post-204","page","type-page","status-publish","hentry"],"_links":{"self":[{"href":"https:\/\/www.delasalle.qc.ca\/index.php?rest_route=\/wp\/v2\/pages\/204","targetHints":{"allow":["GET"]}}],"collection":[{"href":"https:\/\/www.delasalle.qc.ca\/index.php?rest_route=\/wp\/v2\/pages"}],"about":[{"href":"https:\/\/www.delasalle.qc.ca\/index.php?rest_route=\/wp\/v2\/types\/page"}],"author":[{"embeddable":true,"href":"https:\/\/www.delasalle.qc.ca\/index.php?rest_route=\/wp\/v2\/users\/1"}],"replies":[{"embeddable":true,"href":"https:\/\/www.delasalle.qc.ca\/index.php?rest_route=%2Fwp%2Fv2%2Fcomments&post=204"}],"version-history":[{"count":3,"href":"https:\/\/www.delasalle.qc.ca\/index.php?rest_route=\/wp\/v2\/pages\/204\/revisions"}],"predecessor-version":[{"id":1343,"href":"https:\/\/www.delasalle.qc.ca\/index.php?rest_route=\/wp\/v2\/pages\/204\/revisions\/1343"}],"wp:attachment":[{"href":"https:\/\/www.delasalle.qc.ca\/index.php?rest_route=%2Fwp%2Fv2%2Fmedia&parent=204"}],"curies":[{"name":"wp","href":"https:\/\/api.w.org\/{rel}","templated":true}]}}