{"id":206,"date":"2016-05-02T05:01:03","date_gmt":"2016-05-02T04:01:03","guid":{"rendered":"http:\/\/www.mediahostsolutions.net\/lasalle\/?page_id=206"},"modified":"2017-03-24T06:36:13","modified_gmt":"2017-03-24T10:36:13","slug":"eglise","status":"publish","type":"page","link":"https:\/\/www.delasalle.qc.ca\/?page_id=206","title":{"rendered":"\u00c9glise"},"content":{"rendered":"<p><a href=\"http:\/\/www.vatican.va\/\">Site du Saint-Si\u00e8ge \u00e0 Rome.<\/a><\/p>\n<p><a href=\"http:\/\/www.cecc.ca\/\">Conf\u00e9rence des \u00e9v\u00eaques catholiques du Canada.<\/a><\/p>\n<p><a href=\"http:\/\/www.eveques.qc.ca\/\">Assembl\u00e9e des \u00e9v\u00eaques catholiques du Qu\u00e9bec. Ce site donne des liens avec tous les sites des dioc\u00e8ses du Qu\u00e9bec.<\/a><\/p>\n<p><a href=\"http:\/\/www.diocesemontreal.org\/\">Site du dioc\u00e8se catholique de Montr\u00e9al<\/a><\/p>\n<p><a href=\"http:\/\/www.diocesequebec.qc.ca\/\">Site du dioc\u00e8se de Qu\u00e9bec.<\/a><a href=\"http:\/\/www.diocesequebec.qc.ca\/\" target=\"_blank\"><br \/>\n<\/a><br \/>\n<a href=\"http:\/\/www.crc-canada.org\/\">Conf\u00e9rence religieuse canadienne.<\/a> Cet organisme regroupe tous les responsables majeurs des communaut\u00e9s religieuses d\u2019hommes et de femmes. On y retrouve des liens avec ces communaut\u00e9s ainsi que des liens concernant la justice sociale.<\/p>\n<p><a href=\"http:\/\/www.centrepri.qc.ca\/\">PRI : Pr\u00e9sence religieuse inter-communautaire.\u00a0<\/a> Le centre PRI est un carrefour de service, de r\u00e9f\u00e9rence, de soutien, de r\u00e9flexion et de ressourcement pour les communaut\u00e9s religieuses, les \u00e9quipes de formation, les agentes et agents sur le terrain en lien avec les jeunes.<\/p>\n","protected":false},"excerpt":{"rendered":"<p>Site du Saint-Si\u00e8ge \u00e0 Rome. Conf\u00e9rence des \u00e9v\u00eaques catholiques du Canada. Assembl\u00e9e des \u00e9v\u00eaques catholiques du Qu\u00e9bec. Ce site donne des liens avec tous les sites des dioc\u00e8ses du Qu\u00e9bec. Site du dioc\u00e8se catholique de Montr\u00e9al Site du dioc\u00e8se de Qu\u00e9bec. Conf\u00e9rence religieuse canadienne. Cet organisme regroupe tous les responsables majeurs des communaut\u00e9s religieuses d\u2019hommes&hellip;<\/p>\n","protected":false},"author":1,"featured_media":0,"parent":0,"menu_order":0,"comment_status":"closed","ping_status":"closed","template":"","meta":{"_bbp_topic_count":0,"_bbp_reply_count":0,"_bbp_total_topic_count":0,"_bbp_total_reply_count":0,"_bbp_voice_count":0,"_bbp_anonymous_reply_count":0,"_bbp_topic_count_hidden":0,"_bbp_reply_count_hidden":0,"_bbp_forum_subforum_count":0,"footnotes":""},"class_list":["post-206","page","type-page","status-publish","hentry"],"_links":{"self":[{"href":"https:\/\/www.delasalle.qc.ca\/index.php?rest_route=\/wp\/v2\/pages\/206","targetHints":{"allow":["GET"]}}],"collection":[{"href":"https:\/\/www.delasalle.qc.ca\/index.php?rest_route=\/wp\/v2\/pages"}],"about":[{"href":"https:\/\/www.delasalle.qc.ca\/index.php?rest_route=\/wp\/v2\/types\/page"}],"author":[{"embeddable":true,"href":"https:\/\/www.delasalle.qc.ca\/index.php?rest_route=\/wp\/v2\/users\/1"}],"replies":[{"embeddable":true,"href":"https:\/\/www.delasalle.qc.ca\/index.php?rest_route=%2Fwp%2Fv2%2Fcomments&post=206"}],"version-history":[{"count":2,"href":"https:\/\/www.delasalle.qc.ca\/index.php?rest_route=\/wp\/v2\/pages\/206\/revisions"}],"predecessor-version":[{"id":1347,"href":"https:\/\/www.delasalle.qc.ca\/index.php?rest_route=\/wp\/v2\/pages\/206\/revisions\/1347"}],"wp:attachment":[{"href":"https:\/\/www.delasalle.qc.ca\/index.php?rest_route=%2Fwp%2Fv2%2Fmedia&parent=206"}],"curies":[{"name":"wp","href":"https:\/\/api.w.org\/{rel}","templated":true}]}}