{"id":231,"date":"2016-05-02T14:38:31","date_gmt":"2016-05-02T13:38:31","guid":{"rendered":"http:\/\/www.mediahostsolutions.net\/lasalle\/?page_id=231"},"modified":"2019-02-03T07:52:42","modified_gmt":"2019-02-03T12:52:42","slug":"devenir-frere","status":"publish","type":"page","link":"https:\/\/www.delasalle.qc.ca\/?page_id=231","title":{"rendered":"Devenir fr\u00e8re dans le monde d&rsquo;aujourd&rsquo;hui"},"content":{"rendered":"<p style=\"text-align: justify;\">L&rsquo;Institut des Fr\u00e8res des \u00c9coles chr\u00e9tiennes est une congr\u00e9gation religieuse d\u2019hommes consacr\u00e9s \u00e0 Dieu, fond\u00e9e par saint Jean-Baptiste de La Salle, saint patron de tous les \u00e9ducateurs.<\/p>\n<p style=\"text-align: justify;\"><span style=\"color: #800080;\"><em>\u00ab <strong>Ambassadeurs et ministres de J\u00e9sus-Christ<\/strong> \u00bb, les&nbsp;Fr\u00e8res consacrent leur vie \u00e0 Dieu pour porter l\u2019\u00c9vangile&nbsp;dans le monde de l\u2019\u00e9ducation.&nbsp;<\/em><\/span><\/p>\n<p style=\"text-align: justify;\"><span style=\"color: #800080;\"><em>Le t\u00e9moignage d\u2019une communaut\u00e9 minist\u00e9rielle qui&nbsp;vit sa vie religieuse dans la charit\u00e9 fraternelle et la solidarit\u00e9&nbsp;avec les pauvres par le service \u00e9ducatif est la&nbsp;responsabilit\u00e9 premi\u00e8re des Fr\u00e8res et leur contribution&nbsp;particuli\u00e8re \u00e0 la mission partag\u00e9e.<\/em><\/span><\/p>\n<p style=\"text-align: justify;\"><span style=\"color: #800080;\"><em>Le t\u00e9moignage d\u2019une vie consacr\u00e9e, v\u00e9cue en communaut\u00e9&nbsp;est un signe et un instrument du plan de&nbsp;Dieu. &nbsp;Il manifeste que l\u2019amour est une r\u00e9alit\u00e9 salvifique&nbsp;et, qu\u2019\u00e9tant Fr\u00e8res entre eux et avec les autres,&nbsp;ils rendent visible le r\u00e8gne de Dieu.<\/em>&nbsp; &nbsp;<\/span>(Article 15, extrait de la <em>R\u00e8gle<\/em> des Fr\u00e8res des \u00c9coles chr\u00e9tiennes, Rome, 2015)<\/p>\n<p style=\"text-align: justify;\">La <strong>Congr\u00e9gation pour les Instituts de vie consacr\u00e9e et les Soci\u00e9t\u00e9s de vie apostolique<\/strong>&nbsp;au Vatican a produit en 2015 un document qui met en lumi\u00e8re l&rsquo;<strong><a href=\"http:\/\/www.viereligieuse.fr\/IMG\/pdf\/1._civcsva_le_religieux_frere_2015.pdf\">Identit\u00e9 et mission du religieux fr\u00e8re dans l&rsquo;\u00c9glise<\/a><\/strong>.<\/p>\n<p>Avez-vous un appel \u00e0 la vie consacr\u00e9e comme \u00e9ducateur&nbsp;?<\/p>\n<p>Recherchez-vous une spiritualit\u00e9 plus signifiante dans votre vie&nbsp;?<\/p>\n<h2>Explorez votre vocation comme fr\u00e8re et entrez dans un temps de discernement avec nous.<\/h2>\n<p style=\"text-align: justify;\">Vous marcherez aux c\u00f4t\u00e9s de fr\u00e8res et vous en saurez plus sur les valeurs et les perspectives qui d\u00e9finissent le fr\u00e8re et son mode de vie. Si vous ressentez le d\u00e9sir de devenir fr\u00e8re, communiquez avec nous et nous vous mettrons en contact avec une personne qui vous fournira des informations sur la nature de la vocation du fr\u00e8re dans l\u2019\u00c9glise et qui vous aidera \u00e0 discerner vos dons et vos talents et comment ces derniers se rapportent aux valeurs, \u00e0 la vie et \u00e0 la mission du fr\u00e8re. &nbsp;Ceci se fait \u00e0 travers une s\u00e9rie d\u2019entretiens individuels et de s\u00e9ances de groupe, avec des visites dans des communaut\u00e9s locales et par la participation dans des \u0153uvres d\u2019\u00e9ducation.<\/p>\n<p><strong>La d\u00e9marche<\/strong><\/p>\n<p><strong>Programme de contact<\/strong><\/p>\n<p style=\"text-align: justify;\">Apr\u00e8s vous \u00eatre mis en contact avec un directeur des vocations et apr\u00e8s une conversation, un moment de pri\u00e8re et de discernement, vous pouvez demander de rejoindre le programme de contact, un premier \u00ab&nbsp;oui&nbsp;\u00bb qui confirme que vous \u00eates ouvert et que les fr\u00e8res sont ouverts, mutuellement, \u00e0 marcher ensemble dans votre discernement continu d\u2019\u00eatre fr\u00e8re.<\/p>\n<p style=\"text-align: justify;\">Le programme est offert aux jeunes hommes qui sont au moins de l\u2019\u00e2ge coll\u00e9gial et qui discernent si Dieu les appelle \u00e0 cette vie de service. Nous vous encourageons \u00e0 participer au programme de contact pour franchir une nouvelle \u00e9tape dans votre discernement.<\/p>\n<p>Le programme de contact vous permet&nbsp;:<\/p>\n<ul>\n<li>De vous mettre en relation avec un fr\u00e8re qui vous guidera dans votre cheminement de pri\u00e8re et de vie spirituelle.<\/li>\n<li>De participer \u00e0 la retraite annuelle avec d\u2019autres fr\u00e8res et personnes qui en sont \u00e0 diff\u00e9rents stades de cheminement et de formation.<\/li>\n<li>De vivre en communaut\u00e9 et de servir dans une \u0153uvre lasallienne.<\/li>\n<li>De visiter les communaut\u00e9s locales de fr\u00e8res.<\/li>\n<\/ul>\n<p><strong>&nbsp;<\/strong><strong>Postulat<\/strong><\/p>\n<p style=\"text-align: justify;\">Le postulat est une p\u00e9riode de temps pour se pr\u00e9parer au noviciat. Cette pr\u00e9paration implique de vivre dans une communaut\u00e9 de postulants avec les autres postulants et fr\u00e8res, d\u2019apprendre \u00e0 int\u00e9grer les \u00e9l\u00e9ments \u00ab\u00a0fraternit\u00e9, foi et service\u00a0\u00bb. Des \u00e9tudes en th\u00e9ologie, pastorale, psychologie ou autres peuvent faire partie de cette exp\u00e9rience. Vous allez d\u00e9velopper une vie active de pri\u00e8re personnelle, communautaire et liturgique, \u00e9tudier la foi catholique, les saintes \u00c9critures, la vie et la vision de saint Jean-Baptiste de La Salle et participer \u00e0 des oeuvres lasallienne locales. &nbsp;Selon votre situation particuli\u00e8re, d\u2019autres exp\u00e9riences communautaires peuvent faire partie de la p\u00e9riode du postulat tout en enseignant \u00e0 temps plein. &nbsp;Au moins annuellement, vous discernerez votre appel \u00e0 la vie des fr\u00e8res et d\u00e9terminerez si vous \u00eates pr\u00eat pour la prochaine \u00e9tape de la formation, soit le noviciat.<strong>&nbsp;<\/strong><\/p>\n<p style=\"text-align: justify;\"><strong>Noviciat<\/strong><\/p>\n<p style=\"text-align: justify;\">L\u2019ann\u00e9e de noviciat est l\u2019ann\u00e9e officielle de pr\u00e9paration pour la vocation de fr\u00e8re. Au cours de l\u2019ann\u00e9e de noviciat, qui se d\u00e9roule au noviciat r\u00e9gional, il y a une formation \u00e0 la vie religieuse&nbsp;et des activit\u00e9s qui d\u00e9velopperont votre vie de foi, votre compr\u00e9hension de la vie consacr\u00e9e&nbsp;et votre exp\u00e9rience de la communaut\u00e9. Vous pourrez continuer certaines&nbsp;\u00e9tudes entreprises dans le programme de postulat, mais avec &nbsp;une initiation approfondie \u00e0 la vie religieuse. Dans le contexte communautaire du noviciat, vous grandirez principalement dans votre relation personnelle avec Dieu. &nbsp;\u00c0 l\u2019aide &nbsp;de lectures, de discussions et de r\u00e9flexions, vous commencerez \u00e0 int\u00e9grer votre compr\u00e9hension et votre exp\u00e9rience de vie de religieux qui a fait voeu d\u2019association pour le service \u00e9ducatif des pauvres, d\u2019ob\u00e9issance, de chastet\u00e9 et de pauvret\u00e9. Vous arriverez \u00e0 discerner votre appel \u00e0 professer des v\u0153ux annuels \u00e0 la fin de l\u2019ann\u00e9e, affirmant&nbsp;publiquement votre engagement dans une relation avec Dieu exprim\u00e9e par le biais du service et de la communaut\u00e9.<\/p>\n<p><strong>&nbsp;<\/strong><strong>V\u0153ux temporaires<\/strong><\/p>\n<p style=\"text-align: justify;\">Tout au long de cette p\u00e9riode, vous prononcerez des v\u0153ux annuels, vous vivrez dans une communaut\u00e9 tout en \u00e9tant actif dans une \u0153uvre d\u2019\u00e9ducation. Vous pourrez poursuivre des \u00e9tudes suppl\u00e9mentaires en soir\u00e9e ou pendant l\u2019\u00e9t\u00e9. Les fr\u00e8res qui ont fait leur profession temporaire se r\u00e9unissent au moins une fois par semestre pour partager les r\u00e9ussites et les d\u00e9fis de leur vie en tant que nouveaux fr\u00e8res. Apr\u00e8s cette exp\u00e9rience de communaut\u00e9 et de minist\u00e8re apostolique, vous pourrez demander \u00e0 prononcer vos v\u0153ux perp\u00e9tuels si vous avez 25 ans ou plus, et si vous avez profess\u00e9 vos voeux annuels pour une p\u00e9riode de cinq ans et particip\u00e9 \u00e0 une retraite portant sur la profession religieuse.<\/p>\n<p><strong>&nbsp;<\/strong><strong>V\u0153ux perp\u00e9tuels<\/strong><\/p>\n<p style=\"text-align: justify;\">Prononcer les v\u0153ux perp\u00e9tuels signale la fin de la formation initiale. Cette d\u00e9claration publique en pr\u00e9sence de Dieu, des fr\u00e8res et de l\u2019\u00c9glise indique votre engagement \u00e0 demeurer pour toute votre vie dans la communaut\u00e9 des Fr\u00e8res des \u00c9coles chr\u00e9tiennes. &nbsp;Habilit\u00e9 par la formation professionnelle et religieuse en cours, investi de responsabilit\u00e9s dans la communaut\u00e9 et le minist\u00e8re et gr\u00e2ce \u00e0 l\u2019appui des retraites annuelles, vous vous efforcerez d\u2019int\u00e9grer les \u00e9l\u00e9ments de la foi, du&nbsp;service et de la fraternit\u00e9 dans votre appel comme fr\u00e8re.<\/p>\n","protected":false},"excerpt":{"rendered":"<p>L&rsquo;Institut des Fr\u00e8res des \u00c9coles chr\u00e9tiennes est une congr\u00e9gation religieuse d\u2019hommes consacr\u00e9s \u00e0 Dieu, fond\u00e9e par saint Jean-Baptiste de La Salle, saint patron de tous les \u00e9ducateurs. \u00ab Ambassadeurs et ministres de J\u00e9sus-Christ \u00bb, les&nbsp;Fr\u00e8res consacrent leur vie \u00e0 Dieu pour porter l\u2019\u00c9vangile&nbsp;dans le monde de l\u2019\u00e9ducation.&nbsp; Le t\u00e9moignage d\u2019une communaut\u00e9 minist\u00e9rielle qui&nbsp;vit sa vie&hellip;<\/p>\n","protected":false},"author":1,"featured_media":4195,"parent":0,"menu_order":0,"comment_status":"closed","ping_status":"closed","template":"","meta":{"_bbp_topic_count":0,"_bbp_reply_count":0,"_bbp_total_topic_count":0,"_bbp_total_reply_count":0,"_bbp_voice_count":0,"_bbp_anonymous_reply_count":0,"_bbp_topic_count_hidden":0,"_bbp_reply_count_hidden":0,"_bbp_forum_subforum_count":0,"footnotes":""},"class_list":["post-231","page","type-page","status-publish","has-post-thumbnail","hentry"],"_links":{"self":[{"href":"https:\/\/www.delasalle.qc.ca\/index.php?rest_route=\/wp\/v2\/pages\/231","targetHints":{"allow":["GET"]}}],"collection":[{"href":"https:\/\/www.delasalle.qc.ca\/index.php?rest_route=\/wp\/v2\/pages"}],"about":[{"href":"https:\/\/www.delasalle.qc.ca\/index.php?rest_route=\/wp\/v2\/types\/page"}],"author":[{"embeddable":true,"href":"https:\/\/www.delasalle.qc.ca\/index.php?rest_route=\/wp\/v2\/users\/1"}],"replies":[{"embeddable":true,"href":"https:\/\/www.delasalle.qc.ca\/index.php?rest_route=%2Fwp%2Fv2%2Fcomments&post=231"}],"version-history":[{"count":9,"href":"https:\/\/www.delasalle.qc.ca\/index.php?rest_route=\/wp\/v2\/pages\/231\/revisions"}],"predecessor-version":[{"id":4196,"href":"https:\/\/www.delasalle.qc.ca\/index.php?rest_route=\/wp\/v2\/pages\/231\/revisions\/4196"}],"wp:featuredmedia":[{"embeddable":true,"href":"https:\/\/www.delasalle.qc.ca\/index.php?rest_route=\/wp\/v2\/media\/4195"}],"wp:attachment":[{"href":"https:\/\/www.delasalle.qc.ca\/index.php?rest_route=%2Fwp%2Fv2%2Fmedia&parent=231"}],"curies":[{"name":"wp","href":"https:\/\/api.w.org\/{rel}","templated":true}]}}