{"id":233,"date":"2016-05-02T14:47:35","date_gmt":"2016-05-02T13:47:35","guid":{"rendered":"http:\/\/www.mediahostsolutions.net\/lasalle\/?page_id=233"},"modified":"2016-11-02T10:18:43","modified_gmt":"2016-11-02T14:18:43","slug":"boutique","status":"publish","type":"page","link":"https:\/\/www.delasalle.qc.ca\/?page_id=233","title":{"rendered":"Boutique"},"content":{"rendered":"<p><img loading=\"lazy\" decoding=\"async\" class=\"size-full wp-image-541 alignleft\" src=\"https:\/\/www.delasalle.qc.ca\/wp-content\/uploads\/2016\/05\/Tomei.jpg\" alt=\"Tomei\" width=\"89\" height=\"120\" \/><\/p>\n<p style=\"margin: 0cm; margin-bottom: .0001pt;\"><span style=\"font-family: 'Georgia',serif; color: #333333;\">Nive Voisine,\u00a0<strong><i><span style=\"font-family: 'Georgia',serif;\">Les Fr\u00e8res des \u00c9coles chr\u00e9tiennes au Canada,<\/span><\/i><\/strong><\/span><\/p>\n<p style=\"margin: 0cm; margin-bottom: .0001pt;\"><span style=\"font-family: 'Georgia',serif; color: #333333;\">tome I :<strong><i><span style=\"font-family: 'Georgia',serif;\">\u00a0<\/span><\/i><\/strong><strong><span style=\"font-family: 'Georgia',serif;\">La conqu\u00eate de l&rsquo;Am\u00e9rique, 1837-1880<\/span><\/strong>. \u00a0<\/span><\/p>\n<p style=\"margin: 0cm; margin-bottom: .0001pt;\"><span style=\"font-family: 'Georgia',serif; color: #333333;\">\u00c9d. Anne Sigier, Qu\u00e9bec, 1987, 444 pages.<\/span><\/p>\n<p style=\"line-height: 18.0pt;\"><strong><span style=\"font-family: 'Georgia',serif; color: #333333;\">\u00c9PUIS\u00c9<\/span><\/strong><\/p>\n<p style=\"line-height: 18.0pt;\"><span style=\"font-family: 'Georgia',serif; color: #333333;\"><img loading=\"lazy\" decoding=\"async\" class=\"size-full wp-image-542 alignleft\" src=\"https:\/\/www.delasalle.qc.ca\/wp-content\/uploads\/2016\/05\/Tomeii.jpg\" alt=\"Tomeii\" width=\"89\" height=\"120\" \/><\/span><\/p>\n<p style=\"margin: 0cm; margin-bottom: .0001pt;\"><span style=\"font-family: 'Georgia',serif; color: #333333;\">Nive Voisine,\u00a0<strong><i><span style=\"font-family: 'Georgia',serif;\">Les Fr\u00e8res des \u00c9coles chr\u00e9tiennes au Canada,<\/span><\/i><\/strong><\/span><\/p>\n<p style=\"margin: 0cm; margin-bottom: .0001pt;\"><span style=\"font-family: 'Georgia',serif; color: #333333;\">tome II :\u00a0<strong><i><span style=\"font-family: 'Georgia',serif;\">Une \u00e8re de prosp\u00e9rit\u00e9, 1880-1946.<\/span><\/i><\/strong><span class=\"apple-converted-space\">\u00a0<\/span>\u00a0<\/span><\/p>\n<p style=\"margin: 0cm; margin-bottom: .0001pt;\"><span style=\"font-family: 'Georgia',serif; color: #333333;\">\u00c9d. Anne Sigier, Qu\u00e9bec, 1991, 472 pages.<\/span><\/p>\n<p style=\"line-height: 18.0pt; orphans: auto; text-align: start; widows: 1; -webkit-text-stroke-width: 0px; word-spacing: 0px;\"><span style=\"font-family: 'Georgia',serif; color: #333333;\"><strong>32 $<\/strong> incluant les frais d&rsquo;envoi (sauf pour l&rsquo;international)<\/span><\/p>\n<p><span style=\"font-family: 'Georgia',serif; color: #333333;\"><img loading=\"lazy\" decoding=\"async\" class=\"size-full wp-image-541 alignleft\" src=\"https:\/\/www.delasalle.qc.ca\/wp-content\/uploads\/2016\/05\/Tomei.jpg\" alt=\"Tomei\" width=\"89\" height=\"120\" \/><\/span><\/p>\n<p style=\"margin: 0cm; margin-bottom: .0001pt;\"><span style=\"font-family: 'Georgia',serif; color: #333333;\">Nive Voisine,\u00a0<strong><i><span style=\"font-family: 'Georgia',serif;\">Les Fr\u00e8res des \u00c9coles chr\u00e9tiennes au Canada,<\/span><\/i><\/strong><\/span><\/p>\n<p style=\"margin: 0cm; margin-bottom: .0001pt;\"><span style=\"font-family: 'Georgia',serif; color: #333333;\">tome III:\u00a0<strong><i><span style=\"font-family: 'Georgia',serif;\">Inqui\u00e9tudes et renouvellement, 1946-1987,<\/span><\/i><\/strong><em><span style=\"font-family: 'Georgia',serif;\">\u00a0<\/span><\/em><\/span><em><span style=\"font-family: 'Georgia',serif; color: #333333;\">\u00c9ditions Anne Sigier,<\/span><\/em><strong><i><span style=\"font-family: 'Georgia',serif; color: #333333;\">\u00a0<\/span><\/i><\/strong><span style=\"font-family: 'Georgia',serif; color: #333333;\">Qu\u00e9bec, 1999,\u00a0406 pages.<\/span><\/p>\n<p style=\"margin: 0cm; margin-bottom: .0001pt;\"><span style=\"font-family: 'Georgia',serif; color: #333333;\">\u00a0<\/span><span style=\"font-family: 'Georgia',serif; color: #333333;\"><strong>32<\/strong> $ incluant les frais d&rsquo;envoi.<\/span><\/p>\n<p style=\"margin: 0cm; margin-bottom: .0001pt;\"><span style=\"font-family: Georgia, serif; color: #ffffff;\"><strong>____________\u00a0<\/strong><\/span><\/p>\n<p style=\"margin: 0cm; margin-bottom: .0001pt;\"><span style=\"font-family: 'Georgia',serif; color: #333333;\"><strong>\u00a0<span style=\"color: #ffffff;\"> __________<\/span><\/strong><\/span><\/p>\n<p>&nbsp;<\/p>\n<p><span style=\"color: #ffffff;\"><img loading=\"lazy\" decoding=\"async\" class=\"alignleft\" src=\"https:\/\/www.delasalle.qc.ca\/wp-content\/uploads\/2016\/10\/CEST-TON-OEUVRE-2-e1477595892304.jpg\" alt=\"cest-ton-oeuvre\" width=\"100\" height=\"153\" \/><\/span><\/p>\n<p><span style=\"color: #ffffff;\">_______________<\/span><\/p>\n<p>Luke Salm, F.S.C.,\u00a0<em><strong>C&rsquo;est ton oeuvre&#8230; \u00a0La vie de saint Jean-Baptiste de La Salle<\/strong><\/em>, traduction de Gabriel Dub\u00e9, F.\u00c9.C. et Florent Gaudreault, F.\u00c9.C.<\/p>\n<p>\u00c9dit\u00e9 par les Fr\u00e8res des \u00c9coles chr\u00e9tiennes du Canada francophone, 2015, 260 pages,<\/p>\n<p><strong>30 $<\/strong> incluant les frais d&rsquo;envoi.<\/p>\n<p><span style=\"color: #ffffff;\">_________<\/span><\/p>\n<p><img loading=\"lazy\" decoding=\"async\" class=\"alignleft\" src=\"https:\/\/www.delasalle.qc.ca\/wp-content\/uploads\/2016\/10\/PRIER-15-JOURS-e1477575005989.jpg\" alt=\"prier-15-jours\" width=\"100\" height=\"166\" \/><span style=\"color: #ffffff;\">___________<\/span><\/p>\n<p>Gilles Beaudet, F.\u00c9.C.,\u00a0<em><strong>Prier 15 jours avec Jean-Baptiste de La Salle<\/strong><\/em>,<\/p>\n<p>\u00c9d. Nouvelle cit\u00e9, 1999, 128 pages.<\/p>\n<p><strong>18 $<\/strong> incluant les frais d&rsquo;envoi.<\/p>\n<p>&nbsp;<\/p>\n<p><img loading=\"lazy\" decoding=\"async\" class=\"alignleft\" src=\"https:\/\/www.delasalle.qc.ca\/wp-content\/uploads\/2016\/10\/LEXP\u00c9RIENCE-DE-DIEU-e1477575260891.jpg\" alt=\"lexperience-de-dieu\" width=\"100\" height=\"145\" \/><\/p>\n<p>&nbsp;<\/p>\n<p>Gilles Beaudet, F.\u00c9.C.,<em><strong>\u00a0L&rsquo;Exp\u00e9rience de Dieu avec Jean-Baptiste de La Salle<\/strong><\/em>,<\/p>\n<p>\u00c9d. Fides, 2001, 142 pages.<\/p>\n<p><strong>21 $<\/strong> incluant les frais d&rsquo;envoi.<\/p>\n<p>&nbsp;<\/p>\n<p><img loading=\"lazy\" decoding=\"async\" class=\"alignleft\" src=\"https:\/\/www.delasalle.qc.ca\/wp-content\/uploads\/2016\/10\/PRIER-AVEC-JEAN-BAPTISTE-DE-LA-SALLE-e1477575607478.jpg\" alt=\"prier-avec-jean-baptiste-de-la-salle\" width=\"100\" height=\"131\" \/><\/p>\n<p>Carl Koch, F.\u00c9.C.,\u00a0<em><strong>Prier avec Jean-Baptiste de La Salle<\/strong><\/em>,traduction de l&rsquo;anglais par Gabriel Dub\u00e9, F.\u00c9.C., illustrations de G\u00e9rald Lemire, F.\u00c9.C.,<\/p>\n<p>\u00e9dit\u00e9 par les Fr\u00e8res des \u00c9coles Chr\u00e9tiennes, 1991, 124 pages.<\/p>\n<p><strong>24 $<\/strong> incluant les frais d&rsquo;envoi.<\/p>\n<p>&nbsp;<\/p>\n<p><img loading=\"lazy\" decoding=\"async\" class=\"alignleft\" src=\"https:\/\/www.delasalle.qc.ca\/wp-content\/uploads\/2016\/10\/49e-CONGR\u00c8S-EUCHARISTIQUE-2008-e1477575363569.jpg\" alt=\"49e-congres-eucharistique-2008\" width=\"100\" height=\"159\" \/><span style=\"color: #ffffff;\">__________<\/span><\/p>\n<p>Extraits de la Circulaire 142 de F. Gabriel-Marie, Sup\u00e9rieur g\u00e9n\u00e9ral, 1906, <em><strong>Mission eucharistique de saint Jean-Baptiste de La Salle.<\/strong><\/em><\/p>\n<p>Reproduction \u00a0en photocopie, janvier 2008.<\/p>\n<p><strong>4 $<\/strong>, incluant les frais d&rsquo;envoi.<\/p>\n<p>&nbsp;<\/p>\n<p><img loading=\"lazy\" decoding=\"async\" class=\"alignleft\" src=\"https:\/\/www.delasalle.qc.ca\/wp-content\/uploads\/2016\/10\/RAPHA\u00cbL-RAFIRINGA-e1477575450473.jpg\" alt=\"raphael-rafiringa\" width=\"100\" height=\"138\" \/><\/p>\n<p><span style=\"color: #ffffff;\">___________<\/span><\/p>\n<p><em><strong>Bienheureux Rapha\u00ebl Rafiringa, un Fr\u00e8re des \u00c9coles chr\u00e9tiennes de Madagascar<\/strong><\/em>,<\/p>\n<p>\u00c9dit\u00e9 par l&rsquo;Institut des F.\u00c9.C., Postulation g\u00e9n\u00e9rale, Rome, 2009, 36 pages.<\/p>\n<p><strong>5 $<\/strong> incluant les frais d&rsquo;envoi.<\/p>\n<p>&nbsp;<\/p>\n<p><img loading=\"lazy\" decoding=\"async\" class=\"alignleft\" src=\"https:\/\/www.delasalle.qc.ca\/wp-content\/uploads\/2016\/10\/VIES-DONN\u00c9ES-JUSQUAU-SANG-e1477575784828.jpg\" alt=\"vies-donnees-jusquau-sang\" width=\"100\" height=\"142\" \/><\/p>\n<p><span style=\"color: #ffffff;\">________________<\/span><\/p>\n<p><em><strong>Vies donn\u00e9es jusqu&rsquo;au sang, 165 Fr\u00e8res des \u00c9coles chr\u00e9tiennes martyrs, Espagne 1934-1939<\/strong><\/em><\/p>\n<p>\u00c9dit\u00e9 par l&rsquo;Institut des F.\u00c9.C., Postulation g\u00e9n\u00e9rale, Rome, 2013, 116 pages.<\/p>\n<p><strong>14 $<\/strong> incluant les frais d&rsquo;envoi.<\/p>\n<p>&nbsp;<\/p>\n<p><img loading=\"lazy\" decoding=\"async\" class=\"alignleft\" src=\"https:\/\/www.delasalle.qc.ca\/wp-content\/uploads\/2016\/10\/VIES-DONN\u00c9ES-58-FR\u00c8RES-DLS-e1477576563529.jpg\" alt=\"vies-donnees-58-freres-dls\" width=\"100\" height=\"138\" \/><\/p>\n<p><span style=\"color: #ffffff;\"><em><strong>________________<\/strong><\/em><\/span><\/p>\n<p><em><strong>Vies donn\u00e9es, 58 Fr\u00e8res De La Salle, t\u00e9moins de J\u00e9sus Christ<\/strong><\/em><\/p>\n<p>Il s&rsquo;agit du dernier groupe de Fr\u00e8res Martyrs. \u00a0Ils faisaient partie d&rsquo;un groupe de 498 martyrs b\u00e9atifi\u00e9s le 28 octobre 2007.<\/p>\n<p><strong>14 $<\/strong> incluant les frais d&rsquo;envoi.<\/p>\n<p>&nbsp;<\/p>\n<p><img loading=\"lazy\" decoding=\"async\" class=\"size-full wp-image-868 alignleft\" src=\"https:\/\/www.delasalle.qc.ca\/wp-content\/uploads\/2016\/10\/MON-MIROIR-F-3-e1477593650879.jpg\" alt=\"mon-miroir-f\" width=\"100\" height=\"140\" \/>Fr\u00e8re Marie- Victorin, <em><strong>Mon miroir &#8211; Journaux intimes 1903-1920<\/strong><\/em>,<\/p>\n<p>\u00c9dition \u00e9tablie et annot\u00e9e par Gilles Beaudet, F.\u00c9.C. et Lucie Jasmin<\/p>\n<p>\u00c9d. Fides, 2004, 816 pages.<\/p>\n<p><strong>60 $\u00a0<\/strong>incluant les frais d&rsquo;envoi.<span style=\"color: #ffffff;\">________<\/span><\/p>\n<p>Adressez votre commande \u00e0 <a href=\"mailto:secretaire@delasalle.qc.ca\">secretaire@delasalle.qc.ca<\/a><\/p>\n<p style=\"margin: 0cm; margin-bottom: .0001pt;\">Payable sur r\u00e9ception, par ch\u00e8que libell\u00e9 \u00e0<strong> F.\u00c9.C. du Canada francophone\u00a0<\/strong>et post\u00e9 \u00e0 :<\/p>\n<p style=\"margin: 0cm; margin-bottom: .0001pt;\"><strong>Fr\u00e8res des \u00c9coles chr\u00e9tiennes<\/strong><\/p>\n<p style=\"margin: 0cm; margin-bottom: .0001pt;\"><strong>270, rue de Normandie, Longueuil (Qu\u00e9bec) \u00a0 J4H 3P2<\/strong><\/p>\n","protected":false},"excerpt":{"rendered":"<p>Nive Voisine,\u00a0Les Fr\u00e8res des \u00c9coles chr\u00e9tiennes au Canada, tome I :\u00a0La conqu\u00eate de l&rsquo;Am\u00e9rique, 1837-1880. \u00a0 \u00c9d. Anne Sigier, Qu\u00e9bec, 1987, 444 pages. \u00c9PUIS\u00c9 Nive Voisine,\u00a0Les Fr\u00e8res des \u00c9coles chr\u00e9tiennes au Canada, tome II :\u00a0Une \u00e8re de prosp\u00e9rit\u00e9, 1880-1946.\u00a0\u00a0 \u00c9d. Anne Sigier, Qu\u00e9bec, 1991, 472 pages. 32 $ incluant les frais d&rsquo;envoi (sauf pour l&rsquo;international)&hellip;<\/p>\n","protected":false},"author":1,"featured_media":0,"parent":0,"menu_order":0,"comment_status":"closed","ping_status":"closed","template":"","meta":{"_bbp_topic_count":0,"_bbp_reply_count":0,"_bbp_total_topic_count":0,"_bbp_total_reply_count":0,"_bbp_voice_count":0,"_bbp_anonymous_reply_count":0,"_bbp_topic_count_hidden":0,"_bbp_reply_count_hidden":0,"_bbp_forum_subforum_count":0,"footnotes":""},"class_list":["post-233","page","type-page","status-publish","hentry"],"_links":{"self":[{"href":"https:\/\/www.delasalle.qc.ca\/index.php?rest_route=\/wp\/v2\/pages\/233","targetHints":{"allow":["GET"]}}],"collection":[{"href":"https:\/\/www.delasalle.qc.ca\/index.php?rest_route=\/wp\/v2\/pages"}],"about":[{"href":"https:\/\/www.delasalle.qc.ca\/index.php?rest_route=\/wp\/v2\/types\/page"}],"author":[{"embeddable":true,"href":"https:\/\/www.delasalle.qc.ca\/index.php?rest_route=\/wp\/v2\/users\/1"}],"replies":[{"embeddable":true,"href":"https:\/\/www.delasalle.qc.ca\/index.php?rest_route=%2Fwp%2Fv2%2Fcomments&post=233"}],"version-history":[{"count":35,"href":"https:\/\/www.delasalle.qc.ca\/index.php?rest_route=\/wp\/v2\/pages\/233\/revisions"}],"predecessor-version":[{"id":879,"href":"https:\/\/www.delasalle.qc.ca\/index.php?rest_route=\/wp\/v2\/pages\/233\/revisions\/879"}],"wp:attachment":[{"href":"https:\/\/www.delasalle.qc.ca\/index.php?rest_route=%2Fwp%2Fv2%2Fmedia&parent=233"}],"curies":[{"name":"wp","href":"https:\/\/api.w.org\/{rel}","templated":true}]}}