{"id":3355,"date":"2018-03-28T14:52:24","date_gmt":"2018-03-28T18:52:24","guid":{"rendered":"http:\/\/www.delasalle.qc.ca\/?page_id=3355"},"modified":"2018-06-18T09:16:47","modified_gmt":"2018-06-18T13:16:47","slug":"textes-publies-par-les-freres-des-ecoles-chretiennes-relatifs-a-la-pedagogie-au-quebec","status":"publish","type":"page","link":"https:\/\/www.delasalle.qc.ca\/?page_id=3355","title":{"rendered":"Textes publi\u00e9s par les Fr\u00e8res des \u00c9coles Chr\u00e9tiennes relatifs \u00e0 la p\u00e9dagogie au Qu\u00e9bec"},"content":{"rendered":"<h3>Les Fr\u00e8res des \u00e9coles chr\u00e9tiennes ont marqu\u00e9 la p\u00e9dagogie qu\u00e9b\u00e9coise depuis au moins 1837. D\u2019abord par les dizaines de milliers d\u2019\u00e9l\u00e8ves qui ont fr\u00e9quent\u00e9 leurs classes de m\u00eame que par les professeurs la\u00efcs qu\u2019ils ont c\u00f4toy\u00e9s et avec lesquels ils ont enseign\u00e9 dans les m\u00eames \u00e9coles. Leur influence s\u2019est \u00e9galement fait sentir par les 2300 et quelques manuels scolaires qu\u2019ils ont r\u00e9dig\u00e9s et \u00e9dit\u00e9s et par lesquels ils ont rejoint une client\u00e8le s\u2019\u00e9tendant \u00e0 l\u2019ensemble du r\u00e9seau des \u00e9coles qu\u00e9b\u00e9coises.<\/h3>\n<h3>\u00c0 la pratique p\u00e9dagogique directe aupr\u00e8s des \u00e9l\u00e8ves, ils ont joint la formation \u00e0 la p\u00e9dagogie pour les professeurs d\u00e9j\u00e0 en exercice et d\u00e9sireux d\u2019am\u00e9liorer leur enseignement. Enfin, durant la d\u00e9cennie 1920 ils ont mis sur pied un enseignement universitaire de la p\u00e9dagogie\u00a0: l\u2019Institut p\u00e9dagogique Saint-Georges \u00e0 l\u2019universit\u00e9 de Montr\u00e9al.<\/h3>\n<h3>D\u2019abord et avant tout praticiens de la p\u00e9dagogie, les Fr\u00e8res des \u00e9coles chr\u00e9tiennes ont publi\u00e9 \u00e0 l\u2019occasion leurs r\u00e9flexions sur la fa\u00e7on d\u2019enseigner. On pourra en consulter quelques-unes dans les textes qui suivent.<\/h3>\n<p><img loading=\"lazy\" decoding=\"async\" class=\"size-full wp-image-1337 aligncenter\" src=\"https:\/\/www.delasalle.qc.ca\/wp-content\/uploads\/2017\/03\/IMG_0261-e1490207568966.jpg\" alt=\"\" width=\"300\" height=\"225\" \/><\/p>\n<h2><strong>Disciplines:<\/strong><\/h2>\n<h4><a href=\"https:\/\/www.delasalle.qc.ca\/?page_id=3358&amp;preview=true\"><strong>P\u00e9dagogie<\/strong><\/a><\/h4>\n<h4><a href=\"https:\/\/www.delasalle.qc.ca\/?page_id=3361\"><strong>Psychologie<\/strong><\/a><\/h4>\n<h4><a href=\"https:\/\/www.delasalle.qc.ca\/?page_id=3639\"><strong>Civisme<\/strong><\/a><\/h4>\n<h4><a href=\"https:\/\/www.delasalle.qc.ca\/?page_id=3641\"><strong>Religion<\/strong><\/a><\/h4>\n<h4><a href=\"https:\/\/www.delasalle.qc.ca\/?page_id=3643\"><strong>Histoire du Canada<\/strong><\/a><\/h4>\n<h4><a href=\"https:\/\/www.delasalle.qc.ca\/?page_id=3645\"><strong>G\u00e9ographie du Canada<\/strong><\/a><\/h4>\n<h4><a href=\"https:\/\/www.delasalle.qc.ca\/?page_id=3647\"><strong>Statistique<\/strong><\/a><\/h4>\n<h4><a href=\"https:\/\/www.delasalle.qc.ca\/?page_id=3649\"><strong>Commerce<\/strong><\/a><\/h4>\n<h4><a href=\"https:\/\/www.delasalle.qc.ca\/?page_id=3651\"><strong>St\u00e9nographie<\/strong><\/a><\/h4>\n<h4><a href=\"https:\/\/www.delasalle.qc.ca\/?page_id=3653\"><strong>Dactylographie<\/strong><\/a><\/h4>\n<h4><a href=\"https:\/\/www.delasalle.qc.ca\/?page_id=3655\"><strong>Cin\u00e9ma<\/strong><\/a><\/h4>\n<h4><a href=\"https:\/\/www.delasalle.qc.ca\/?page_id=3657\"><strong>Dessin<\/strong><\/a><\/h4>\n<h4><a href=\"https:\/\/www.delasalle.qc.ca\/?page_id=3659\"><strong>Fran\u00e7ais &#8211; lecture<\/strong><\/a><\/h4>\n<h4><a href=\"https:\/\/www.delasalle.qc.ca\/?page_id=3661\"><strong>Fran\u00e7ais \u2013 langue seconde<\/strong><\/a><\/h4>\n<h4><a href=\"https:\/\/www.delasalle.qc.ca\/?page_id=3663\"><strong>Anglais \u2013 composition<\/strong><\/a><\/h4>\n<h4><a href=\"https:\/\/www.delasalle.qc.ca\/?page_id=3667\"><strong>Anglais &#8211; litt\u00e9rature<\/strong><\/a><\/h4>\n<h4><a href=\"https:\/\/www.delasalle.qc.ca\/?page_id=3665\"><strong>Sciences<\/strong><\/a><\/h4>\n","protected":false},"excerpt":{"rendered":"<p>Les Fr\u00e8res des \u00e9coles chr\u00e9tiennes ont marqu\u00e9 la p\u00e9dagogie qu\u00e9b\u00e9coise depuis au moins 1837. D\u2019abord par les dizaines de milliers d\u2019\u00e9l\u00e8ves qui ont fr\u00e9quent\u00e9 leurs classes de m\u00eame que par les professeurs la\u00efcs qu\u2019ils ont c\u00f4toy\u00e9s et avec lesquels ils ont enseign\u00e9 dans les m\u00eames \u00e9coles. Leur influence s\u2019est \u00e9galement fait sentir par les 2300&hellip;<\/p>\n","protected":false},"author":1,"featured_media":0,"parent":0,"menu_order":0,"comment_status":"closed","ping_status":"closed","template":"","meta":{"_bbp_topic_count":0,"_bbp_reply_count":0,"_bbp_total_topic_count":0,"_bbp_total_reply_count":0,"_bbp_voice_count":0,"_bbp_anonymous_reply_count":0,"_bbp_topic_count_hidden":0,"_bbp_reply_count_hidden":0,"_bbp_forum_subforum_count":0,"footnotes":""},"class_list":["post-3355","page","type-page","status-publish","hentry"],"_links":{"self":[{"href":"https:\/\/www.delasalle.qc.ca\/index.php?rest_route=\/wp\/v2\/pages\/3355","targetHints":{"allow":["GET"]}}],"collection":[{"href":"https:\/\/www.delasalle.qc.ca\/index.php?rest_route=\/wp\/v2\/pages"}],"about":[{"href":"https:\/\/www.delasalle.qc.ca\/index.php?rest_route=\/wp\/v2\/types\/page"}],"author":[{"embeddable":true,"href":"https:\/\/www.delasalle.qc.ca\/index.php?rest_route=\/wp\/v2\/users\/1"}],"replies":[{"embeddable":true,"href":"https:\/\/www.delasalle.qc.ca\/index.php?rest_route=%2Fwp%2Fv2%2Fcomments&post=3355"}],"version-history":[{"count":20,"href":"https:\/\/www.delasalle.qc.ca\/index.php?rest_route=\/wp\/v2\/pages\/3355\/revisions"}],"predecessor-version":[{"id":3823,"href":"https:\/\/www.delasalle.qc.ca\/index.php?rest_route=\/wp\/v2\/pages\/3355\/revisions\/3823"}],"wp:attachment":[{"href":"https:\/\/www.delasalle.qc.ca\/index.php?rest_route=%2Fwp%2Fv2%2Fmedia&parent=3355"}],"curies":[{"name":"wp","href":"https:\/\/api.w.org\/{rel}","templated":true}]}}