{"id":3361,"date":"2018-03-28T15:03:58","date_gmt":"2018-03-28T19:03:58","guid":{"rendered":"http:\/\/www.delasalle.qc.ca\/?page_id=3361"},"modified":"2018-05-16T11:24:28","modified_gmt":"2018-05-16T15:24:28","slug":"psychologie","status":"publish","type":"page","link":"https:\/\/www.delasalle.qc.ca\/?page_id=3361","title":{"rendered":"Psychologie"},"content":{"rendered":"<p>1946<\/p>\n<p>Fidelis (brother). \u00abChild study\u00bb, <em>L\u2019enseignement primaire<\/em>, 5, 8(av. 1946)\u00a0: 647-648.<\/p>\n<h3><a href=\"https:\/\/www.delasalle.qc.ca\/wp-content\/uploads\/2018\/05\/CHILD-STUDY.docx\"><strong>CHILD STUDY<\/strong><\/a><\/h3>\n<p>***<\/p>\n<p>1950<\/p>\n<p>Gr\u00e9goire (fr\u00e8re). \u00abAper\u00e7u g\u00e9n\u00e9ral sur la psychologie de l\u2019adolescent\u00bb, <em>P\u00e9dagogie \u2013Orientation<\/em>, 4, 4(oct. 1950)\u00a0: 154-163.<\/p>\n<h3><strong><a href=\"https:\/\/www.delasalle.qc.ca\/wp-content\/uploads\/2018\/05\/APER\u00c7U-G\u00c9N\u00c9RAL-SUR-LA-PSYCHOLOGIE-DE-LADOLESCENT.docx\">APER\u00c7U G\u00c9N\u00c9RAL SUR LA PSYCHOLOGIE DE L&rsquo;ADOLESCENT<\/a><\/strong><\/h3>\n<p>***<\/p>\n<p>1952<\/p>\n<p>Lockquell, Cl\u00e9ment. \u00abL\u2019esprit d\u2019enfance\u00bb, <em>P\u00e9dagogie-Orientation<\/em>, 6, 1(hiv. 1952)\u00a0: 3-5.<\/p>\n<h3><a href=\"https:\/\/www.delasalle.qc.ca\/wp-content\/uploads\/2018\/05\/LESPRIT-DENFANCE.docx\"><strong>L&rsquo;ESPRIT D&rsquo;ENFANCE<\/strong><\/a><\/h3>\n<p>***<\/p>\n","protected":false},"excerpt":{"rendered":"<p>1946 Fidelis (brother). \u00abChild study\u00bb, L\u2019enseignement primaire, 5, 8(av. 1946)\u00a0: 647-648. CHILD STUDY *** 1950 Gr\u00e9goire (fr\u00e8re). \u00abAper\u00e7u g\u00e9n\u00e9ral sur la psychologie de l\u2019adolescent\u00bb, P\u00e9dagogie \u2013Orientation, 4, 4(oct. 1950)\u00a0: 154-163. APER\u00c7U G\u00c9N\u00c9RAL SUR LA PSYCHOLOGIE DE L&rsquo;ADOLESCENT *** 1952 Lockquell, Cl\u00e9ment. \u00abL\u2019esprit d\u2019enfance\u00bb, P\u00e9dagogie-Orientation, 6, 1(hiv. 1952)\u00a0: 3-5. L&rsquo;ESPRIT D&rsquo;ENFANCE ***<\/p>\n","protected":false},"author":1,"featured_media":0,"parent":0,"menu_order":0,"comment_status":"closed","ping_status":"closed","template":"","meta":{"_bbp_topic_count":0,"_bbp_reply_count":0,"_bbp_total_topic_count":0,"_bbp_total_reply_count":0,"_bbp_voice_count":0,"_bbp_anonymous_reply_count":0,"_bbp_topic_count_hidden":0,"_bbp_reply_count_hidden":0,"_bbp_forum_subforum_count":0,"footnotes":""},"class_list":["post-3361","page","type-page","status-publish","hentry"],"_links":{"self":[{"href":"https:\/\/www.delasalle.qc.ca\/index.php?rest_route=\/wp\/v2\/pages\/3361","targetHints":{"allow":["GET"]}}],"collection":[{"href":"https:\/\/www.delasalle.qc.ca\/index.php?rest_route=\/wp\/v2\/pages"}],"about":[{"href":"https:\/\/www.delasalle.qc.ca\/index.php?rest_route=\/wp\/v2\/types\/page"}],"author":[{"embeddable":true,"href":"https:\/\/www.delasalle.qc.ca\/index.php?rest_route=\/wp\/v2\/users\/1"}],"replies":[{"embeddable":true,"href":"https:\/\/www.delasalle.qc.ca\/index.php?rest_route=%2Fwp%2Fv2%2Fcomments&post=3361"}],"version-history":[{"count":4,"href":"https:\/\/www.delasalle.qc.ca\/index.php?rest_route=\/wp\/v2\/pages\/3361\/revisions"}],"predecessor-version":[{"id":3689,"href":"https:\/\/www.delasalle.qc.ca\/index.php?rest_route=\/wp\/v2\/pages\/3361\/revisions\/3689"}],"wp:attachment":[{"href":"https:\/\/www.delasalle.qc.ca\/index.php?rest_route=%2Fwp%2Fv2%2Fmedia&parent=3361"}],"curies":[{"name":"wp","href":"https:\/\/api.w.org\/{rel}","templated":true}]}}