{"id":3641,"date":"2018-05-16T10:51:14","date_gmt":"2018-05-16T14:51:14","guid":{"rendered":"http:\/\/www.delasalle.qc.ca\/?page_id=3641"},"modified":"2018-05-16T11:20:25","modified_gmt":"2018-05-16T15:20:25","slug":"religion","status":"publish","type":"page","link":"https:\/\/www.delasalle.qc.ca\/?page_id=3641","title":{"rendered":"Religion"},"content":{"rendered":"<p>1942<\/p>\n<p>Daniel (brother). \u00abThe fourth commandment\u00bb, <em>L\u2019enseignement primaire<\/em>, 1, 8(avr. 1942)\u00a0: 706-707.<\/p>\n<h3><strong><a href=\"https:\/\/www.delasalle.qc.ca\/wp-content\/uploads\/2018\/05\/THE-FOURTH-COMMANDMENT.docx\">THE FOURTH COMMANDMENT<\/a><\/strong><\/h3>\n<p>***<\/p>\n<p>1943<\/p>\n<p>Daniel (brother). \u00abHigh school religious \u2013 Topic\u00a0: The saints and the feast of all saints\u00bb, 3, 1(nov. 1943)\u00a0: 263-264.<\/p>\n<h3><strong><a href=\"https:\/\/www.delasalle.qc.ca\/wp-content\/uploads\/2018\/05\/HIGH-SCOOL-RELIGIOUS.docx\">HIGH SCOOL RELIGIOUS<\/a><\/strong><\/h3>\n<p>Daniel (brother). \u00abLesson plan for first high\u00bb, <em>L\u2019enseignement primaire<\/em>, 2, 8(avr. 1943)\u00a0:689-690.<\/p>\n<h3><a href=\"https:\/\/www.delasalle.qc.ca\/wp-content\/uploads\/2018\/05\/LESSON-PLAN-FOR-FIRST-HIGH.docx\"><strong>LESSON PLAN FOR FIRST HIGH<\/strong><\/a><\/h3>\n<p>***<\/p>\n<p>1944<\/p>\n<p>Daniel (brother). \u00abPersonality in the teacher of religion\u00bb, <em>L\u2019enseignement primaire<\/em>, 3, 7 mars 1944)\u00a0: 609-610.<\/p>\n<h3><a href=\"https:\/\/www.delasalle.qc.ca\/wp-content\/uploads\/2018\/05\/PERSONALITY-IN-THE-TEACHER-OF-RELIGION.docx\"><strong>PERSONALITY IN THE TEACHER OF RELIGION<\/strong><\/a><\/h3>\n<p>***<\/p>\n<p>1949<\/p>\n<p>Gr\u00e9goire (fr\u00e8re). <em>La valeur du coloriage des croquis en p\u00e9dagogie cat\u00e9chistique<\/em>. Th\u00e8se de doctorat en p\u00e9dagogie, Universit\u00e9 de Montr\u00e9al, Institut p\u00e9dagogique Saint-Georges, 1949. ix, 201 p.<\/p>\n<h3><a href=\"https:\/\/www.delasalle.qc.ca\/wp-content\/uploads\/2018\/05\/LA-VALEUR-DU-COLORIAGE-DES-CROQUIS.docx\"><strong>LA VALEUR DU COLORIAGE DES CROQUIS<\/strong><\/a><\/h3>\n<p>***<\/p>\n<p>1959<\/p>\n<p>Clovis (fr\u00e8re). \u00abQuelques aspects de la liturgie en cat\u00e9ch\u00e8se\u00bb, <em>L\u2019enseignement secondaire<\/em>, 39, 1(oct. 1959)\u00a0:37-46.<\/p>\n<h3><a href=\"https:\/\/www.delasalle.qc.ca\/wp-content\/uploads\/2018\/05\/QUELQUES-ASPECTS-DE-LA-LITURGIE-EN-CAT\u00c9CH\u00c8SE.docx\"><strong>QUELQUES ASPECTS DE LA LITURGIE EN CAT\u00c9CH\u00c8SE<\/strong><\/a><\/h3>\n<p>Flavien (fr\u00e8re). \u00abVie liturgique et cat\u00e9ch\u00e8se\u00bb, <em>L\u2019enseignement secondaire<\/em>, 39, 1(oct. 1959).47-51.<\/p>\n<h3><strong><a href=\"https:\/\/www.delasalle.qc.ca\/wp-content\/uploads\/2018\/05\/VIE-LITURGIQUE-ET-CAT\u00c9CH\u00c8SE.docx\">VIE LITURGIQUE ET CAT\u00c9CH\u00c8SE<\/a><\/strong><\/h3>\n<p>***<\/p>\n","protected":false},"excerpt":{"rendered":"<p>1942 Daniel (brother). \u00abThe fourth commandment\u00bb, L\u2019enseignement primaire, 1, 8(avr. 1942)\u00a0: 706-707. THE FOURTH COMMANDMENT *** 1943 Daniel (brother). \u00abHigh school religious \u2013 Topic\u00a0: The saints and the feast of all saints\u00bb, 3, 1(nov. 1943)\u00a0: 263-264. HIGH SCOOL RELIGIOUS Daniel (brother). \u00abLesson plan for first high\u00bb, L\u2019enseignement primaire, 2, 8(avr. 1943)\u00a0:689-690. LESSON PLAN FOR FIRST&hellip;<\/p>\n","protected":false},"author":1,"featured_media":0,"parent":0,"menu_order":0,"comment_status":"closed","ping_status":"closed","template":"","meta":{"_bbp_topic_count":0,"_bbp_reply_count":0,"_bbp_total_topic_count":0,"_bbp_total_reply_count":0,"_bbp_voice_count":0,"_bbp_anonymous_reply_count":0,"_bbp_topic_count_hidden":0,"_bbp_reply_count_hidden":0,"_bbp_forum_subforum_count":0,"footnotes":""},"class_list":["post-3641","page","type-page","status-publish","hentry"],"_links":{"self":[{"href":"https:\/\/www.delasalle.qc.ca\/index.php?rest_route=\/wp\/v2\/pages\/3641","targetHints":{"allow":["GET"]}}],"collection":[{"href":"https:\/\/www.delasalle.qc.ca\/index.php?rest_route=\/wp\/v2\/pages"}],"about":[{"href":"https:\/\/www.delasalle.qc.ca\/index.php?rest_route=\/wp\/v2\/types\/page"}],"author":[{"embeddable":true,"href":"https:\/\/www.delasalle.qc.ca\/index.php?rest_route=\/wp\/v2\/users\/1"}],"replies":[{"embeddable":true,"href":"https:\/\/www.delasalle.qc.ca\/index.php?rest_route=%2Fwp%2Fv2%2Fcomments&post=3641"}],"version-history":[{"count":4,"href":"https:\/\/www.delasalle.qc.ca\/index.php?rest_route=\/wp\/v2\/pages\/3641\/revisions"}],"predecessor-version":[{"id":3687,"href":"https:\/\/www.delasalle.qc.ca\/index.php?rest_route=\/wp\/v2\/pages\/3641\/revisions\/3687"}],"wp:attachment":[{"href":"https:\/\/www.delasalle.qc.ca\/index.php?rest_route=%2Fwp%2Fv2%2Fmedia&parent=3641"}],"curies":[{"name":"wp","href":"https:\/\/api.w.org\/{rel}","templated":true}]}}