{"id":3643,"date":"2018-05-16T10:51:49","date_gmt":"2018-05-16T14:51:49","guid":{"rendered":"http:\/\/www.delasalle.qc.ca\/?page_id=3643"},"modified":"2018-05-16T11:36:19","modified_gmt":"2018-05-16T15:36:19","slug":"histoire-du-canada","status":"publish","type":"page","link":"https:\/\/www.delasalle.qc.ca\/?page_id=3643","title":{"rendered":"Histoire du Canada"},"content":{"rendered":"<p>1958<\/p>\n<p>Charles (fr\u00e8re). \u00abL\u2019histoire dans les premi\u00e8res ann\u00e9es du cours primaire\u00bb, <em>L\u2019instruction publique<\/em>, 3, 4(d\u00e9c. 1958)\u00a0: 348-350.<\/p>\n<h3><strong><a href=\"https:\/\/www.delasalle.qc.ca\/wp-content\/uploads\/2018\/05\/LHISTOIRE-DANS-LES-PREMI\u00c8RES-ANN\u00c9ES-DU-C-OURS-PRIMAIRE.docx\">L&rsquo;HISTOIRE DANS LES PREMI\u00c8RES ANN\u00c9ES DU C OURS PRIMAIRE<\/a> <\/strong><\/h3>\n<p>Charles (fr\u00e8re), \u00abLes manuels d\u2019histoire du Canada, f.\u00e9.c.\u00bb, <em>L\u2019instruction publique<\/em>, 3, 3(nov. 1958)\u00a0: 256-258.<\/p>\n<h3><strong><a href=\"https:\/\/www.delasalle.qc.ca\/wp-content\/uploads\/2018\/05\/LES-MANUELS-DHISTOIRE-DU-CANADA-F.\u00c9.C..docx\">LES MANUELS D&rsquo;HISTOIRE DU CANADA, F.\u00c9.C.<\/a> <\/strong><\/h3>\n<p>***<\/p>\n<p>1959<\/p>\n<p>Charles (fr\u00e8re). \u00abL\u2019histoire dans les derni\u00e8res ann\u00e9es du cours primaire\u00bb, <em>L\u2019instruction publique<\/em>, 3, 6(f\u00e9v. 1959)\u00a0: 515-517.<\/p>\n<h3><strong><a href=\"https:\/\/www.delasalle.qc.ca\/wp-content\/uploads\/2018\/05\/LHISTOIRE-DANS-LES-DERNI\u00c8RES-ANN\u00c9ES-DU-COURS-PRIMAIRE.docx\">L&rsquo;HISTOIRE DANS LES DERNI\u00c8RES ANN\u00c9ES DU COURS PRIMAIRE<\/a><\/strong><\/h3>\n<p>***<\/p>\n<p>1960<\/p>\n<p>\u00c9phrem (fr\u00e8re). \u00abLes programmes d\u2019histoire du Canada et de g\u00e9ographie sont-ils chang\u00e9s?\u00bb, <em>L\u2019instruction publique<\/em>, 5, 4(d\u00e9c. 1960)\u00a0: 312-314.<\/p>\n<h3><strong><a href=\"https:\/\/www.delasalle.qc.ca\/wp-content\/uploads\/2018\/05\/LES-PROGRAMMES-DHISTOIRE-DU-CANADA-ET-DE-G\u00c9OGRAIPHIE-SONT-ILS-CHANG\u00c9S.docx\">LES PROGRAMMES D&rsquo;HISTOIRE DU CANADA ET DE G\u00c9OGRAPHIE SONT-ILS CHANG\u00c9S<\/a><\/strong><\/h3>\n<p>\u00c9phrem (fr\u00e8re). \u00abPourquoi n\u2019enseignera-t-on pas d\u2019histoire du Canada?\u00bb, <em>L\u2019instruction publique<\/em>, 5, 3(nov. 1960)\u00a0: 226-228.<\/p>\n<h3><strong><a href=\"https:\/\/www.delasalle.qc.ca\/wp-content\/uploads\/2018\/05\/POURQUOI-NENSEIGNERA-T-ON-PAS-DHISTOIRE-DU-CANADA.docx\">POURQUOI N&rsquo;ENSEIGNERA-T-ON PAS D&rsquo;HISTOIRE DU CANADA<\/a> <\/strong><\/h3>\n<p>***<\/p>\n<p>1961<\/p>\n<p>\u00c9phrem (fr\u00e8re). \u00abQuelques notes sur la m\u00e9thodologie de l\u2019histoire du Canada\u00bb, <em>L\u2019instruction publique<\/em>, 5, 7(mars 1961)\u00a0: 563-565.<\/p>\n<h3><strong><a href=\"https:\/\/www.delasalle.qc.ca\/wp-content\/uploads\/2018\/05\/QUELQUES-NOTES-SUR-LA-M\u00c9THODOLOGIE-DE-LHISTOIRE-DU-CANADA.docx\">QUELQUES NOTES SUR LA M\u00c9THODOLOGIE DE L&rsquo;HISTOIRE DU CANADA<\/a><\/strong><\/h3>\n<p>***<\/p>\n","protected":false},"excerpt":{"rendered":"<p>1958 Charles (fr\u00e8re). \u00abL\u2019histoire dans les premi\u00e8res ann\u00e9es du cours primaire\u00bb, L\u2019instruction publique, 3, 4(d\u00e9c. 1958)\u00a0: 348-350. L&rsquo;HISTOIRE DANS LES PREMI\u00c8RES ANN\u00c9ES DU C OURS PRIMAIRE Charles (fr\u00e8re), \u00abLes manuels d\u2019histoire du Canada, f.\u00e9.c.\u00bb, L\u2019instruction publique, 3, 3(nov. 1958)\u00a0: 256-258. LES MANUELS D&rsquo;HISTOIRE DU CANADA, F.\u00c9.C. *** 1959 Charles (fr\u00e8re). \u00abL\u2019histoire dans les derni\u00e8res ann\u00e9es&hellip;<\/p>\n","protected":false},"author":1,"featured_media":0,"parent":0,"menu_order":0,"comment_status":"closed","ping_status":"closed","template":"","meta":{"_bbp_topic_count":0,"_bbp_reply_count":0,"_bbp_total_topic_count":0,"_bbp_total_reply_count":0,"_bbp_voice_count":0,"_bbp_anonymous_reply_count":0,"_bbp_topic_count_hidden":0,"_bbp_reply_count_hidden":0,"_bbp_forum_subforum_count":0,"footnotes":""},"class_list":["post-3643","page","type-page","status-publish","hentry"],"_links":{"self":[{"href":"https:\/\/www.delasalle.qc.ca\/index.php?rest_route=\/wp\/v2\/pages\/3643","targetHints":{"allow":["GET"]}}],"collection":[{"href":"https:\/\/www.delasalle.qc.ca\/index.php?rest_route=\/wp\/v2\/pages"}],"about":[{"href":"https:\/\/www.delasalle.qc.ca\/index.php?rest_route=\/wp\/v2\/types\/page"}],"author":[{"embeddable":true,"href":"https:\/\/www.delasalle.qc.ca\/index.php?rest_route=\/wp\/v2\/users\/1"}],"replies":[{"embeddable":true,"href":"https:\/\/www.delasalle.qc.ca\/index.php?rest_route=%2Fwp%2Fv2%2Fcomments&post=3643"}],"version-history":[{"count":3,"href":"https:\/\/www.delasalle.qc.ca\/index.php?rest_route=\/wp\/v2\/pages\/3643\/revisions"}],"predecessor-version":[{"id":3698,"href":"https:\/\/www.delasalle.qc.ca\/index.php?rest_route=\/wp\/v2\/pages\/3643\/revisions\/3698"}],"wp:attachment":[{"href":"https:\/\/www.delasalle.qc.ca\/index.php?rest_route=%2Fwp%2Fv2%2Fmedia&parent=3643"}],"curies":[{"name":"wp","href":"https:\/\/api.w.org\/{rel}","templated":true}]}}