{"id":3647,"date":"2018-05-16T10:52:59","date_gmt":"2018-05-16T14:52:59","guid":{"rendered":"http:\/\/www.delasalle.qc.ca\/?page_id=3647"},"modified":"2018-05-16T11:47:46","modified_gmt":"2018-05-16T15:47:46","slug":"statistique","status":"publish","type":"page","link":"https:\/\/www.delasalle.qc.ca\/?page_id=3647","title":{"rendered":"Statistique"},"content":{"rendered":"<p>1949<\/p>\n<p>Alfred (fr\u00e8re). \u00abN\u00e9cessit\u00e9 de la statistique en p\u00e9dagogie et en psychologie exp\u00e9rimentale\u00bb, <em>P\u00e9dagogie-Orientation<\/em>, 3, 5(d\u00e9c. 1949)\u00a0: 291-301.<\/p>\n<h3><a href=\"https:\/\/www.delasalle.qc.ca\/wp-content\/uploads\/2018\/05\/N\u00c9CESSIT\u00c9-DE-LA-STATISTIQUE-EN-P\u00c9DAGOGIE-ET-EN-PSYCHOLOGIE-EXP\u00c9RIMENTALE.docx\"><strong>N\u00c9CESSIT\u00c9 DE LA STATISTIQUE EN P\u00c9DAGOGIE ET EN PSYCHOLOGIE EXP\u00c9RIMENTALE<\/strong><\/a><\/h3>\n<p>***<\/p>\n","protected":false},"excerpt":{"rendered":"<p>1949 Alfred (fr\u00e8re). \u00abN\u00e9cessit\u00e9 de la statistique en p\u00e9dagogie et en psychologie exp\u00e9rimentale\u00bb, P\u00e9dagogie-Orientation, 3, 5(d\u00e9c. 1949)\u00a0: 291-301. N\u00c9CESSIT\u00c9 DE LA STATISTIQUE EN P\u00c9DAGOGIE ET EN PSYCHOLOGIE EXP\u00c9RIMENTALE ***<\/p>\n","protected":false},"author":1,"featured_media":0,"parent":0,"menu_order":0,"comment_status":"closed","ping_status":"closed","template":"","meta":{"_bbp_topic_count":0,"_bbp_reply_count":0,"_bbp_total_topic_count":0,"_bbp_total_reply_count":0,"_bbp_voice_count":0,"_bbp_anonymous_reply_count":0,"_bbp_topic_count_hidden":0,"_bbp_reply_count_hidden":0,"_bbp_forum_subforum_count":0,"footnotes":""},"class_list":["post-3647","page","type-page","status-publish","hentry"],"_links":{"self":[{"href":"https:\/\/www.delasalle.qc.ca\/index.php?rest_route=\/wp\/v2\/pages\/3647","targetHints":{"allow":["GET"]}}],"collection":[{"href":"https:\/\/www.delasalle.qc.ca\/index.php?rest_route=\/wp\/v2\/pages"}],"about":[{"href":"https:\/\/www.delasalle.qc.ca\/index.php?rest_route=\/wp\/v2\/types\/page"}],"author":[{"embeddable":true,"href":"https:\/\/www.delasalle.qc.ca\/index.php?rest_route=\/wp\/v2\/users\/1"}],"replies":[{"embeddable":true,"href":"https:\/\/www.delasalle.qc.ca\/index.php?rest_route=%2Fwp%2Fv2%2Fcomments&post=3647"}],"version-history":[{"count":2,"href":"https:\/\/www.delasalle.qc.ca\/index.php?rest_route=\/wp\/v2\/pages\/3647\/revisions"}],"predecessor-version":[{"id":3708,"href":"https:\/\/www.delasalle.qc.ca\/index.php?rest_route=\/wp\/v2\/pages\/3647\/revisions\/3708"}],"wp:attachment":[{"href":"https:\/\/www.delasalle.qc.ca\/index.php?rest_route=%2Fwp%2Fv2%2Fmedia&parent=3647"}],"curies":[{"name":"wp","href":"https:\/\/api.w.org\/{rel}","templated":true}]}}