{"id":3649,"date":"2018-05-16T10:53:50","date_gmt":"2018-05-16T14:53:50","guid":{"rendered":"http:\/\/www.delasalle.qc.ca\/?page_id=3649"},"modified":"2018-05-16T11:53:24","modified_gmt":"2018-05-16T15:53:24","slug":"commerce","status":"publish","type":"page","link":"https:\/\/www.delasalle.qc.ca\/?page_id=3649","title":{"rendered":"Commerce"},"content":{"rendered":"<p>1960<\/p>\n<p>Gosselin (Ir\u00e9n\u00e9e). \u00abNotes sur le cours de la 12<sup>e<\/sup> ann\u00e9e commerciale r\u00e9guli\u00e8re et sur les sciences commerciales accessibles apr\u00e8s la 11<sup>e<\/sup> ann\u00e9e, cours g\u00e9n\u00e9ral, section B\u00bb, <em>L\u2019instruction publique<\/em>, 4, 6(f\u00e9v. 1960)\u00a0: 477-478.<\/p>\n<h3><a href=\"https:\/\/www.delasalle.qc.ca\/wp-content\/uploads\/2018\/05\/NOTES-SUR-LE-COURS-DE-LA-12e-ANN\u00c9E-COMMERCIALE-R\u00c9GULI\u00c8RE-ET-SUR-LES-SCIENCES-COMMERCIALES-ACCESSIBLES-APR\u00c8S-LA-11e-ANN\u00c9E-COURS-G\u00c9N\u00c9RAL-SECTION-B.docx\"><strong>NOTES SUR LE COURS DE LA 12e ANN\u00c9E COMMERCIALE R\u00c9GULI\u00c8RE ET SUR LES SCIENCES COMMERCIALES ACCESSIBLES APR\u00c8S LA 11e ANN\u00c9E, COURS G\u00c9N\u00c9RAL, SECTION B<\/strong><\/a><\/h3>\n<p>***<\/p>\n","protected":false},"excerpt":{"rendered":"<p>1960 Gosselin (Ir\u00e9n\u00e9e). \u00abNotes sur le cours de la 12e ann\u00e9e commerciale r\u00e9guli\u00e8re et sur les sciences commerciales accessibles apr\u00e8s la 11e ann\u00e9e, cours g\u00e9n\u00e9ral, section B\u00bb, L\u2019instruction publique, 4, 6(f\u00e9v. 1960)\u00a0: 477-478. NOTES SUR LE COURS DE LA 12e ANN\u00c9E COMMERCIALE R\u00c9GULI\u00c8RE ET SUR LES SCIENCES COMMERCIALES ACCESSIBLES APR\u00c8S LA 11e ANN\u00c9E, COURS G\u00c9N\u00c9RAL,&hellip;<\/p>\n","protected":false},"author":1,"featured_media":0,"parent":0,"menu_order":0,"comment_status":"closed","ping_status":"closed","template":"","meta":{"_bbp_topic_count":0,"_bbp_reply_count":0,"_bbp_total_topic_count":0,"_bbp_total_reply_count":0,"_bbp_voice_count":0,"_bbp_anonymous_reply_count":0,"_bbp_topic_count_hidden":0,"_bbp_reply_count_hidden":0,"_bbp_forum_subforum_count":0,"footnotes":""},"class_list":["post-3649","page","type-page","status-publish","hentry"],"_links":{"self":[{"href":"https:\/\/www.delasalle.qc.ca\/index.php?rest_route=\/wp\/v2\/pages\/3649","targetHints":{"allow":["GET"]}}],"collection":[{"href":"https:\/\/www.delasalle.qc.ca\/index.php?rest_route=\/wp\/v2\/pages"}],"about":[{"href":"https:\/\/www.delasalle.qc.ca\/index.php?rest_route=\/wp\/v2\/types\/page"}],"author":[{"embeddable":true,"href":"https:\/\/www.delasalle.qc.ca\/index.php?rest_route=\/wp\/v2\/users\/1"}],"replies":[{"embeddable":true,"href":"https:\/\/www.delasalle.qc.ca\/index.php?rest_route=%2Fwp%2Fv2%2Fcomments&post=3649"}],"version-history":[{"count":3,"href":"https:\/\/www.delasalle.qc.ca\/index.php?rest_route=\/wp\/v2\/pages\/3649\/revisions"}],"predecessor-version":[{"id":3712,"href":"https:\/\/www.delasalle.qc.ca\/index.php?rest_route=\/wp\/v2\/pages\/3649\/revisions\/3712"}],"wp:attachment":[{"href":"https:\/\/www.delasalle.qc.ca\/index.php?rest_route=%2Fwp%2Fv2%2Fmedia&parent=3649"}],"curies":[{"name":"wp","href":"https:\/\/api.w.org\/{rel}","templated":true}]}}