{"id":3651,"date":"2018-05-16T10:54:23","date_gmt":"2018-05-16T14:54:23","guid":{"rendered":"http:\/\/www.delasalle.qc.ca\/?page_id=3651"},"modified":"2018-05-16T12:51:35","modified_gmt":"2018-05-16T16:51:35","slug":"stenographie","status":"publish","type":"page","link":"https:\/\/www.delasalle.qc.ca\/?page_id=3651","title":{"rendered":"St\u00e9nographie"},"content":{"rendered":"<p>1959<\/p>\n<p>Fr\u00e8res des \u00e9coles chr\u00e9tiennes. \u00abSt\u00e9nographie De-la-Salle \u2013 M\u00e9thode bilingue\u00bb, <em>L\u2019instruction publique<\/em>, 4, 3(nov. 1959)\u00a0: 254-255.<\/p>\n<h3><strong><a href=\"https:\/\/www.delasalle.qc.ca\/wp-content\/uploads\/2018\/05\/ST\u00c9NOGRAPHIE-DE-LA-SALLE-M\u00c9THODE-BILINGUE.docx\">ST\u00c9NOGRAPHIE DE-LA-SALLE-M\u00c9THODE BILINGUE<\/a><\/strong><\/h3>\n<p>***<\/p>\n","protected":false},"excerpt":{"rendered":"<p>1959 Fr\u00e8res des \u00e9coles chr\u00e9tiennes. \u00abSt\u00e9nographie De-la-Salle \u2013 M\u00e9thode bilingue\u00bb, L\u2019instruction publique, 4, 3(nov. 1959)\u00a0: 254-255. ST\u00c9NOGRAPHIE DE-LA-SALLE-M\u00c9THODE BILINGUE ***<\/p>\n","protected":false},"author":1,"featured_media":0,"parent":0,"menu_order":0,"comment_status":"closed","ping_status":"closed","template":"","meta":{"_bbp_topic_count":0,"_bbp_reply_count":0,"_bbp_total_topic_count":0,"_bbp_total_reply_count":0,"_bbp_voice_count":0,"_bbp_anonymous_reply_count":0,"_bbp_topic_count_hidden":0,"_bbp_reply_count_hidden":0,"_bbp_forum_subforum_count":0,"footnotes":""},"class_list":["post-3651","page","type-page","status-publish","hentry"],"_links":{"self":[{"href":"https:\/\/www.delasalle.qc.ca\/index.php?rest_route=\/wp\/v2\/pages\/3651","targetHints":{"allow":["GET"]}}],"collection":[{"href":"https:\/\/www.delasalle.qc.ca\/index.php?rest_route=\/wp\/v2\/pages"}],"about":[{"href":"https:\/\/www.delasalle.qc.ca\/index.php?rest_route=\/wp\/v2\/types\/page"}],"author":[{"embeddable":true,"href":"https:\/\/www.delasalle.qc.ca\/index.php?rest_route=\/wp\/v2\/users\/1"}],"replies":[{"embeddable":true,"href":"https:\/\/www.delasalle.qc.ca\/index.php?rest_route=%2Fwp%2Fv2%2Fcomments&post=3651"}],"version-history":[{"count":2,"href":"https:\/\/www.delasalle.qc.ca\/index.php?rest_route=\/wp\/v2\/pages\/3651\/revisions"}],"predecessor-version":[{"id":3715,"href":"https:\/\/www.delasalle.qc.ca\/index.php?rest_route=\/wp\/v2\/pages\/3651\/revisions\/3715"}],"wp:attachment":[{"href":"https:\/\/www.delasalle.qc.ca\/index.php?rest_route=%2Fwp%2Fv2%2Fmedia&parent=3651"}],"curies":[{"name":"wp","href":"https:\/\/api.w.org\/{rel}","templated":true}]}}