{"id":3655,"date":"2018-05-16T10:55:43","date_gmt":"2018-05-16T14:55:43","guid":{"rendered":"http:\/\/www.delasalle.qc.ca\/?page_id=3655"},"modified":"2018-05-16T12:56:41","modified_gmt":"2018-05-16T16:56:41","slug":"cinema","status":"publish","type":"page","link":"https:\/\/www.delasalle.qc.ca\/?page_id=3655","title":{"rendered":"Cin\u00e9ma"},"content":{"rendered":"<p>1942<\/p>\n<p>Fr\u00e8res des \u00e9coles chr\u00e9tiennes. \u00abRapport sur l\u2019emploi du cin\u00e9ma\u00bb, <em>L\u2019enseignement primaire<\/em>, 2, 3(nov. 1942)\u00a0: 254-255.<\/p>\n<h3><strong><a href=\"https:\/\/www.delasalle.qc.ca\/wp-content\/uploads\/2018\/05\/PROJECTIONS-LUM8INEUSES.docx\">PROJECTIONS LUMINEUSES<\/a><\/strong><\/h3>\n<p>***<\/p>\n","protected":false},"excerpt":{"rendered":"<p>1942 Fr\u00e8res des \u00e9coles chr\u00e9tiennes. \u00abRapport sur l\u2019emploi du cin\u00e9ma\u00bb, L\u2019enseignement primaire, 2, 3(nov. 1942)\u00a0: 254-255. PROJECTIONS LUMINEUSES ***<\/p>\n","protected":false},"author":1,"featured_media":0,"parent":0,"menu_order":0,"comment_status":"closed","ping_status":"closed","template":"","meta":{"_bbp_topic_count":0,"_bbp_reply_count":0,"_bbp_total_topic_count":0,"_bbp_total_reply_count":0,"_bbp_voice_count":0,"_bbp_anonymous_reply_count":0,"_bbp_topic_count_hidden":0,"_bbp_reply_count_hidden":0,"_bbp_forum_subforum_count":0,"footnotes":""},"class_list":["post-3655","page","type-page","status-publish","hentry"],"_links":{"self":[{"href":"https:\/\/www.delasalle.qc.ca\/index.php?rest_route=\/wp\/v2\/pages\/3655","targetHints":{"allow":["GET"]}}],"collection":[{"href":"https:\/\/www.delasalle.qc.ca\/index.php?rest_route=\/wp\/v2\/pages"}],"about":[{"href":"https:\/\/www.delasalle.qc.ca\/index.php?rest_route=\/wp\/v2\/types\/page"}],"author":[{"embeddable":true,"href":"https:\/\/www.delasalle.qc.ca\/index.php?rest_route=\/wp\/v2\/users\/1"}],"replies":[{"embeddable":true,"href":"https:\/\/www.delasalle.qc.ca\/index.php?rest_route=%2Fwp%2Fv2%2Fcomments&post=3655"}],"version-history":[{"count":2,"href":"https:\/\/www.delasalle.qc.ca\/index.php?rest_route=\/wp\/v2\/pages\/3655\/revisions"}],"predecessor-version":[{"id":3721,"href":"https:\/\/www.delasalle.qc.ca\/index.php?rest_route=\/wp\/v2\/pages\/3655\/revisions\/3721"}],"wp:attachment":[{"href":"https:\/\/www.delasalle.qc.ca\/index.php?rest_route=%2Fwp%2Fv2%2Fmedia&parent=3655"}],"curies":[{"name":"wp","href":"https:\/\/api.w.org\/{rel}","templated":true}]}}