{"id":3659,"date":"2018-05-16T10:56:41","date_gmt":"2018-05-16T14:56:41","guid":{"rendered":"http:\/\/www.delasalle.qc.ca\/?page_id=3659"},"modified":"2018-05-16T13:01:38","modified_gmt":"2018-05-16T17:01:38","slug":"francais-lecture","status":"publish","type":"page","link":"https:\/\/www.delasalle.qc.ca\/?page_id=3659","title":{"rendered":"Fran\u00e7ais lecture"},"content":{"rendered":"<p>1947<\/p>\n<p>Marie-Hector (fr\u00e8re). \u00abLes id\u00e9es modernes sur la lecture\u00bb, <em>P\u00e9dagogie-Orientation<\/em>, 1, 1(f\u00e9v. 1947)\u00a0: 6-16; 1, 4(oct. 1947)\u00a0: 221-229; 3, 1(f\u00e9v. 1949)\u00a0: 22-31; 3, 3(juin-juill. 1949)\u00a0: 163-167.<\/p>\n<h3><strong><a href=\"https:\/\/www.delasalle.qc.ca\/wp-content\/uploads\/2018\/05\/LES-ID\u00c9ES-MODERNES-SUR-LA-LECTURE-1.docx\">LES ID\u00c9ES MODERNES SUR LA LECTURE-1<\/a> <\/strong><\/h3>\n<h3><strong><a href=\"https:\/\/www.delasalle.qc.ca\/wp-content\/uploads\/2018\/05\/LES-ID\u00c9ES-MODERNES-SUR-LA-LECTURE-1V-LES-M\u00c9THODES..docx\">LES ID\u00c9ES MODERNES SUR LA LECTURE-1V LES M\u00c9THODES.<\/a> <\/strong><\/h3>\n<h3><strong><a href=\"https:\/\/www.delasalle.qc.ca\/wp-content\/uploads\/2018\/05\/LES-IDEES-MODERNES-SUR-LA-LECTURE-M\u00c9THODES-SUITE.docx\">LES IDEES MODERNES SUR LA LECTURE-M\u00c9THODES SUITE<\/a> <\/strong><\/h3>\n<h3><strong><a href=\"https:\/\/www.delasalle.qc.ca\/wp-content\/uploads\/2018\/05\/LES-ID\u00c9ES-MODERNES-SUR-LA-LECTURE-PAGES-163-167.docx\">LES ID\u00c9ES MODERNES SUR LA LECTURE-PAGES 163-167<\/a><\/strong><\/h3>\n<p>***<\/p>\n","protected":false},"excerpt":{"rendered":"<p>1947 Marie-Hector (fr\u00e8re). \u00abLes id\u00e9es modernes sur la lecture\u00bb, P\u00e9dagogie-Orientation, 1, 1(f\u00e9v. 1947)\u00a0: 6-16; 1, 4(oct. 1947)\u00a0: 221-229; 3, 1(f\u00e9v. 1949)\u00a0: 22-31; 3, 3(juin-juill. 1949)\u00a0: 163-167. LES ID\u00c9ES MODERNES SUR LA LECTURE-1 LES ID\u00c9ES MODERNES SUR LA LECTURE-1V LES M\u00c9THODES. LES IDEES MODERNES SUR LA LECTURE-M\u00c9THODES SUITE LES ID\u00c9ES MODERNES SUR LA LECTURE-PAGES 163-167 ***<\/p>\n","protected":false},"author":1,"featured_media":0,"parent":0,"menu_order":0,"comment_status":"closed","ping_status":"closed","template":"","meta":{"_bbp_topic_count":0,"_bbp_reply_count":0,"_bbp_total_topic_count":0,"_bbp_total_reply_count":0,"_bbp_voice_count":0,"_bbp_anonymous_reply_count":0,"_bbp_topic_count_hidden":0,"_bbp_reply_count_hidden":0,"_bbp_forum_subforum_count":0,"footnotes":""},"class_list":["post-3659","page","type-page","status-publish","hentry"],"_links":{"self":[{"href":"https:\/\/www.delasalle.qc.ca\/index.php?rest_route=\/wp\/v2\/pages\/3659","targetHints":{"allow":["GET"]}}],"collection":[{"href":"https:\/\/www.delasalle.qc.ca\/index.php?rest_route=\/wp\/v2\/pages"}],"about":[{"href":"https:\/\/www.delasalle.qc.ca\/index.php?rest_route=\/wp\/v2\/types\/page"}],"author":[{"embeddable":true,"href":"https:\/\/www.delasalle.qc.ca\/index.php?rest_route=\/wp\/v2\/users\/1"}],"replies":[{"embeddable":true,"href":"https:\/\/www.delasalle.qc.ca\/index.php?rest_route=%2Fwp%2Fv2%2Fcomments&post=3659"}],"version-history":[{"count":2,"href":"https:\/\/www.delasalle.qc.ca\/index.php?rest_route=\/wp\/v2\/pages\/3659\/revisions"}],"predecessor-version":[{"id":3730,"href":"https:\/\/www.delasalle.qc.ca\/index.php?rest_route=\/wp\/v2\/pages\/3659\/revisions\/3730"}],"wp:attachment":[{"href":"https:\/\/www.delasalle.qc.ca\/index.php?rest_route=%2Fwp%2Fv2%2Fmedia&parent=3659"}],"curies":[{"name":"wp","href":"https:\/\/api.w.org\/{rel}","templated":true}]}}