{"id":3667,"date":"2018-05-16T10:59:11","date_gmt":"2018-05-16T14:59:11","guid":{"rendered":"http:\/\/www.delasalle.qc.ca\/?page_id=3667"},"modified":"2018-05-16T13:08:05","modified_gmt":"2018-05-16T17:08:05","slug":"anglais-litterature","status":"publish","type":"page","link":"https:\/\/www.delasalle.qc.ca\/?page_id=3667","title":{"rendered":"Anglais litt\u00e9rature"},"content":{"rendered":"<p>1943<\/p>\n<p>Fidelis (brother). \u00abPoetry and the child\u00bb, <em>L\u2019enseignement \u00e9l\u00e9mentaire<\/em>, 2, 6(f\u00e9v. 1943)\u00a0: 515-516; 2, 7(mars 1943)\u00a0: 599-600.<\/p>\n<h3><strong>\u00a0<a href=\"https:\/\/www.delasalle.qc.ca\/wp-content\/uploads\/2018\/05\/POETRY-AND-THE-CHILD-PART-1-AND-PART-2.docx\">POETRY AND THE CHILD &#8211; PART 1 AND PART 2<\/a> \u00a0<\/strong><\/h3>\n<p>***<\/p>\n<p>1944<\/p>\n<p>Fidelis (brother). \u00abTeaching a poem\u00bb, <em>L\u2019enseignement primaire\u00a0\u00bb<\/em>, 3, 8(avr. 1944)\u00a0: 700-701.<\/p>\n<h3><strong><a href=\"https:\/\/www.delasalle.qc.ca\/wp-content\/uploads\/2018\/05\/TEACHING-A-POEM.docx\">TEACHING A POEM<\/a><\/strong><\/h3>\n<p>Fidelis (brother). \u00abTeaching the novel or short story\u00bb, <em>L\u2019enseignement primaire<\/em>, 3, 8(avr. 1944)\u00a0: 702-704.<\/p>\n<h3><strong><a href=\"https:\/\/www.delasalle.qc.ca\/wp-content\/uploads\/2018\/05\/TEACHING-THE-NOVEL-OR-SHORT-STORY.docx\">TEACHING THE NOVEL OR SHORT STORY<\/a><\/strong><\/h3>\n<p>***<\/p>\n<p>1947<\/p>\n<p>Fidelis (brother). \u00abLife through literature\u00bb, <em>L\u2019enseignement primaire<\/em>, 6, 9-10(mai-juin 1947)\u00a0: 774-776.<\/p>\n<h3><strong><a href=\"https:\/\/www.delasalle.qc.ca\/wp-content\/uploads\/2018\/05\/LIFE-THROUGH-LITERATURE.docx\">LIFE THROUGH LITERATURE<\/a><\/strong><\/h3>\n<p>***<\/p>\n","protected":false},"excerpt":{"rendered":"<p>1943 Fidelis (brother). \u00abPoetry and the child\u00bb, L\u2019enseignement \u00e9l\u00e9mentaire, 2, 6(f\u00e9v. 1943)\u00a0: 515-516; 2, 7(mars 1943)\u00a0: 599-600. \u00a0POETRY AND THE CHILD &#8211; PART 1 AND PART 2 \u00a0 *** 1944 Fidelis (brother). \u00abTeaching a poem\u00bb, L\u2019enseignement primaire\u00a0\u00bb, 3, 8(avr. 1944)\u00a0: 700-701. TEACHING A POEM Fidelis (brother). \u00abTeaching the novel or short story\u00bb, L\u2019enseignement primaire, 3,&hellip;<\/p>\n","protected":false},"author":1,"featured_media":0,"parent":0,"menu_order":0,"comment_status":"closed","ping_status":"closed","template":"","meta":{"_bbp_topic_count":0,"_bbp_reply_count":0,"_bbp_total_topic_count":0,"_bbp_total_reply_count":0,"_bbp_voice_count":0,"_bbp_anonymous_reply_count":0,"_bbp_topic_count_hidden":0,"_bbp_reply_count_hidden":0,"_bbp_forum_subforum_count":0,"footnotes":""},"class_list":["post-3667","page","type-page","status-publish","hentry"],"_links":{"self":[{"href":"https:\/\/www.delasalle.qc.ca\/index.php?rest_route=\/wp\/v2\/pages\/3667","targetHints":{"allow":["GET"]}}],"collection":[{"href":"https:\/\/www.delasalle.qc.ca\/index.php?rest_route=\/wp\/v2\/pages"}],"about":[{"href":"https:\/\/www.delasalle.qc.ca\/index.php?rest_route=\/wp\/v2\/types\/page"}],"author":[{"embeddable":true,"href":"https:\/\/www.delasalle.qc.ca\/index.php?rest_route=\/wp\/v2\/users\/1"}],"replies":[{"embeddable":true,"href":"https:\/\/www.delasalle.qc.ca\/index.php?rest_route=%2Fwp%2Fv2%2Fcomments&post=3667"}],"version-history":[{"count":3,"href":"https:\/\/www.delasalle.qc.ca\/index.php?rest_route=\/wp\/v2\/pages\/3667\/revisions"}],"predecessor-version":[{"id":3745,"href":"https:\/\/www.delasalle.qc.ca\/index.php?rest_route=\/wp\/v2\/pages\/3667\/revisions\/3745"}],"wp:attachment":[{"href":"https:\/\/www.delasalle.qc.ca\/index.php?rest_route=%2Fwp%2Fv2%2Fmedia&parent=3667"}],"curies":[{"name":"wp","href":"https:\/\/api.w.org\/{rel}","templated":true}]}}