{"id":429,"date":"2016-06-05T14:00:12","date_gmt":"2016-06-05T18:00:12","guid":{"rendered":"http:\/\/www.delasalle.qc.ca\/?page_id=429"},"modified":"2022-06-10T08:53:21","modified_gmt":"2022-06-10T12:53:21","slug":"lalize","status":"publish","type":"page","link":"https:\/\/www.delasalle.qc.ca\/?page_id=429","title":{"rendered":"L\u2019Aliz\u00e9"},"content":{"rendered":"<ul>\n<li><a href=\"https:\/\/www.delasalle.qc.ca\/wp-content\/uploads\/2016\/06\/Aliz\u00e9-avril-2017.pdf\">L&rsquo;Aliz\u00e9 &#8211; avril 2017<\/a><\/li>\n<li><a href=\"https:\/\/www.delasalle.qc.ca\/wp-content\/uploads\/2016\/06\/36-03-d\u00e9c-2016.pdf\">L&rsquo;Aliz\u00e9 d\u00e9c. 2016<\/a><\/li>\n<li><a href=\"https:\/\/www.delasalle.qc.ca\/wp-content\/uploads\/2016\/06\/Aliz\u00e9-juin-2016.pdf\">L&rsquo;Aliz\u00e9 &#8211; juin 2016<\/a><\/li>\n<li><a href=\"https:\/\/www.delasalle.qc.ca\/wp-content\/uploads\/2018\/01\/Journal_De\u0301cembre-4.pdf\">L&rsquo;Aliz\u00e9 &#8211; d\u00e9cembre 2017<\/a><\/li>\n<li><a href=\"https:\/\/www.delasalle.qc.ca\/wp-content\/uploads\/2018\/08\/Journal_Juillet-4.pdf\">L&rsquo;Aliz\u00e9 &#8211; juillet 2018<\/a><\/li>\n<li><a href=\"https:\/\/www.delasalle.qc.ca\/?attachment_id=4111\">L&rsquo;Aliz\u00e9 &#8211; d\u00e9cembre 2018<\/a><\/li>\n<li><a href=\"https:\/\/www.delasalle.qc.ca\/?attachment_id=4367\">L&rsquo;Aliz\u00e9 &#8211; avril 2019<\/a><\/li>\n<li><a href=\"https:\/\/www.delasalle.qc.ca\/wp-content\/uploads\/2019\/10\/Aliz\u00e9-sept-19.pdf\">L&rsquo;Aliz\u00e9 -septembre 2019<\/a><\/li>\n<li><a href=\"https:\/\/www.delasalle.qc.ca\/wp-content\/uploads\/2020\/01\/Aliz\u00e9-d\u00e9c.-19.pdf\">L&rsquo;Aliz\u00e9 -d\u00e9cembre 2019<\/a><\/li>\n<li><a href=\"https:\/\/www.delasalle.qc.ca\/?attachment_id=4790\">L&rsquo;Aliz\u00e9- mars 2020<\/a><\/li>\n<li><a href=\"https:\/\/drive.google.com\/file\/d\/1OgyJ8Tds1mab6vuvWdNQmEGIvL4JdYDv\/view?usp=sharing\">L&rsquo;Aliz\u00e9 &#8211; novembre 2020<\/a><\/li>\n<li><a href=\"https:\/\/drive.google.com\/file\/d\/11oPmb0ke_4rzyuBIbanCtfF5RxJhflXl\/view?usp=sharing\">L&rsquo;Aliz\u00e9 &#8211; avril 2021<\/a><\/li>\n<li><a href=\"https:\/\/drive.google.com\/file\/d\/17RoTBgvqs-amnBkJvHxTqcd8obqt6k24\/view?usp=sharing\">L&rsquo;Aliz\u00e9 &#8211; mai 2022<\/a><\/li>\n<\/ul>\n\n\n<p><\/p>\n","protected":false},"excerpt":{"rendered":"<p>L&rsquo;Aliz\u00e9 &#8211; avril 2017 L&rsquo;Aliz\u00e9 d\u00e9c. 2016 L&rsquo;Aliz\u00e9 &#8211; juin 2016 L&rsquo;Aliz\u00e9 &#8211; d\u00e9cembre 2017 L&rsquo;Aliz\u00e9 &#8211; juillet 2018 L&rsquo;Aliz\u00e9 &#8211; d\u00e9cembre 2018 L&rsquo;Aliz\u00e9 &#8211; avril 2019 L&rsquo;Aliz\u00e9 -septembre 2019 L&rsquo;Aliz\u00e9 -d\u00e9cembre 2019 L&rsquo;Aliz\u00e9- mars 2020 L&rsquo;Aliz\u00e9 &#8211; novembre 2020 L&rsquo;Aliz\u00e9 &#8211; avril 2021 L&rsquo;Aliz\u00e9 &#8211; mai 2022<\/p>\n","protected":false},"author":1,"featured_media":0,"parent":0,"menu_order":0,"comment_status":"closed","ping_status":"closed","template":"","meta":{"_bbp_topic_count":0,"_bbp_reply_count":0,"_bbp_total_topic_count":0,"_bbp_total_reply_count":0,"_bbp_voice_count":0,"_bbp_anonymous_reply_count":0,"_bbp_topic_count_hidden":0,"_bbp_reply_count_hidden":0,"_bbp_forum_subforum_count":0,"footnotes":""},"class_list":["post-429","page","type-page","status-publish","hentry"],"_links":{"self":[{"href":"https:\/\/www.delasalle.qc.ca\/index.php?rest_route=\/wp\/v2\/pages\/429","targetHints":{"allow":["GET"]}}],"collection":[{"href":"https:\/\/www.delasalle.qc.ca\/index.php?rest_route=\/wp\/v2\/pages"}],"about":[{"href":"https:\/\/www.delasalle.qc.ca\/index.php?rest_route=\/wp\/v2\/types\/page"}],"author":[{"embeddable":true,"href":"https:\/\/www.delasalle.qc.ca\/index.php?rest_route=\/wp\/v2\/users\/1"}],"replies":[{"embeddable":true,"href":"https:\/\/www.delasalle.qc.ca\/index.php?rest_route=%2Fwp%2Fv2%2Fcomments&post=429"}],"version-history":[{"count":19,"href":"https:\/\/www.delasalle.qc.ca\/index.php?rest_route=\/wp\/v2\/pages\/429\/revisions"}],"predecessor-version":[{"id":6235,"href":"https:\/\/www.delasalle.qc.ca\/index.php?rest_route=\/wp\/v2\/pages\/429\/revisions\/6235"}],"wp:attachment":[{"href":"https:\/\/www.delasalle.qc.ca\/index.php?rest_route=%2Fwp%2Fv2%2Fmedia&parent=429"}],"curies":[{"name":"wp","href":"https:\/\/api.w.org\/{rel}","templated":true}]}}