{"id":4526,"date":"2019-07-04T07:41:13","date_gmt":"2019-07-04T11:41:13","guid":{"rendered":"http:\/\/www.delasalle.qc.ca\/?page_id=4526"},"modified":"2019-07-04T08:00:03","modified_gmt":"2019-07-04T12:00:03","slug":"pelerinage-lasallien-2019","status":"publish","type":"page","link":"https:\/\/www.delasalle.qc.ca\/?page_id=4526","title":{"rendered":"P\u00e8lerinage lasallien 2019"},"content":{"rendered":"\n<p>Du 15 juin au 2 juillet 2019, Johanie Chabot et Sylvie Courtemanche ont organis\u00e9 un p\u00e8lerinage dont le d\u00e9part s&rsquo;est fait depuis l&rsquo;Oratoire St-Joseph \u00e0 Montr\u00e9al pour se terminer \u00e0 la Basilique Ste-Anne de Beaupr\u00e9 375 kilom\u00e8tres plus loin. <\/p>\n\n\n\n<p>Ce p\u00e8lerinage est qualifi\u00e9 de lasallien pour deux raisons: Premi\u00e8rement, il a \u00e9t\u00e9 organis\u00e9 pour comm\u00e9morer le 300e anniversaire de l&rsquo;entr\u00e9e en vie \u00e9ternelle du fondateur des Fr\u00e8res des \u00c9coles Chr\u00e9tiennes et saint patron des \u00e9ducateurs chr\u00e9tiens. Et deuxi\u00e8mement, toute cette marche fut jalonn\u00e9e de r\u00e9flexions-pri\u00e8res-biographie du Fondateur qui invitaient les p\u00e8lerines \u00e0 approfondir 18 th\u00e8mes importants dans la vie des lasalliens.<\/p>\n\n\n\n<p>Voici les th\u00e8mes ainsi que les cahiers qui les accompagnent: (cliquez sur le th\u00e8me pour acc\u00e9der au feuillet)<\/p>\n\n\n\n<p>Avant le d\u00e9part &#8211;  <a href=\"https:\/\/www.delasalle.qc.ca\/?attachment_id=4528\">Comment on se pr\u00e9pare \u00e0 vivre pareille exp\u00e9rience.<\/a><\/p>\n\n\n\n<p>15 juin&nbsp;: <a href=\"https:\/\/www.delasalle.qc.ca\/?attachment_id=4529\">D\u2019o\u00f9 je viens \u2013 ce qui m\u2019a construit<\/a><\/p>\n\n\n\n<p>16 juin&nbsp;: <a href=\"https:\/\/www.delasalle.qc.ca\/?attachment_id=4530\">Me laisser interpeller<\/a><\/p>\n\n\n\n<p>17 juin&nbsp;: <a href=\"https:\/\/www.delasalle.qc.ca\/?attachment_id=4531\">Ce que je veux transmettre<\/a><\/p>\n\n\n\n<p>18 juin&nbsp;: <a href=\"https:\/\/www.delasalle.qc.ca\/?attachment_id=4532\">M\u2019associer<\/a><\/p>\n\n\n\n<p>19 juin&nbsp;: <a href=\"https:\/\/www.delasalle.qc.ca\/?attachment_id=4533\">Les renoncements<\/a><\/p>\n\n\n\n<p>20 juin&nbsp;: <a href=\"https:\/\/www.delasalle.qc.ca\/?attachment_id=4534\">Faire v\u0153u \u2026<\/a><\/p>\n\n\n\n<p>21 juin&nbsp;: <a href=\"https:\/\/www.delasalle.qc.ca\/?attachment_id=4535\">Du positif dans les difficult\u00e9s.<\/a><\/p>\n\n\n\n<p>22 juin&nbsp;: <a href=\"https:\/\/www.delasalle.qc.ca\/?attachment_id=4536\">Des pauvres aux plus pauvres.<\/a><\/p>\n\n\n\n<p>23 juin&nbsp;: <a href=\"https:\/\/www.delasalle.qc.ca\/?attachment_id=4537\">La r\u00e9silience.<\/a><\/p>\n\n\n\n<p>24 juin&nbsp;: <a href=\"https:\/\/www.delasalle.qc.ca\/?attachment_id=4538\">La pr\u00e9sence de Dieu.<\/a><\/p>\n\n\n\n<p>25 juin&nbsp;: <a href=\"https:\/\/www.delasalle.qc.ca\/?attachment_id=4539\">Relire ma vie.<\/a><\/p>\n\n\n\n<p>26 juin&nbsp;: <a href=\"https:\/\/www.delasalle.qc.ca\/?attachment_id=4540\">Comment faire communaut\u00e9?<\/a><\/p>\n\n\n\n<p>27 juin&nbsp;: <a href=\"https:\/\/www.delasalle.qc.ca\/?attachment_id=4541\">Le pouvoir des petits gestes.<\/a><\/p>\n\n\n\n<p>28 juin&nbsp;: <a href=\"https:\/\/www.delasalle.qc.ca\/?attachment_id=4542\">Foi-Fraternit\u00e9-Service<\/a><\/p>\n\n\n\n<p>29 juin&nbsp;: <a href=\"https:\/\/www.delasalle.qc.ca\/?attachment_id=4543\">Ambassadeurs de J\u00e9sus-Christ<\/a><\/p>\n\n\n\n<p>30 juin&nbsp;: <a href=\"https:\/\/www.delasalle.qc.ca\/?attachment_id=4544\">Le charisme lasallien<\/a><\/p>\n\n\n\n<p>1<sup>er<\/sup> juillet&nbsp;: <a href=\"https:\/\/www.delasalle.qc.ca\/?attachment_id=4545\">Qu\u2019emportai-je avec moi?<\/a> <\/p>\n\n\n\n<p>2 juillet&nbsp;: <a href=\"https:\/\/www.delasalle.qc.ca\/?attachment_id=4546\">Bilan de l\u2019exp\u00e9rience. <\/a><\/p>\n","protected":false},"excerpt":{"rendered":"<p>Du 15 juin au 2 juillet 2019, Johanie Chabot et Sylvie Courtemanche ont organis\u00e9 un p\u00e8lerinage dont le d\u00e9part s&rsquo;est fait depuis l&rsquo;Oratoire St-Joseph \u00e0 Montr\u00e9al pour se terminer \u00e0 la Basilique Ste-Anne de Beaupr\u00e9 375 kilom\u00e8tres plus loin. Ce p\u00e8lerinage est qualifi\u00e9 de lasallien pour deux raisons: Premi\u00e8rement, il a \u00e9t\u00e9 organis\u00e9 pour comm\u00e9morer&hellip;<\/p>\n","protected":false},"author":1,"featured_media":4488,"parent":0,"menu_order":0,"comment_status":"closed","ping_status":"closed","template":"","meta":{"_bbp_topic_count":0,"_bbp_reply_count":0,"_bbp_total_topic_count":0,"_bbp_total_reply_count":0,"_bbp_voice_count":0,"_bbp_anonymous_reply_count":0,"_bbp_topic_count_hidden":0,"_bbp_reply_count_hidden":0,"_bbp_forum_subforum_count":0,"footnotes":""},"class_list":["post-4526","page","type-page","status-publish","has-post-thumbnail","hentry"],"_links":{"self":[{"href":"https:\/\/www.delasalle.qc.ca\/index.php?rest_route=\/wp\/v2\/pages\/4526","targetHints":{"allow":["GET"]}}],"collection":[{"href":"https:\/\/www.delasalle.qc.ca\/index.php?rest_route=\/wp\/v2\/pages"}],"about":[{"href":"https:\/\/www.delasalle.qc.ca\/index.php?rest_route=\/wp\/v2\/types\/page"}],"author":[{"embeddable":true,"href":"https:\/\/www.delasalle.qc.ca\/index.php?rest_route=\/wp\/v2\/users\/1"}],"replies":[{"embeddable":true,"href":"https:\/\/www.delasalle.qc.ca\/index.php?rest_route=%2Fwp%2Fv2%2Fcomments&post=4526"}],"version-history":[{"count":6,"href":"https:\/\/www.delasalle.qc.ca\/index.php?rest_route=\/wp\/v2\/pages\/4526\/revisions"}],"predecessor-version":[{"id":4553,"href":"https:\/\/www.delasalle.qc.ca\/index.php?rest_route=\/wp\/v2\/pages\/4526\/revisions\/4553"}],"wp:featuredmedia":[{"embeddable":true,"href":"https:\/\/www.delasalle.qc.ca\/index.php?rest_route=\/wp\/v2\/media\/4488"}],"wp:attachment":[{"href":"https:\/\/www.delasalle.qc.ca\/index.php?rest_route=%2Fwp%2Fv2%2Fmedia&parent=4526"}],"curies":[{"name":"wp","href":"https:\/\/api.w.org\/{rel}","templated":true}]}}