{"id":5121,"date":"2020-09-20T16:42:27","date_gmt":"2020-09-20T20:42:27","guid":{"rendered":"http:\/\/www.delasalle.qc.ca\/?page_id=5121"},"modified":"2020-09-20T16:42:27","modified_gmt":"2020-09-20T20:42:27","slug":"forums","status":"publish","type":"page","link":"https:\/\/www.delasalle.qc.ca\/?page_id=5121","title":{"rendered":"Forums"},"content":{"rendered":"\n<figure class=\"wp-block-image size-large is-resized\"><img loading=\"lazy\" decoding=\"async\" src=\"https:\/\/www.delasalle.qc.ca\/wp-content\/uploads\/2020\/09\/associes-logo.jpg\" alt=\"\" class=\"wp-image-5117\" width=\"213\" height=\"72\"\/><\/figure>\n\n\n\n<p>Bienvenue au forum de discussion des associ\u00e9s lasalliens \n<div id=\"bbpress-forums\" class=\"bbpress-wrapper\">\n\n\t\n\t<div class=\"bbp-search-form\">\n\t\t<form role=\"search\" method=\"get\" id=\"bbp-search-form\">\n\t\t\t<div>\n\t\t\t\t<label class=\"screen-reader-text hidden\" for=\"bbp_search\">Rechercher<\/label>\n\t\t\t\t<input type=\"hidden\" name=\"action\" value=\"bbp-search-request\" \/>\n\t\t\t\t<input type=\"text\" value=\"\" name=\"bbp_search\" id=\"bbp_search\" \/>\n\t\t\t\t<input class=\"button\" type=\"submit\" id=\"bbp_search_submit\" value=\"Rechercher\" \/>\n\t\t\t<\/div>\n\t\t<\/form>\n\t<\/div>\n\n\n\t<div class=\"bbp-breadcrumb\"><p><a href=\"https:\/\/www.delasalle.qc.ca\" class=\"bbp-breadcrumb-home\">Accueil<\/a> <span class=\"bbp-breadcrumb-sep\">&rsaquo;<\/span> <span class=\"bbp-breadcrumb-current\">Forums<\/span><\/p><\/div>\n\t\n\t\n\t\n\t\t\n<ul id=\"forums-list-0\" class=\"bbp-forums\">\n\n\t<li class=\"bbp-header\">\n\n\t\t<ul class=\"forum-titles\">\n\t\t\t<li class=\"bbp-forum-info\">Forum<\/li>\n\t\t\t<li class=\"bbp-forum-topic-count\">Sujets<\/li>\n\t\t\t<li class=\"bbp-forum-reply-count\">Messages<\/li>\n\t\t\t<li class=\"bbp-forum-freshness\">Derni\u00e8re publication<\/li>\n\t\t<\/ul>\n\n\t<\/li><!-- .bbp-header -->\n\n\t<li class=\"bbp-body\">\n\n\t\t\n\t\t\t\n<ul id=\"bbp-forum-5116\" class=\"loop-item-0 bbp-forum-status-open bbp-forum-visibility-publish odd  post-5116 forum type-forum status-publish hentry\">\n\t<li class=\"bbp-forum-info\">\n\n\t\t\n\t\t\n\t\t<a class=\"bbp-forum-title\" href=\"https:\/\/www.delasalle.qc.ca\/?forum=associes-lasalliens\">Espace Associ\u00e9s<\/a>\n\n\t\t\n\t\t\n\t\t<div class=\"bbp-forum-content\"><img loading=\"lazy\" decoding=\"async\" class=\"alignnone size-full wp-image-5117\" src=\"http:\/\/www.delasalle.qc.ca\/wp-content\/uploads\/2020\/09\/associes-logo.jpg\" alt=\"\" width=\"228\" height=\"77\" \/>\r\n\r\nNous partageons des id\u00e9es ici.<\/div>\n\n\t\t\n\t\t\n\t\t\n\t\t\n\t\t\n\t<\/li>\n\n\t<li class=\"bbp-forum-topic-count\">3<\/li>\n\n\t<li class=\"bbp-forum-reply-count\">6<\/li>\n\n\t<li class=\"bbp-forum-freshness\">\n\n\t\t\n\t\t<a href=\"https:\/\/www.delasalle.qc.ca\/?topic=1-reflexion-sur-les-mot-de-saint-jean-baptiste-de-lasalle-md-33-1\" title=\"#1: R\u00e9flexion sur les mot de Saint Jean-Baptiste De LaSalle,  MD 33.1\">il y a 5 ann\u00e9es et 5 mois<\/a>\n\t\t\n\t\t<p class=\"bbp-topic-meta\">\n\n\t\t\t\n\t\t\t<span class=\"bbp-topic-freshness-author\"><a href=\"https:\/\/www.delasalle.qc.ca\/?bbp_user=1\" title=\"Voir le profil de Fr\u00e8res des \u00c9coles chr\u00e9tiennes\" class=\"bbp-author-link\"><span  class=\"bbp-author-avatar\"><img alt='' src='https:\/\/secure.gravatar.com\/avatar\/2643c54b5e8900cab0f0e410d4d1e8736f7b5268aae0222f54589bfe697ac813?s=14&#038;d=identicon&#038;r=g' srcset='https:\/\/secure.gravatar.com\/avatar\/2643c54b5e8900cab0f0e410d4d1e8736f7b5268aae0222f54589bfe697ac813?s=28&#038;d=identicon&#038;r=g 2x' class='avatar avatar-14 photo' height='14' width='14' \/><\/span><span  class=\"bbp-author-name\">Fr\u00e8res des \u00c9coles chr\u00e9tiennes<\/span><\/a><\/span>\n\n\t\t\t\n\t\t<\/p>\n\t<\/li>\n<\/ul><!-- #bbp-forum-5116 -->\n\n\t\t\n\t<\/li><!-- .bbp-body -->\n\n\t<li class=\"bbp-footer\">\n\n\t\t<div class=\"tr\">\n\t\t\t<p class=\"td colspan4\">&nbsp;<\/p>\n\t\t<\/div><!-- .tr -->\n\n\t<\/li><!-- .bbp-footer -->\n\n<\/ul><!-- .forums-directory -->\n\n\n\t\n\t\n<\/div>\n<\/p>\n","protected":false},"excerpt":{"rendered":"<p>Bienvenue au forum de discussion des associ\u00e9s lasalliens<\/p>\n","protected":false},"author":1,"featured_media":0,"parent":0,"menu_order":0,"comment_status":"closed","ping_status":"closed","template":"","meta":{"_bbp_topic_count":0,"_bbp_reply_count":0,"_bbp_total_topic_count":0,"_bbp_total_reply_count":0,"_bbp_voice_count":0,"_bbp_anonymous_reply_count":0,"_bbp_topic_count_hidden":0,"_bbp_reply_count_hidden":0,"_bbp_forum_subforum_count":0,"footnotes":""},"class_list":["post-5121","page","type-page","status-publish","hentry"],"_links":{"self":[{"href":"https:\/\/www.delasalle.qc.ca\/index.php?rest_route=\/wp\/v2\/pages\/5121","targetHints":{"allow":["GET"]}}],"collection":[{"href":"https:\/\/www.delasalle.qc.ca\/index.php?rest_route=\/wp\/v2\/pages"}],"about":[{"href":"https:\/\/www.delasalle.qc.ca\/index.php?rest_route=\/wp\/v2\/types\/page"}],"author":[{"embeddable":true,"href":"https:\/\/www.delasalle.qc.ca\/index.php?rest_route=\/wp\/v2\/users\/1"}],"replies":[{"embeddable":true,"href":"https:\/\/www.delasalle.qc.ca\/index.php?rest_route=%2Fwp%2Fv2%2Fcomments&post=5121"}],"version-history":[{"count":1,"href":"https:\/\/www.delasalle.qc.ca\/index.php?rest_route=\/wp\/v2\/pages\/5121\/revisions"}],"predecessor-version":[{"id":5122,"href":"https:\/\/www.delasalle.qc.ca\/index.php?rest_route=\/wp\/v2\/pages\/5121\/revisions\/5122"}],"wp:attachment":[{"href":"https:\/\/www.delasalle.qc.ca\/index.php?rest_route=%2Fwp%2Fv2%2Fmedia&parent=5121"}],"curies":[{"name":"wp","href":"https:\/\/api.w.org\/{rel}","templated":true}]}}