{"id":6796,"date":"2023-12-07T06:01:27","date_gmt":"2023-12-07T11:01:27","guid":{"rendered":"https:\/\/www.delasalle.qc.ca\/?page_id=6796"},"modified":"2023-12-21T08:34:42","modified_gmt":"2023-12-21T13:34:42","slug":"ressources-supplementaires-pour-lavent-2023","status":"publish","type":"page","link":"https:\/\/www.delasalle.qc.ca\/?page_id=6796","title":{"rendered":"Ressources suppl\u00e9mentaires pour l&rsquo;Avent 2023"},"content":{"rendered":"\n<figure class=\"wp-block-image size-large\"><img loading=\"lazy\" decoding=\"async\" width=\"1024\" height=\"636\" src=\"https:\/\/www.delasalle.qc.ca\/wp-content\/uploads\/2020\/11\/advent-1883816_1920-1024x636.jpg\" alt=\"\" class=\"wp-image-5311\" srcset=\"https:\/\/www.delasalle.qc.ca\/wp-content\/uploads\/2020\/11\/advent-1883816_1920-1024x636.jpg 1024w, https:\/\/www.delasalle.qc.ca\/wp-content\/uploads\/2020\/11\/advent-1883816_1920-300x186.jpg 300w, https:\/\/www.delasalle.qc.ca\/wp-content\/uploads\/2020\/11\/advent-1883816_1920-768x477.jpg 768w, https:\/\/www.delasalle.qc.ca\/wp-content\/uploads\/2020\/11\/advent-1883816_1920-1536x954.jpg 1536w, https:\/\/www.delasalle.qc.ca\/wp-content\/uploads\/2020\/11\/advent-1883816_1920.jpg 1920w\" sizes=\"auto, (max-width: 1024px) 100vw, 1024px\" \/><\/figure>\n\n\n\n<p class=\"has-vivid-green-cyan-color has-text-color has-large-font-size\"><strong>Resources suppl\u00e9mentaires<\/strong><\/p>\n\n\n\n<p>Vid\u00e9o clips de Robert Laurin:<\/p>\n\n\n\n<p>1re semaine de l&rsquo;Avent 2023:<\/p>\n\n\n\n<figure class=\"wp-block-embed is-type-video is-provider-youtube wp-block-embed-youtube wp-embed-aspect-16-9 wp-has-aspect-ratio\"><div class=\"wp-block-embed__wrapper\">\n<iframe loading=\"lazy\" title=\"Veillez qu\u2019Il ne vous trouve pas endormis !\" width=\"1170\" height=\"658\" src=\"https:\/\/www.youtube.com\/embed\/dXHK_vsx7KI?feature=oembed\" frameborder=\"0\" allow=\"accelerometer; autoplay; clipboard-write; encrypted-media; gyroscope; picture-in-picture; web-share\" allowfullscreen><\/iframe>\n<\/div><\/figure>\n\n\n\n<p>2e semaine de l&rsquo;Avent:<\/p>\n\n\n\n<figure class=\"wp-block-embed is-type-video is-provider-youtube wp-block-embed-youtube wp-embed-aspect-16-9 wp-has-aspect-ratio\"><div class=\"wp-block-embed__wrapper\">\n<iframe loading=\"lazy\" title=\"A travers le d\u00e9sert\" width=\"1170\" height=\"658\" src=\"https:\/\/www.youtube.com\/embed\/8GAFSbcZN4I?feature=oembed\" frameborder=\"0\" allow=\"accelerometer; autoplay; clipboard-write; encrypted-media; gyroscope; picture-in-picture; web-share\" allowfullscreen><\/iframe> \n<\/div><\/figure>\n\n\n\n<figure class=\"wp-block-embed is-type-video is-provider-youtube wp-block-embed-youtube wp-embed-aspect-16-9 wp-has-aspect-ratio\"><div class=\"wp-block-embed__wrapper\">\n<iframe loading=\"lazy\" title=\"La joie de la foi : Dieu est avec nous !\" width=\"1170\" height=\"658\" src=\"https:\/\/www.youtube.com\/embed\/JCb8acRMo5E?feature=oembed\" frameborder=\"0\" allow=\"accelerometer; autoplay; clipboard-write; encrypted-media; gyroscope; picture-in-picture; web-share\" allowfullscreen><\/iframe> \n<\/div><\/figure>\n\n\n\n<figure class=\"wp-block-embed is-type-video is-provider-youtube wp-block-embed-youtube wp-embed-aspect-16-9 wp-has-aspect-ratio\"><div class=\"wp-block-embed__wrapper\">\n<iframe loading=\"lazy\" title=\"Que vos coeurs ne soient pas troubl\u00e9s ...\" width=\"1170\" height=\"658\" src=\"https:\/\/www.youtube.com\/embed\/IBRTM1iMnxg?feature=oembed\" frameborder=\"0\" allow=\"accelerometer; autoplay; clipboard-write; encrypted-media; gyroscope; picture-in-picture; web-share\" allowfullscreen><\/iframe>\n<\/div><\/figure>\n\n\n\n<figure class=\"wp-block-embed is-type-video is-provider-youtube wp-block-embed-youtube wp-embed-aspect-16-9 wp-has-aspect-ratio\"><div class=\"wp-block-embed__wrapper\">\n<iframe loading=\"lazy\" title=\"GOD HAS GIVEN  -  DIEU A DONN\u00c9\" width=\"1170\" height=\"658\" src=\"https:\/\/www.youtube.com\/embed\/Xvr3UB7_MlM?feature=oembed\" frameborder=\"0\" allow=\"accelerometer; autoplay; clipboard-write; encrypted-media; gyroscope; picture-in-picture; web-share\" allowfullscreen><\/iframe> \n<\/div><\/figure>\n\n\n\n<p class=\"has-vivid-green-cyan-color has-text-color has-medium-font-size\"><strong>Ressources pour l\u2019Avent propos\u00e9es par l\u2019\u00c9glise catholique au Saguenay-Lac St-Jean\u00a0:<\/strong><\/p>\n\n\n\n<p class=\"has-text-color\" style=\"color:#054bfd\"><a href=\"http:\/\/www.evechedechicoutimi.qc.ca\/donnees\/media\/fichiers\/Ressourcement\/Avent\/Annee%20liturgique.pdf\" target=\"_blank\" rel=\"noreferrer noopener\"><strong>EN ROUTE VERS L\u2019AVENT<\/strong><\/a><\/p>\n\n\n\n<p>\u25ba&nbsp;L&rsquo;abb\u00e9 Pierre Robitaille, vicaire \u00e0 la paroisse Notre-Dame de Qu\u00e9bec, explique en quelques mots ce qu&rsquo;est une ann\u00e9e liturgique.&nbsp;<\/p>\n\n\n\n<p class=\"has-text-color\" style=\"color:#054bfd\"><a href=\"http:\/\/www.evechedechicoutimi.qc.ca\/donnees\/media\/fichiers\/Ressourcement\/Avent\/Annee%20liturgique.pdf\" target=\"_blank\" rel=\"noreferrer noopener\">\u2666 Qu\u2019est-ce que l\u2019ann\u00e9e liturgique de notre \u00c9glise ?<\/a><\/p>\n\n\n\n<p>\u25ba&nbsp;L&rsquo;Avent 2020 se vivra avec le th\u00e8me :&nbsp;Esp\u00e9rer sa Pr\u00e9sence<br>Afin d&rsquo;aider \u00e0 la r\u00e9flexion, le dioc\u00e8se de Joliette a pr\u00e9par\u00e9 deux vid\u00e9os anim\u00e9es par l&rsquo;abb\u00e9 Alain Roy<\/p>\n\n\n\n<p class=\"has-text-color\" style=\"color:#054bfd\"><a href=\"https:\/\/www.youtube.com\/watch?v=_GjwVCEA7ZE&amp;feature=youtu.be\" target=\"_blank\" rel=\"noreferrer noopener\">\u2666 L\u2019Avent, on n\u2019en revient pas<\/a><\/p>\n\n\n\n<p class=\"has-text-color\" style=\"color:#054bfd\"><a href=\"https:\/\/www.youtube.com\/watch?v=xK6w35Dpg40&amp;feature=youtu.be\" target=\"_blank\" rel=\"noreferrer noopener\">\u2666 L\u2019Avent, on a de l\u2019avenir<\/a><\/p>\n\n\n\n<p><br><strong>POUR EN CONNA\u00ceTRE DAVANTAGE SUR LE SENS DE L&rsquo;AVENT<\/strong><\/p>\n\n\n\n<p class=\"has-black-color has-text-color\"><br>\u25ba&nbsp;<strong>Quel est la signification de l\u2019Avent ?<\/strong><br>Cette page propose des textes traitant de la signification de l\u2019Avent, la couronne de l\u2019Avent, le calendrier de l\u2019Avent, etc.<a rel=\"noreferrer noopener\" href=\"http:\/\/eglise.catholique.fr\/approfondir-sa-foi\/la-celebration-de-la-foi\/les-grandes-fetes-chretiennes\/noel\/369326-avent\/\" target=\"_blank\"><br><\/a><\/p>\n\n\n\n<p class=\"has-text-align-center has-text-color\" style=\"color:#054bfd\"><a rel=\"noreferrer noopener\" href=\"http:\/\/eglise.catholique.fr\/approfondir-sa-foi\/la-celebration-de-la-foi\/les-grandes-fetes-chretiennes\/noel\/369326-avent\/\" target=\"_blank\">Lire le texte<\/a><\/p>\n\n\n\n<p>\u25ba&nbsp;<strong>Signification du sens des 4 chandelles de l&rsquo;Avent<\/strong><br>Sur la page, lire :&nbsp;<\/p>\n\n\n\n<p class=\"has-text-align-center has-text-color\" style=\"color:#054bfd\"><a rel=\"noreferrer noopener\" href=\"https:\/\/fr.wikipedia.org\/wiki\/Couronne_de_l%27Avent\" target=\"_blank\">Les bougies et la symbolique chr\u00e9tienne<\/a><\/p>\n\n\n\n<p>\u25ba&nbsp;<strong>Lumi\u00e8re sur la tradition des bougies de l&rsquo;Avent<\/strong><a rel=\"noreferrer noopener\" href=\"https:\/\/fr.aleteia.org\/2017\/11\/19\/lumiere-sur-la-tradition-des-bougies-de-lavent\/\" target=\"_blank\"><br><\/a><\/p>\n\n\n\n<p class=\"has-text-align-center has-text-color\" style=\"color:#054bfd\"><a rel=\"noreferrer noopener\" href=\"https:\/\/fr.aleteia.org\/2017\/11\/19\/lumiere-sur-la-tradition-des-bougies-de-lavent\/\" target=\"_blank\">Lire le texte&nbsp;<\/a><\/p>\n\n\n\n<p>\u25ba&nbsp;<strong>Le pape veut que soit maintenue vivante la belle tradition de la cr\u00e8che<\/strong><\/p>\n\n\n\n<p class=\"has-text-align-center has-text-color\" style=\"color:#054bfd\"><a rel=\"noreferrer noopener\" href=\"http:\/\/www.vaticannews.va\/fr\/pape\/news\/2019-12\/pape-veut-maintenir-vivante-la-belle-tradition-de-la-creche.html\" target=\"_blank\"><br>Lire le texte<\/a><\/p>\n\n\n\n<p>\u25ba&nbsp;<strong>Le merveilleux signe de la cr\u00e8che, lettre apostolique du Pape Fran\u00e7ois<\/strong><\/p>\n\n\n\n<p class=\"has-text-align-center has-text-color\" style=\"color:#054bfd\"><a rel=\"noreferrer noopener\" href=\"http:\/\/evechedechicoutimi.qc.ca\/donnees\/media\/fichiers\/Nouvelles\/Le%20merveilleux%20signe%20de%20la%20creche%2C%20lettre%20apostolique%20du%20Pape%20Francois.pdf\" target=\"_blank\"><br>Lire la lettre apostolique<\/a><\/p>\n\n\n\n<p><\/p>\n\n\n\n<p>\u25ba&nbsp;<strong>21 questions sur No\u00ebl<\/strong><\/p>\n\n\n\n<p class=\"has-text-align-center has-text-color\" style=\"color:#054bfd\"><a rel=\"noreferrer noopener\" href=\"https:\/\/noel.catholique.fr\/\" target=\"_blank\"><br>Acc\u00e8s au site<\/a><br>&nbsp;<\/p>\n\n\n\n<p><strong>RESSOURCEMENTS PROPOS\u00c9S POUR LE TEMPS DE L&rsquo;AVENT<\/strong><\/p>\n\n\n\n<p><a href=\"https:\/\/www.facebook.com\/659255894135805\/posts\/3615953815132650\/?sfnsn=mo\" target=\"_blank\" rel=\"noreferrer noopener\"><br><br>\u25ba<\/a>&nbsp;<a href=\"https:\/\/lesbrebisdejesus.com\/demarche-avent-2020\/\" target=\"_blank\" rel=\"noreferrer noopener\">Brebis de J\u00e9sus<\/a>&nbsp;(proposition d&rsquo;un temps de ressourcement pour les familles)<\/p>\n\n\n\n<p><\/p>\n\n\n\n<p>\u25ba&nbsp;L&rsquo;<a href=\"http:\/\/officedecatechese.qc.ca\/index.html\" target=\"_blank\" rel=\"noreferrer noopener\">Office de cat\u00e9ch\u00e8se du Qu\u00e9bec<\/a>&nbsp;propose une cat\u00e9ch\u00e8se sur l\u2019attente, alors que&nbsp;<em>l\u2019Avent est un temps fort de la vie de l\u2019\u00c9glise qui invite \u00e0 retrouver une posture d\u2019attente, habit\u00e9e par la joie et l\u2019esp\u00e9rance<\/em>.<br>Pour&nbsp;<a href=\"http:\/\/officedecatechese.qc.ca\/productions\/intergenerationnel\/RVI_Avent.html\" target=\"_blank\" rel=\"noreferrer noopener\">information<\/a><\/p>\n\n\n\n<p>\u25ba&nbsp;Le&nbsp;<a href=\"https:\/\/lourdesrigaud.ca\/\" target=\"_blank\" rel=\"noreferrer noopener\">Sanctuaire Notre-Dame-de-Lourdes de Rigault<\/a>&nbsp;(au Qu\u00e9bec) propose une activit\u00e9 (pour les petits et les grands) ayant pour th\u00e8me :&nbsp;<em>Devancer l&rsquo;aurore<\/em><br>Pour&nbsp;<a href=\"https:\/\/lourdesrigaud.ca\/couronne-avent\/\" target=\"_blank\" rel=\"noreferrer noopener\">information<\/a><\/p>\n\n\n\n<p>\u25ba&nbsp;Le site Cat\u00e9ch\u00e8se et cat\u00e9chum\u00e9nat propose de vivre un Avent \u00e9cologique et d\u2019une f\u00eate de No\u00ebl \u00e9coresponsable.<br>Pour&nbsp;<a href=\"https:\/\/catechese.catholique.fr\/outils\/propositions-danimation\/308412-avent-ecologiqu-itineraire-de-catechese-liturgique-et-familiale\/\" target=\"_blank\" rel=\"noreferrer noopener\">information<\/a><\/p>\n\n\n\n<p><\/p>\n\n\n\n<p><strong>R\u00c9FLEXION SUR LES TEXTES DE CHAQUE DIMANCHE<\/strong><\/p>\n\n\n\n<p>Que ce soit \u00e0 titre personnel ou encore pour vous aider \u00e0 pr\u00e9parer l\u2019hom\u00e9lie du dimanche, voici quelques suggestions :<\/p>\n\n\n\n<p>\u25ba&nbsp;<strong>\u00c9chos de la Parole<\/strong><br>Chaque semaine, l\u2019Office de la cat\u00e9ch\u00e8se du Qu\u00e9bec propose une courte r\u00e9flexion sur les textes du dimanche \u00e0 venir.<a href=\"http:\/\/officedecatechese.qc.ca\/sens\/evangile\/index.html\" target=\"_blank\" rel=\"noreferrer noopener\"><br>Acc\u00e8s au site<\/a><\/p>\n\n\n\n<p>\u25ba&nbsp;<strong>C\u00e9l\u00e9brer la Parole<\/strong><br>Chaque semaine, InterBible propose une r\u00e9flexion sur le texte \u00e9vang\u00e9lique du dimanche suivant, et plus encore.<a href=\"http:\/\/www.interbible.org\/\" target=\"_blank\" rel=\"noreferrer noopener\"><br>Acc\u00e8s au site&nbsp;<\/a><\/p>\n\n\n\n<p>\u25ba&nbsp;<strong>Enfin une Bonne Nouvelle<\/strong><br>Avec la collaboration d\u2019un ou d\u2019une bibliste, B\u00e9atrice Soltner propose le texte de l\u2019\u00e9vangile du dimanche, suivi d\u2019une r\u00e9flexion th\u00e9ologique et pastorale. Cette r\u00e9flexion est disponible \u00e0 partir du jeudi.<a href=\"https:\/\/rcf.fr\/spiritualite\/enfin-une-bonne-nouvelle\" target=\"_blank\" rel=\"noreferrer noopener\"><br>Acc\u00e8s aux \u00e9missions&nbsp;<\/a>(D&rsquo;une dur\u00e9e approximative de 25 minutes)<\/p>\n\n\n\n<p>\u25ba&nbsp;<strong>Les commentaires de Marie-No\u00eblle Thabut<\/strong><br>Marie-No\u00eblle pr\u00e9sente les commentaires th\u00e9ologiques des textes de chaque dimanche.<br>&nbsp; &nbsp; &nbsp; &nbsp; &nbsp; &nbsp;<a href=\"https:\/\/eglise.catholique.fr\/approfondir-sa-foi\/la-celebration-de-la-foi\/le-dimanche-jour-du-seigneur\/commentaires-de-marie-noelle-thabut\/\" target=\"_blank\" rel=\"noreferrer noopener\">\u2666 Lire le texte<\/a><br>&nbsp; &nbsp; &nbsp; &nbsp; &nbsp; &nbsp;<a href=\"https:\/\/www.ktotv.com\/emissions\/en-marche-vers-dimanche\" target=\"_blank\" rel=\"noreferrer noopener\">\u2666 \u00c9couter sur Youtube<\/a><\/p>\n\n\n\n<p><strong>TEXTES<\/strong><\/p>\n\n\n\n<p>\u25ba&nbsp;<a href=\"http:\/\/www.philosophie-poeme.com\/contes-de-noel-les-quatre-bougies-a121037930\" target=\"_blank\" rel=\"noreferrer noopener\">Les 4 bougies<\/a><\/p>\n\n\n\n<p>\u25ba&nbsp;<a href=\"http:\/\/www.evechedechicoutimi.qc.ca\/donnees\/media\/fichiers\/Communication%20-%20Chronique\/2018\/22%20decembre%20Fete%20de%20la%20victoire%20sur%20les%20tenebres.pdf\" target=\"_blank\" rel=\"noreferrer noopener\">F\u00eate de la victoire de la lumi\u00e8re sur les t\u00e9n\u00e8bres<\/a><\/p>\n\n\n\n<p>\u25ba&nbsp;<a href=\"http:\/\/evechedechicoutimi.qc.ca\/donnees\/media\/fichiers\/Communication%20-%20Chronique\/2019\/7%20decembre%20Etre%20seul%20a%20Noel.pdf\" target=\"_blank\" rel=\"noreferrer noopener\">\u00catre seul \u00e0 No\u00ebl&nbsp;<\/a>(Ce texte convient tr\u00e8s bien en ce temps de pand\u00e9mie)<\/p>\n\n\n\n<p>\u25ba&nbsp;<a href=\"http:\/\/evechedechicoutimi.qc.ca\/donnees\/media\/fichiers\/Communication%20-%20Chronique\/2019\/14%20decembre%20Qui%20est%20celui%20que%20nous%20fetons%20a%20Noel.pdf\" target=\"_blank\" rel=\"noreferrer noopener\">Qui est celui que nous f\u00eatons \u00e0 No\u00ebl ?<\/a><\/p>\n\n\n\n<p>\u25ba&nbsp;<a href=\"http:\/\/evechedechicoutimi.qc.ca\/donnees\/media\/fichiers\/Communication%20-%20Chronique\/2019\/21%20decembre%20Des%20tenebres%20a%20la%20lumiere.pdf\" target=\"_blank\" rel=\"noreferrer noopener\">Des t\u00e9n\u00e8bres \u00e0 la lumi\u00e8re<\/a><\/p>\n\n\n\n<p>\u25ba&nbsp;<a href=\"http:\/\/www.evechedechicoutimi.qc.ca\/donnees\/media\/fichiers\/Communication%20-%20Chronique\/2018\/29%20decembre%20Benediction%20du%20Jour%20de%20l'An.pdf\" target=\"_blank\" rel=\"noreferrer noopener\">B\u00e9n\u00e9diction du Jour de l&rsquo;An<\/a><\/p>\n\n\n\n<p>\u25ba&nbsp;<a rel=\"noreferrer noopener\" href=\"http:\/\/www.evechedechicoutimi.qc.ca\/donnees\/media\/fichiers\/Communication%20-%20Chronique\/2019\/5%20janvier%20A%20la%20recherche%20de%20quelle%20verite.pdf\" target=\"_blank\">\u00c0 la recherche de quelle v\u00e9rit\u00e9 ?<\/a><\/p>\n\n\n\n<figure class=\"wp-block-image size-large\"><img loading=\"lazy\" decoding=\"async\" width=\"1024\" height=\"643\" src=\"https:\/\/www.delasalle.qc.ca\/wp-content\/uploads\/2020\/11\/advent-1883840_1920-1024x643.jpg\" alt=\"\" class=\"wp-image-5314\" srcset=\"https:\/\/www.delasalle.qc.ca\/wp-content\/uploads\/2020\/11\/advent-1883840_1920-1024x643.jpg 1024w, https:\/\/www.delasalle.qc.ca\/wp-content\/uploads\/2020\/11\/advent-1883840_1920-300x188.jpg 300w, https:\/\/www.delasalle.qc.ca\/wp-content\/uploads\/2020\/11\/advent-1883840_1920-768x482.jpg 768w, https:\/\/www.delasalle.qc.ca\/wp-content\/uploads\/2020\/11\/advent-1883840_1920-1536x965.jpg 1536w, https:\/\/www.delasalle.qc.ca\/wp-content\/uploads\/2020\/11\/advent-1883840_1920.jpg 1920w\" sizes=\"auto, (max-width: 1024px) 100vw, 1024px\" \/><\/figure>\n","protected":false},"excerpt":{"rendered":"<p>Resources suppl\u00e9mentaires Vid\u00e9o clips de Robert Laurin: 1re semaine de l&rsquo;Avent 2023: 2e semaine de l&rsquo;Avent: Ressources pour l\u2019Avent propos\u00e9es par l\u2019\u00c9glise catholique au Saguenay-Lac St-Jean\u00a0: EN ROUTE VERS L\u2019AVENT \u25ba&nbsp;L&rsquo;abb\u00e9 Pierre Robitaille, vicaire \u00e0 la paroisse Notre-Dame de Qu\u00e9bec, explique en quelques mots ce qu&rsquo;est une ann\u00e9e liturgique.&nbsp; \u2666 Qu\u2019est-ce que l\u2019ann\u00e9e liturgique de&hellip;<\/p>\n","protected":false},"author":1,"featured_media":0,"parent":0,"menu_order":0,"comment_status":"closed","ping_status":"closed","template":"","meta":{"_bbp_topic_count":0,"_bbp_reply_count":0,"_bbp_total_topic_count":0,"_bbp_total_reply_count":0,"_bbp_voice_count":0,"_bbp_anonymous_reply_count":0,"_bbp_topic_count_hidden":0,"_bbp_reply_count_hidden":0,"_bbp_forum_subforum_count":0,"footnotes":""},"class_list":["post-6796","page","type-page","status-publish","hentry"],"_links":{"self":[{"href":"https:\/\/www.delasalle.qc.ca\/index.php?rest_route=\/wp\/v2\/pages\/6796","targetHints":{"allow":["GET"]}}],"collection":[{"href":"https:\/\/www.delasalle.qc.ca\/index.php?rest_route=\/wp\/v2\/pages"}],"about":[{"href":"https:\/\/www.delasalle.qc.ca\/index.php?rest_route=\/wp\/v2\/types\/page"}],"author":[{"embeddable":true,"href":"https:\/\/www.delasalle.qc.ca\/index.php?rest_route=\/wp\/v2\/users\/1"}],"replies":[{"embeddable":true,"href":"https:\/\/www.delasalle.qc.ca\/index.php?rest_route=%2Fwp%2Fv2%2Fcomments&post=6796"}],"version-history":[{"count":5,"href":"https:\/\/www.delasalle.qc.ca\/index.php?rest_route=\/wp\/v2\/pages\/6796\/revisions"}],"predecessor-version":[{"id":6862,"href":"https:\/\/www.delasalle.qc.ca\/index.php?rest_route=\/wp\/v2\/pages\/6796\/revisions\/6862"}],"wp:attachment":[{"href":"https:\/\/www.delasalle.qc.ca\/index.php?rest_route=%2Fwp%2Fv2%2Fmedia&parent=6796"}],"curies":[{"name":"wp","href":"https:\/\/api.w.org\/{rel}","templated":true}]}}