{"id":7553,"date":"2026-02-10T14:51:34","date_gmt":"2026-02-10T19:51:34","guid":{"rendered":"https:\/\/www.delasalle.qc.ca\/?page_id=7553"},"modified":"2026-02-10T15:54:10","modified_gmt":"2026-02-10T20:54:10","slug":"ressources-liturgiques","status":"publish","type":"page","link":"https:\/\/www.delasalle.qc.ca\/?page_id=7553","title":{"rendered":"Ressources liturgiques"},"content":{"rendered":"\n<p>Cette page contient toutes les ressources propos\u00e9es pour les diff\u00e9rents temps forts liturgiques de l&rsquo;ann\u00e9e, de m\u00eame que pour certaines des f\u00eates lasalliennes principales. Les d\u00e9marches de 2020, 2023 et 2024 ont \u00e9t\u00e9 compos\u00e9es par Denis de Villers.<\/p>\n\n\n\n<p><strong>F\u00eates de l&rsquo;\u00c9glise<\/strong><\/p>\n\n\n\n<p>Car\u00eame 2026<\/p>\n\n\n\n<ul class=\"wp-block-list\">\n<li><a href=\"https:\/\/devp.org\/fr\/campaign\/sur-la-voie-de-la-justice\/ressources-careme-2026\/\">Ressources de Caritas Canada<\/a><\/li>\n\n\n\n<li><a href=\"https:\/\/www.lejourduseigneur.com\/actualites\/careme-2026\">Ressources de Le Jour du Seigneur<\/a><\/li>\n\n\n\n<li><a href=\"https:\/\/detoxlaterre.ch\/\">Parcours D\u00e9tox&rsquo; la Terre<\/a><\/li>\n\n\n\n<li><a href=\"https:\/\/ecdq.org\/careme-de-partage-2026\/\">Campagne de l&rsquo;\u00c9glise catholique de Qu\u00e9bec<\/a><\/li>\n<\/ul>\n\n\n\n<p>Avent 2024<\/p>\n\n\n\n<ul class=\"wp-block-list\">\n<li><a href=\"https:\/\/www.delasalle.qc.ca\/?p=7300\">Premier dimanche<\/a><\/li>\n<\/ul>\n\n\n\n<p>Avent 2023<\/p>\n\n\n\n<ul class=\"wp-block-list\">\n<li><a href=\"https:\/\/www.delasalle.qc.ca\/?p=6788\">Premier dimanche<\/a><\/li>\n\n\n\n<li><a href=\"https:\/\/www.delasalle.qc.ca\/?p=6848\">Quatri\u00e8me dimanche<\/a><\/li>\n\n\n\n<li><a href=\"https:\/\/www.delasalle.qc.ca\/?page_id=6796\">Ressources suppl\u00e9mentaires<\/a><\/li>\n<\/ul>\n\n\n\n<p>Avent 2020<\/p>\n\n\n\n<ul class=\"wp-block-list\">\n<li><a href=\"https:\/\/www.delasalle.qc.ca\/?p=5279\">Premier dimanche<\/a><\/li>\n\n\n\n<li><a href=\"https:\/\/www.delasalle.qc.ca\/?page_id=5309\">Ressources suppl\u00e9mentaires<\/a><\/li>\n<\/ul>\n\n\n\n<p><a href=\"https:\/\/www.delasalle.qc.ca\/wp-content\/uploads\/2017\/11\/fiches-careme.pdf\">Compilation de ressources du District de France pour le Car\u00eame 2006-2011<\/a><\/p>\n\n\n\n<p><a href=\"https:\/\/www.delasalle.qc.ca\/wp-content\/uploads\/2017\/11\/fiches-paques.pdf\">Compilation de ressources du District de France pour P\u00e2ques 2006-2011<\/a><\/p>\n\n\n\n<p><strong>F\u00eates lasalliennes<\/strong><\/p>\n\n\n\n<p>F\u00eate de San Miguel, 9 f\u00e9vrier<\/p>\n\n\n\n<ul class=\"wp-block-list\">\n<li><a href=\"https:\/\/www.lasalle.org\/fr\/san-miguel-febres-cordero-educateur-catechiste-et-erudit-2\/\">Biographie<\/a><\/li>\n\n\n\n<li><a href=\"https:\/\/www.youtube.com\/watch?v=qZ5daQ8r5GI\">Vid\u00e9o<\/a><\/li>\n<\/ul>\n\n\n\n<p><\/p>\n","protected":false},"excerpt":{"rendered":"<p>Cette page contient toutes les ressources propos\u00e9es pour les diff\u00e9rents temps forts liturgiques de l&rsquo;ann\u00e9e, de m\u00eame que pour certaines des f\u00eates lasalliennes principales. Les d\u00e9marches de 2020, 2023 et 2024 ont \u00e9t\u00e9 compos\u00e9es par Denis de Villers. F\u00eates de l&rsquo;\u00c9glise Car\u00eame 2026 Avent 2024 Avent 2023 Avent 2020 Compilation de ressources du District de&hellip;<\/p>\n","protected":false},"author":26,"featured_media":0,"parent":0,"menu_order":0,"comment_status":"closed","ping_status":"closed","template":"","meta":{"_bbp_topic_count":0,"_bbp_reply_count":0,"_bbp_total_topic_count":0,"_bbp_total_reply_count":0,"_bbp_voice_count":0,"_bbp_anonymous_reply_count":0,"_bbp_topic_count_hidden":0,"_bbp_reply_count_hidden":0,"_bbp_forum_subforum_count":0,"footnotes":""},"class_list":["post-7553","page","type-page","status-publish","hentry"],"_links":{"self":[{"href":"https:\/\/www.delasalle.qc.ca\/index.php?rest_route=\/wp\/v2\/pages\/7553","targetHints":{"allow":["GET"]}}],"collection":[{"href":"https:\/\/www.delasalle.qc.ca\/index.php?rest_route=\/wp\/v2\/pages"}],"about":[{"href":"https:\/\/www.delasalle.qc.ca\/index.php?rest_route=\/wp\/v2\/types\/page"}],"author":[{"embeddable":true,"href":"https:\/\/www.delasalle.qc.ca\/index.php?rest_route=\/wp\/v2\/users\/26"}],"replies":[{"embeddable":true,"href":"https:\/\/www.delasalle.qc.ca\/index.php?rest_route=%2Fwp%2Fv2%2Fcomments&post=7553"}],"version-history":[{"count":6,"href":"https:\/\/www.delasalle.qc.ca\/index.php?rest_route=\/wp\/v2\/pages\/7553\/revisions"}],"predecessor-version":[{"id":7566,"href":"https:\/\/www.delasalle.qc.ca\/index.php?rest_route=\/wp\/v2\/pages\/7553\/revisions\/7566"}],"wp:attachment":[{"href":"https:\/\/www.delasalle.qc.ca\/index.php?rest_route=%2Fwp%2Fv2%2Fmedia&parent=7553"}],"curies":[{"name":"wp","href":"https:\/\/api.w.org\/{rel}","templated":true}]}}